{"id":10804,"date":"2022-03-10T12:34:57","date_gmt":"2022-12-05T09:51:11","guid":{"rendered":"https:\/\/www.berlitzbratislava.sk\/produkt\/online-group-german-course-for-children-with-berlitz-germany\/"},"modified":"2025-03-22T20:53:08","modified_gmt":"2025-03-22T19:53:08","slug":"online-group-course-for-children-with-berlitz-germany","status":"publish","type":"product","link":"https:\/\/www.berlitzbratislava.sk\/en\/produkt\/online-group-course-for-children-with-berlitz-germany\/","title":{"rendered":"ONLINE GROUP GERMAN COURSE FOR CHILDREN WITH BERLITZ GERMANY"},"content":{"rendered":"<div><\/div>\n<div><strong>ONLINE GROUP GERMAN COURSE FOR CHILDREN WITH BERLITZ GERMANY AND THEIR NATIVE LECTURERS.<\/strong><\/div>\n<div>Improve your children&#8217;s language skills and let them have fun through various activities &#8211; thanks to our online group courses in cooperation with Berlitz Germany.<\/div>\n<div>The course focuses on grammar or conversation.<\/div>\n<div>The courses are held once a week in the early evening hours and are led by native speakers from Germany.<\/div>\n<div>Division of children into groups according to age: 4-7 years, 8-11 years, 12-15 years, 16-18 years<\/div>\n<div><\/div>\n<div><strong>6-month language course (4 &#8211; 7 years of age)<\/strong> consists of 20 sessions of 45 min lessons = \u20ac392<\/div>\n<div><strong>6-month language course<\/strong> consists of 40 sessions of 45 min lessons + course material = \u20ac659<\/div>\n<div><strong>12-month language course<\/strong> consists of 80 sessions of 45 min lessons + course material = \u20ac1079<\/div>\n<div><\/div>\n<div><span style=\"font-size: 75%\">Courses cannot be purchased through our e-shop.<\/span><\/div>\n","protected":false},"excerpt":{"rendered":"<p><strong>ONLINE GROUP GERMAN COURSE FOR CHILDREN WITH BERLITZ GERMANY <\/strong><\/p>\n<ul>\n<li>Children can builds new friendships with students from all over the world.<\/li>\n<li>Small interactive group of 4 \u2013 6 children.<\/li>\n<li>Distribution by age: 4 \u2013 7 years, 8 \u2013 11 years, 12 -15 years, 16 -18 years<\/li>\n<li>Lessons take place once a week in the early evening (1 x 90 min or 1 x 45 min).<\/li>\n<li>The length of the course is 6 or 12 months, groups start every month.<\/li>\n<li><strong>German native lecturers<\/strong> from Berlitz Germany.<\/li>\n<li>Lessons are focused on conversation or grammar.<\/li>\n<\/ul>\n<p><span lang=\"sk\">Online language group courses led by foreign Berlitz lecturers provide a truly unique learning experience by incorporating live courses into the online curriculum. <\/span>Online language groups combine innovative and established language teaching techniques with a modern customizable online learning portal that allows every child to get the most out of their course. They are led using the renowned Berlitz method, which is the first known direct teaching method, and which has proven to be the fastest language teaching method available, conducted in the target language.<\/p>\n<div class=\"message-box relative dark\" style=\"padding-top:15px;padding-bottom:15px;\"><div class=\"message-box-bg-image bg-fill fill\" style=\"background-image:url(#3b5dab);\"><\/div><div class=\"message-box-bg-overlay bg-fill fill\" ><\/div><div class=\"container relative\"><div class=\"inner last-reset\"> For more information about dates and prices, please contact:<br \/>\nJohana Hermannov\u00e1<br \/>\nPhone: +421 904 845 374<br \/>\ne-mail: hermannova@berlitzbratislava.sk <\/div><\/div><\/div>\n<p>&nbsp;<\/p>\n","protected":false},"featured_media":8425,"comment_status":"open","ping_status":"closed","template":"","meta":[],"product_brand":[],"product_cat":[278,185],"product_tag":[],"class_list":{"0":"post-10804","1":"product","2":"type-product","3":"status-publish","4":"has-post-thumbnail","6":"product_cat-group-language-courses","7":"product_cat-kids-and-youth","8":"pa_forma-vyucby-online-en","9":"pa_jazyk-german","10":"pa_lektor-native-speaker-en","11":"pa_sposob-vyucby-group","13":"first","14":"instock","15":"taxable","16":"shipping-taxable","17":"product-type-variable"},"yoast_head":"<!-- This site is optimized with the Yoast SEO plugin v27.4 - https:\/\/yoast.com\/product\/yoast-seo-wordpress\/ -->\n<title>German Language Course for Children with Native Speakers<\/title>\n<meta name=\"description\" content=\"ONLINE GROUP GERMAN COURSE FOR CHILDREN WITH BERLITZ GERMANY. Online German courses. Fast German. native speakers. Online German course.\" \/>\n<meta name=\"robots\" content=\"index, follow, max-snippet:-1, max-image-preview:large, max-video-preview:-1\" \/>\n<link rel=\"canonical\" href=\"https:\/\/www.berlitzbratislava.sk\/en\/produkt\/online-group-course-for-children-with-berlitz-germany\/\" \/>\n<meta property=\"og:locale\" content=\"en_US\" \/>\n<meta property=\"og:type\" content=\"article\" \/>\n<meta property=\"og:title\" content=\"German Language Course for Children with Native Speakers\" \/>\n<meta property=\"og:description\" content=\"ONLINE GROUP GERMAN COURSE FOR CHILDREN WITH BERLITZ GERMANY. Online German courses. Fast German. native speakers. Online German course.\" \/>\n<meta property=\"og:url\" content=\"https:\/\/www.berlitzbratislava.sk\/en\/produkt\/online-group-course-for-children-with-berlitz-germany\/\" \/>\n<meta property=\"og:site_name\" content=\"berlitzbratislava.sk\" \/>\n<meta property=\"article:publisher\" content=\"https:\/\/www.facebook.com\/BerlitzBratislava\/\" \/>\n<meta property=\"article:modified_time\" content=\"2025-03-22T19:53:08+00:00\" \/>\n<meta property=\"og:image\" content=\"https:\/\/www.berlitzbratislava.sk\/wp-content\/uploads\/banner_1.jpg\" \/>\n\t<meta property=\"og:image:width\" content=\"947\" \/>\n\t<meta property=\"og:image:height\" content=\"716\" \/>\n\t<meta property=\"og:image:type\" content=\"image\/jpeg\" \/>\n<meta name=\"twitter:card\" content=\"summary_large_image\" \/>\n<meta name=\"twitter:label1\" content=\"Est. reading time\" \/>\n\t<meta name=\"twitter:data1\" content=\"1 minute\" \/>\n<script type=\"application\/ld+json\" class=\"yoast-schema-graph\">{\"@context\":\"https:\\\/\\\/schema.org\",\"@graph\":[{\"@type\":\"WebPage\",\"@id\":\"https:\\\/\\\/www.berlitzbratislava.sk\\\/en\\\/produkt\\\/online-group-course-for-children-with-berlitz-germany\\\/\",\"url\":\"https:\\\/\\\/www.berlitzbratislava.sk\\\/en\\\/produkt\\\/online-group-course-for-children-with-berlitz-germany\\\/\",\"name\":\"German Language Course for Children with Native Speakers\",\"isPartOf\":{\"@id\":\"https:\\\/\\\/www.berlitzbratislava.sk\\\/en\\\/#website\"},\"primaryImageOfPage\":{\"@id\":\"https:\\\/\\\/www.berlitzbratislava.sk\\\/en\\\/produkt\\\/online-group-course-for-children-with-berlitz-germany\\\/#primaryimage\"},\"image\":{\"@id\":\"https:\\\/\\\/www.berlitzbratislava.sk\\\/en\\\/produkt\\\/online-group-course-for-children-with-berlitz-germany\\\/#primaryimage\"},\"thumbnailUrl\":\"https:\\\/\\\/www.berlitzbratislava.sk\\\/wp-content\\\/uploads\\\/banner_1.jpg\",\"datePublished\":\"2022-12-05T09:51:11+00:00\",\"dateModified\":\"2025-03-22T19:53:08+00:00\",\"description\":\"ONLINE GROUP GERMAN COURSE FOR CHILDREN WITH BERLITZ GERMANY. Online German courses. Fast German. native speakers. Online German course.\",\"breadcrumb\":{\"@id\":\"https:\\\/\\\/www.berlitzbratislava.sk\\\/en\\\/produkt\\\/online-group-course-for-children-with-berlitz-germany\\\/#breadcrumb\"},\"inLanguage\":\"en-US\",\"potentialAction\":[{\"@type\":\"ReadAction\",\"target\":[\"https:\\\/\\\/www.berlitzbratislava.sk\\\/en\\\/produkt\\\/online-group-course-for-children-with-berlitz-germany\\\/\"]}]},{\"@type\":\"ImageObject\",\"inLanguage\":\"en-US\",\"@id\":\"https:\\\/\\\/www.berlitzbratislava.sk\\\/en\\\/produkt\\\/online-group-course-for-children-with-berlitz-germany\\\/#primaryimage\",\"url\":\"https:\\\/\\\/www.berlitzbratislava.sk\\\/wp-content\\\/uploads\\\/banner_1.jpg\",\"contentUrl\":\"https:\\\/\\\/www.berlitzbratislava.sk\\\/wp-content\\\/uploads\\\/banner_1.jpg\",\"width\":947,\"height\":716,\"caption\":\"KURZ NEM\u010cINY DETI ONLINE\"},{\"@type\":\"BreadcrumbList\",\"@id\":\"https:\\\/\\\/www.berlitzbratislava.sk\\\/en\\\/produkt\\\/online-group-course-for-children-with-berlitz-germany\\\/#breadcrumb\",\"itemListElement\":[{\"@type\":\"ListItem\",\"position\":1,\"name\":\"Home\",\"item\":\"https:\\\/\\\/www.berlitzbratislava.sk\\\/en\\\/why-berlitz\\\/\"},{\"@type\":\"ListItem\",\"position\":2,\"name\":\"Courses &amp; Eshop\",\"item\":\"https:\\\/\\\/www.berlitzbratislava.sk\\\/shop\\\/?lang=en\"},{\"@type\":\"ListItem\",\"position\":3,\"name\":\"ONLINE GROUP GERMAN COURSE FOR CHILDREN WITH BERLITZ GERMANY\"}]},{\"@type\":\"WebSite\",\"@id\":\"https:\\\/\\\/www.berlitzbratislava.sk\\\/en\\\/#website\",\"url\":\"https:\\\/\\\/www.berlitzbratislava.sk\\\/en\\\/\",\"name\":\"berlitzbratislava.sk\",\"description\":\"Pom\u00f4\u017eeme V\u00e1m z\u00edska\u0165 jazykov\u00e9 sebavedomie, skr\u00e1\u0165te si cestu k nov\u00fdm mo\u017enostiam s Berlitz.\",\"publisher\":{\"@id\":\"https:\\\/\\\/www.berlitzbratislava.sk\\\/en\\\/#organization\"},\"potentialAction\":[{\"@type\":\"SearchAction\",\"target\":{\"@type\":\"EntryPoint\",\"urlTemplate\":\"https:\\\/\\\/www.berlitzbratislava.sk\\\/en\\\/?s={search_term_string}\"},\"query-input\":{\"@type\":\"PropertyValueSpecification\",\"valueRequired\":true,\"valueName\":\"search_term_string\"}}],\"inLanguage\":\"en-US\"},{\"@type\":\"Organization\",\"@id\":\"https:\\\/\\\/www.berlitzbratislava.sk\\\/en\\\/#organization\",\"name\":\"Blue Elephant, s.r.o.\",\"url\":\"https:\\\/\\\/www.berlitzbratislava.sk\\\/en\\\/\",\"logo\":{\"@type\":\"ImageObject\",\"inLanguage\":\"en-US\",\"@id\":\"https:\\\/\\\/www.berlitzbratislava.sk\\\/en\\\/#\\\/schema\\\/logo\\\/image\\\/\",\"url\":\"https:\\\/\\\/www.berlitzbratislava.sk\\\/wp-content\\\/uploads\\\/berlitz-logo_nopill-blue.svg\",\"contentUrl\":\"https:\\\/\\\/www.berlitzbratislava.sk\\\/wp-content\\\/uploads\\\/berlitz-logo_nopill-blue.svg\",\"width\":1,\"height\":1,\"caption\":\"Blue Elephant, s.r.o.\"},\"image\":{\"@id\":\"https:\\\/\\\/www.berlitzbratislava.sk\\\/en\\\/#\\\/schema\\\/logo\\\/image\\\/\"},\"sameAs\":[\"https:\\\/\\\/www.facebook.com\\\/BerlitzBratislava\\\/\",\"https:\\\/\\\/www.instagram.com\\\/berlitzbratislava\\\/\",\"https:\\\/\\\/sk.linkedin.com\\\/in\\\/berlitz-bratislava-603502184\"]}]}<\/script>\n<!-- \/ Yoast SEO plugin. -->","yoast_head_json":{"title":"German Language Course for Children with Native Speakers","description":"ONLINE GROUP GERMAN COURSE FOR CHILDREN WITH BERLITZ GERMANY. Online German courses. Fast German. native speakers. Online German course.","robots":{"index":"index","follow":"follow","max-snippet":"max-snippet:-1","max-image-preview":"max-image-preview:large","max-video-preview":"max-video-preview:-1"},"canonical":"https:\/\/www.berlitzbratislava.sk\/en\/produkt\/online-group-course-for-children-with-berlitz-germany\/","og_locale":"en_US","og_type":"article","og_title":"German Language Course for Children with Native Speakers","og_description":"ONLINE GROUP GERMAN COURSE FOR CHILDREN WITH BERLITZ GERMANY. Online German courses. Fast German. native speakers. Online German course.","og_url":"https:\/\/www.berlitzbratislava.sk\/en\/produkt\/online-group-course-for-children-with-berlitz-germany\/","og_site_name":"berlitzbratislava.sk","article_publisher":"https:\/\/www.facebook.com\/BerlitzBratislava\/","article_modified_time":"2025-03-22T19:53:08+00:00","og_image":[{"width":947,"height":716,"url":"https:\/\/www.berlitzbratislava.sk\/wp-content\/uploads\/banner_1.jpg","type":"image\/jpeg"}],"twitter_card":"summary_large_image","twitter_misc":{"Est. reading time":"1 minute"},"schema":{"@context":"https:\/\/schema.org","@graph":[{"@type":"WebPage","@id":"https:\/\/www.berlitzbratislava.sk\/en\/produkt\/online-group-course-for-children-with-berlitz-germany\/","url":"https:\/\/www.berlitzbratislava.sk\/en\/produkt\/online-group-course-for-children-with-berlitz-germany\/","name":"German Language Course for Children with Native Speakers","isPartOf":{"@id":"https:\/\/www.berlitzbratislava.sk\/en\/#website"},"primaryImageOfPage":{"@id":"https:\/\/www.berlitzbratislava.sk\/en\/produkt\/online-group-course-for-children-with-berlitz-germany\/#primaryimage"},"image":{"@id":"https:\/\/www.berlitzbratislava.sk\/en\/produkt\/online-group-course-for-children-with-berlitz-germany\/#primaryimage"},"thumbnailUrl":"https:\/\/www.berlitzbratislava.sk\/wp-content\/uploads\/banner_1.jpg","datePublished":"2022-12-05T09:51:11+00:00","dateModified":"2025-03-22T19:53:08+00:00","description":"ONLINE GROUP GERMAN COURSE FOR CHILDREN WITH BERLITZ GERMANY. Online German courses. Fast German. native speakers. Online German course.","breadcrumb":{"@id":"https:\/\/www.berlitzbratislava.sk\/en\/produkt\/online-group-course-for-children-with-berlitz-germany\/#breadcrumb"},"inLanguage":"en-US","potentialAction":[{"@type":"ReadAction","target":["https:\/\/www.berlitzbratislava.sk\/en\/produkt\/online-group-course-for-children-with-berlitz-germany\/"]}]},{"@type":"ImageObject","inLanguage":"en-US","@id":"https:\/\/www.berlitzbratislava.sk\/en\/produkt\/online-group-course-for-children-with-berlitz-germany\/#primaryimage","url":"https:\/\/www.berlitzbratislava.sk\/wp-content\/uploads\/banner_1.jpg","contentUrl":"https:\/\/www.berlitzbratislava.sk\/wp-content\/uploads\/banner_1.jpg","width":947,"height":716,"caption":"KURZ NEM\u010cINY DETI ONLINE"},{"@type":"BreadcrumbList","@id":"https:\/\/www.berlitzbratislava.sk\/en\/produkt\/online-group-course-for-children-with-berlitz-germany\/#breadcrumb","itemListElement":[{"@type":"ListItem","position":1,"name":"Home","item":"https:\/\/www.berlitzbratislava.sk\/en\/why-berlitz\/"},{"@type":"ListItem","position":2,"name":"Courses &amp; Eshop","item":"https:\/\/www.berlitzbratislava.sk\/shop\/?lang=en"},{"@type":"ListItem","position":3,"name":"ONLINE GROUP GERMAN COURSE FOR CHILDREN WITH BERLITZ GERMANY"}]},{"@type":"WebSite","@id":"https:\/\/www.berlitzbratislava.sk\/en\/#website","url":"https:\/\/www.berlitzbratislava.sk\/en\/","name":"berlitzbratislava.sk","description":"Pom\u00f4\u017eeme V\u00e1m z\u00edska\u0165 jazykov\u00e9 sebavedomie, skr\u00e1\u0165te si cestu k nov\u00fdm mo\u017enostiam s Berlitz.","publisher":{"@id":"https:\/\/www.berlitzbratislava.sk\/en\/#organization"},"potentialAction":[{"@type":"SearchAction","target":{"@type":"EntryPoint","urlTemplate":"https:\/\/www.berlitzbratislava.sk\/en\/?s={search_term_string}"},"query-input":{"@type":"PropertyValueSpecification","valueRequired":true,"valueName":"search_term_string"}}],"inLanguage":"en-US"},{"@type":"Organization","@id":"https:\/\/www.berlitzbratislava.sk\/en\/#organization","name":"Blue Elephant, s.r.o.","url":"https:\/\/www.berlitzbratislava.sk\/en\/","logo":{"@type":"ImageObject","inLanguage":"en-US","@id":"https:\/\/www.berlitzbratislava.sk\/en\/#\/schema\/logo\/image\/","url":"https:\/\/www.berlitzbratislava.sk\/wp-content\/uploads\/berlitz-logo_nopill-blue.svg","contentUrl":"https:\/\/www.berlitzbratislava.sk\/wp-content\/uploads\/berlitz-logo_nopill-blue.svg","width":1,"height":1,"caption":"Blue Elephant, s.r.o."},"image":{"@id":"https:\/\/www.berlitzbratislava.sk\/en\/#\/schema\/logo\/image\/"},"sameAs":["https:\/\/www.facebook.com\/BerlitzBratislava\/","https:\/\/www.instagram.com\/berlitzbratislava\/","https:\/\/sk.linkedin.com\/in\/berlitz-bratislava-603502184"]}]}},"_links":{"self":[{"href":"https:\/\/www.berlitzbratislava.sk\/en\/wp-json\/wp\/v2\/product\/10804","targetHints":{"allow":["GET"]}}],"collection":[{"href":"https:\/\/www.berlitzbratislava.sk\/en\/wp-json\/wp\/v2\/product"}],"about":[{"href":"https:\/\/www.berlitzbratislava.sk\/en\/wp-json\/wp\/v2\/types\/product"}],"replies":[{"embeddable":true,"href":"https:\/\/www.berlitzbratislava.sk\/en\/wp-json\/wp\/v2\/comments?post=10804"}],"wp:featuredmedia":[{"embeddable":true,"href":"https:\/\/www.berlitzbratislava.sk\/en\/wp-json\/wp\/v2\/media\/8425"}],"wp:attachment":[{"href":"https:\/\/www.berlitzbratislava.sk\/en\/wp-json\/wp\/v2\/media?parent=10804"}],"wp:term":[{"taxonomy":"product_brand","embeddable":true,"href":"https:\/\/www.berlitzbratislava.sk\/en\/wp-json\/wp\/v2\/product_brand?post=10804"},{"taxonomy":"product_cat","embeddable":true,"href":"https:\/\/www.berlitzbratislava.sk\/en\/wp-json\/wp\/v2\/product_cat?post=10804"},{"taxonomy":"product_tag","embeddable":true,"href":"https:\/\/www.berlitzbratislava.sk\/en\/wp-json\/wp\/v2\/product_tag?post=10804"}],"curies":[{"name":"wp","href":"https:\/\/api.w.org\/{rel}","templated":true}]}}