{"id":10808,"date":"2022-10-31T14:46:45","date_gmt":"2022-10-31T13:46:45","guid":{"rendered":"https:\/\/www.berlitzbratislava.sk\/produkt\/workshop-online\/"},"modified":"2023-02-03T16:09:25","modified_gmt":"2023-02-03T15:09:25","slug":"online-kids-workshop","status":"publish","type":"product","link":"https:\/\/www.berlitzbratislava.sk\/en\/produkt\/online-kids-workshop\/","title":{"rendered":"ONLINE WORKSHOP <br\/>"},"content":{"rendered":"<p><strong>ONLINE KIDS&#8217; WORKSHOP<\/strong> is intended for children from 5 to 11 years of age and takes place on weekends with our TOP lecturers.<\/p>\n<p>Teaching takes place <strong>ONLINE<\/strong> via the Zoom application.<\/p>\n<p>Why enrol your child in our workshop?<\/p>\n<ul>\n<li>Communication exclusively in the English language &#8211; without fear or anxiety. Children will experience learning in a fun way. <\/li>\n<li>The workshop is led by certified and experienced Berlitz lecturers, including \u201cnative speakers\u201d<\/li>\n<li>We use the very effective Berlitz method when teaching.<\/li>\n<li><strong>Teaching<\/strong> takes place <strong>in small groups<\/strong> of max. 8 children. <\/li>\n<li>The workshop is held on weekends.<\/li>\n<\/ul>\n<p>&nbsp;<\/p>\n<p>For further information, please contact:<\/p>\n<p><strong>Johana Hermannov\u00e1<\/strong><br \/>\n<strong>Phone: +421 904 845 374<\/strong><br \/>\n<strong>e-mail:<\/strong> <strong>hermannova@berlitzbratislava.sk<\/strong><\/p>\n<p>&nbsp;<\/p>\n<p><em>You can find the conditions in the <\/em><a href=\"https:\/\/www.berlitzbratislava.sk\/general-terms-and-conditions\/?lang=en\"><em>General Terms and Conditions.<\/em><\/a><\/p>\n<p>Our <strong>BERLITZ<\/strong> brand was awarded the <a href=\"https:\/\/www.slovaksuperbrands.com\/#prettyPhoto\/0\/\">Superbrands Slovakia award for 2022<\/a> by Slovak consumers and an expert jury, making it one of the most successful B2C brands in the Slovak Republic. <strong>Thank you for helping us build our brand.<\/strong> <\/p>\n","protected":false},"excerpt":{"rendered":"<ul>\n<li><strong>LANGUAGE:<\/strong> English<\/li>\n<li><strong>Number of<\/strong> <strong>lessons:<\/strong> 1<\/li>\n<li><strong>Lesson duration: <\/strong>90 min.<\/li>\n<li><strong>Course start : <\/strong>February 2023<\/li>\n<li><strong>Course intensity: <\/strong>1 x 90 min. always on Saturdays<\/li>\n<li><strong>Dates and topics: <\/strong><\/li>\n<li>4.2. 2023 10:30am till noon &#8211; <em>Winter sports and activities<\/em><\/li>\n<li>4.3. 2023 10:30am till noon &#8211; <em>The beauty of Slovakia<\/em><\/li>\n<li>1.4. 2023 10:30am till noon &#8211; <em>Easter traditions around the world<\/em><\/li>\n<li><strong>Number of students:<\/strong> 3 \u2013 8 students<\/li>\n<li><strong>Lecturer:<\/strong>Native speaker<\/li>\n<\/ul>\n<p>&nbsp;<\/p>\n","protected":false},"featured_media":12381,"comment_status":"open","ping_status":"closed","template":"","meta":[],"product_brand":[],"product_cat":[278,185,287],"product_tag":[],"class_list":{"0":"post-10808","1":"product","2":"type-product","3":"status-publish","4":"has-post-thumbnail","6":"product_cat-group-language-courses","7":"product_cat-kids-and-youth","8":"product_cat-workshops-and-camps","9":"pa_forma-vyucby-online-en","10":"pa_jazyk-english-en","11":"pa_lektor-native-speaker-en","12":"pa_sposob-vyucby-group","14":"first","15":"instock","16":"sale","17":"taxable","18":"shipping-taxable","19":"purchasable","20":"product-type-variable"},"yoast_head":"<!-- This site is optimized with the Yoast SEO plugin v27.4 - https:\/\/yoast.com\/product\/yoast-seo-wordpress\/ -->\n<title>ONLINE WORKSHOP &nbsp; - berlitzbratislava.sk<\/title>\n<meta name=\"description\" content=\"The Online Kids\u2019 workshop is suitable for children from 5 years of age onwards. Fun topics, learning through play, speaking in English without fear or anxiety.\" \/>\n<meta name=\"robots\" content=\"index, follow, max-snippet:-1, max-image-preview:large, max-video-preview:-1\" \/>\n<link rel=\"canonical\" href=\"https:\/\/www.berlitzbratislava.sk\/en\/produkt\/online-kids-workshop\/\" \/>\n<meta property=\"og:locale\" content=\"en_US\" \/>\n<meta property=\"og:type\" content=\"article\" \/>\n<meta property=\"og:title\" content=\"ONLINE WORKSHOP &nbsp; - berlitzbratislava.sk\" \/>\n<meta property=\"og:description\" content=\"The Online Kids\u2019 workshop is suitable for children from 5 years of age onwards. Fun topics, learning through play, speaking in English without fear or anxiety.\" \/>\n<meta property=\"og:url\" content=\"https:\/\/www.berlitzbratislava.sk\/en\/produkt\/online-kids-workshop\/\" \/>\n<meta property=\"og:site_name\" content=\"berlitzbratislava.sk\" \/>\n<meta property=\"article:publisher\" content=\"https:\/\/www.facebook.com\/BerlitzBratislava\/\" \/>\n<meta property=\"article:modified_time\" content=\"2023-02-03T15:09:25+00:00\" \/>\n<meta property=\"og:image\" content=\"https:\/\/www.berlitzbratislava.sk\/wp-content\/uploads\/IMG_1269-002.jpg\" \/>\n\t<meta property=\"og:image:width\" content=\"1080\" \/>\n\t<meta property=\"og:image:height\" content=\"1080\" \/>\n\t<meta property=\"og:image:type\" content=\"image\/jpeg\" \/>\n<meta name=\"twitter:card\" content=\"summary_large_image\" \/>\n<meta name=\"twitter:label1\" content=\"Est. reading time\" \/>\n\t<meta name=\"twitter:data1\" content=\"1 minute\" \/>\n<script type=\"application\/ld+json\" class=\"yoast-schema-graph\">{\"@context\":\"https:\\\/\\\/schema.org\",\"@graph\":[{\"@type\":\"WebPage\",\"@id\":\"https:\\\/\\\/www.berlitzbratislava.sk\\\/en\\\/produkt\\\/online-kids-workshop\\\/\",\"url\":\"https:\\\/\\\/www.berlitzbratislava.sk\\\/en\\\/produkt\\\/online-kids-workshop\\\/\",\"name\":\"ONLINE WORKSHOP &nbsp; - berlitzbratislava.sk\",\"isPartOf\":{\"@id\":\"https:\\\/\\\/www.berlitzbratislava.sk\\\/en\\\/#website\"},\"primaryImageOfPage\":{\"@id\":\"https:\\\/\\\/www.berlitzbratislava.sk\\\/en\\\/produkt\\\/online-kids-workshop\\\/#primaryimage\"},\"image\":{\"@id\":\"https:\\\/\\\/www.berlitzbratislava.sk\\\/en\\\/produkt\\\/online-kids-workshop\\\/#primaryimage\"},\"thumbnailUrl\":\"https:\\\/\\\/www.berlitzbratislava.sk\\\/wp-content\\\/uploads\\\/IMG_1269-002.jpg\",\"datePublished\":\"2022-10-31T13:46:45+00:00\",\"dateModified\":\"2023-02-03T15:09:25+00:00\",\"description\":\"The Online Kids\u2019 workshop is suitable for children from 5 years of age onwards. Fun topics, learning through play, speaking in English without fear or anxiety.\",\"breadcrumb\":{\"@id\":\"https:\\\/\\\/www.berlitzbratislava.sk\\\/en\\\/produkt\\\/online-kids-workshop\\\/#breadcrumb\"},\"inLanguage\":\"en-US\",\"potentialAction\":[{\"@type\":\"ReadAction\",\"target\":[\"https:\\\/\\\/www.berlitzbratislava.sk\\\/en\\\/produkt\\\/online-kids-workshop\\\/\"]}]},{\"@type\":\"ImageObject\",\"inLanguage\":\"en-US\",\"@id\":\"https:\\\/\\\/www.berlitzbratislava.sk\\\/en\\\/produkt\\\/online-kids-workshop\\\/#primaryimage\",\"url\":\"https:\\\/\\\/www.berlitzbratislava.sk\\\/wp-content\\\/uploads\\\/IMG_1269-002.jpg\",\"contentUrl\":\"https:\\\/\\\/www.berlitzbratislava.sk\\\/wp-content\\\/uploads\\\/IMG_1269-002.jpg\",\"width\":1080,\"height\":1080,\"caption\":\"Workshop cudzie jazyky prezen\u010dne\"},{\"@type\":\"BreadcrumbList\",\"@id\":\"https:\\\/\\\/www.berlitzbratislava.sk\\\/en\\\/produkt\\\/online-kids-workshop\\\/#breadcrumb\",\"itemListElement\":[{\"@type\":\"ListItem\",\"position\":1,\"name\":\"Home\",\"item\":\"https:\\\/\\\/www.berlitzbratislava.sk\\\/en\\\/why-berlitz\\\/\"},{\"@type\":\"ListItem\",\"position\":2,\"name\":\"Courses &amp; Eshop\",\"item\":\"https:\\\/\\\/www.berlitzbratislava.sk\\\/shop\\\/?lang=en\"},{\"@type\":\"ListItem\",\"position\":3,\"name\":\"ONLINE WORKSHOP\"}]},{\"@type\":\"WebSite\",\"@id\":\"https:\\\/\\\/www.berlitzbratislava.sk\\\/en\\\/#website\",\"url\":\"https:\\\/\\\/www.berlitzbratislava.sk\\\/en\\\/\",\"name\":\"berlitzbratislava.sk\",\"description\":\"Pom\u00f4\u017eeme V\u00e1m z\u00edska\u0165 jazykov\u00e9 sebavedomie, skr\u00e1\u0165te si cestu k nov\u00fdm mo\u017enostiam s Berlitz.\",\"publisher\":{\"@id\":\"https:\\\/\\\/www.berlitzbratislava.sk\\\/en\\\/#organization\"},\"potentialAction\":[{\"@type\":\"SearchAction\",\"target\":{\"@type\":\"EntryPoint\",\"urlTemplate\":\"https:\\\/\\\/www.berlitzbratislava.sk\\\/en\\\/?s={search_term_string}\"},\"query-input\":{\"@type\":\"PropertyValueSpecification\",\"valueRequired\":true,\"valueName\":\"search_term_string\"}}],\"inLanguage\":\"en-US\"},{\"@type\":\"Organization\",\"@id\":\"https:\\\/\\\/www.berlitzbratislava.sk\\\/en\\\/#organization\",\"name\":\"Blue Elephant, s.r.o.\",\"url\":\"https:\\\/\\\/www.berlitzbratislava.sk\\\/en\\\/\",\"logo\":{\"@type\":\"ImageObject\",\"inLanguage\":\"en-US\",\"@id\":\"https:\\\/\\\/www.berlitzbratislava.sk\\\/en\\\/#\\\/schema\\\/logo\\\/image\\\/\",\"url\":\"https:\\\/\\\/www.berlitzbratislava.sk\\\/wp-content\\\/uploads\\\/berlitz-logo_nopill-blue.svg\",\"contentUrl\":\"https:\\\/\\\/www.berlitzbratislava.sk\\\/wp-content\\\/uploads\\\/berlitz-logo_nopill-blue.svg\",\"width\":1,\"height\":1,\"caption\":\"Blue Elephant, s.r.o.\"},\"image\":{\"@id\":\"https:\\\/\\\/www.berlitzbratislava.sk\\\/en\\\/#\\\/schema\\\/logo\\\/image\\\/\"},\"sameAs\":[\"https:\\\/\\\/www.facebook.com\\\/BerlitzBratislava\\\/\",\"https:\\\/\\\/www.instagram.com\\\/berlitzbratislava\\\/\",\"https:\\\/\\\/sk.linkedin.com\\\/in\\\/berlitz-bratislava-603502184\"]}]}<\/script>\n<!-- \/ Yoast SEO plugin. -->","yoast_head_json":{"title":"ONLINE WORKSHOP &nbsp; - berlitzbratislava.sk","description":"The Online Kids\u2019 workshop is suitable for children from 5 years of age onwards. Fun topics, learning through play, speaking in English without fear or anxiety.","robots":{"index":"index","follow":"follow","max-snippet":"max-snippet:-1","max-image-preview":"max-image-preview:large","max-video-preview":"max-video-preview:-1"},"canonical":"https:\/\/www.berlitzbratislava.sk\/en\/produkt\/online-kids-workshop\/","og_locale":"en_US","og_type":"article","og_title":"ONLINE WORKSHOP &nbsp; - berlitzbratislava.sk","og_description":"The Online Kids\u2019 workshop is suitable for children from 5 years of age onwards. Fun topics, learning through play, speaking in English without fear or anxiety.","og_url":"https:\/\/www.berlitzbratislava.sk\/en\/produkt\/online-kids-workshop\/","og_site_name":"berlitzbratislava.sk","article_publisher":"https:\/\/www.facebook.com\/BerlitzBratislava\/","article_modified_time":"2023-02-03T15:09:25+00:00","og_image":[{"width":1080,"height":1080,"url":"https:\/\/www.berlitzbratislava.sk\/wp-content\/uploads\/IMG_1269-002.jpg","type":"image\/jpeg"}],"twitter_card":"summary_large_image","twitter_misc":{"Est. reading time":"1 minute"},"schema":{"@context":"https:\/\/schema.org","@graph":[{"@type":"WebPage","@id":"https:\/\/www.berlitzbratislava.sk\/en\/produkt\/online-kids-workshop\/","url":"https:\/\/www.berlitzbratislava.sk\/en\/produkt\/online-kids-workshop\/","name":"ONLINE WORKSHOP &nbsp; - berlitzbratislava.sk","isPartOf":{"@id":"https:\/\/www.berlitzbratislava.sk\/en\/#website"},"primaryImageOfPage":{"@id":"https:\/\/www.berlitzbratislava.sk\/en\/produkt\/online-kids-workshop\/#primaryimage"},"image":{"@id":"https:\/\/www.berlitzbratislava.sk\/en\/produkt\/online-kids-workshop\/#primaryimage"},"thumbnailUrl":"https:\/\/www.berlitzbratislava.sk\/wp-content\/uploads\/IMG_1269-002.jpg","datePublished":"2022-10-31T13:46:45+00:00","dateModified":"2023-02-03T15:09:25+00:00","description":"The Online Kids\u2019 workshop is suitable for children from 5 years of age onwards. Fun topics, learning through play, speaking in English without fear or anxiety.","breadcrumb":{"@id":"https:\/\/www.berlitzbratislava.sk\/en\/produkt\/online-kids-workshop\/#breadcrumb"},"inLanguage":"en-US","potentialAction":[{"@type":"ReadAction","target":["https:\/\/www.berlitzbratislava.sk\/en\/produkt\/online-kids-workshop\/"]}]},{"@type":"ImageObject","inLanguage":"en-US","@id":"https:\/\/www.berlitzbratislava.sk\/en\/produkt\/online-kids-workshop\/#primaryimage","url":"https:\/\/www.berlitzbratislava.sk\/wp-content\/uploads\/IMG_1269-002.jpg","contentUrl":"https:\/\/www.berlitzbratislava.sk\/wp-content\/uploads\/IMG_1269-002.jpg","width":1080,"height":1080,"caption":"Workshop cudzie jazyky prezen\u010dne"},{"@type":"BreadcrumbList","@id":"https:\/\/www.berlitzbratislava.sk\/en\/produkt\/online-kids-workshop\/#breadcrumb","itemListElement":[{"@type":"ListItem","position":1,"name":"Home","item":"https:\/\/www.berlitzbratislava.sk\/en\/why-berlitz\/"},{"@type":"ListItem","position":2,"name":"Courses &amp; Eshop","item":"https:\/\/www.berlitzbratislava.sk\/shop\/?lang=en"},{"@type":"ListItem","position":3,"name":"ONLINE WORKSHOP"}]},{"@type":"WebSite","@id":"https:\/\/www.berlitzbratislava.sk\/en\/#website","url":"https:\/\/www.berlitzbratislava.sk\/en\/","name":"berlitzbratislava.sk","description":"Pom\u00f4\u017eeme V\u00e1m z\u00edska\u0165 jazykov\u00e9 sebavedomie, skr\u00e1\u0165te si cestu k nov\u00fdm mo\u017enostiam s Berlitz.","publisher":{"@id":"https:\/\/www.berlitzbratislava.sk\/en\/#organization"},"potentialAction":[{"@type":"SearchAction","target":{"@type":"EntryPoint","urlTemplate":"https:\/\/www.berlitzbratislava.sk\/en\/?s={search_term_string}"},"query-input":{"@type":"PropertyValueSpecification","valueRequired":true,"valueName":"search_term_string"}}],"inLanguage":"en-US"},{"@type":"Organization","@id":"https:\/\/www.berlitzbratislava.sk\/en\/#organization","name":"Blue Elephant, s.r.o.","url":"https:\/\/www.berlitzbratislava.sk\/en\/","logo":{"@type":"ImageObject","inLanguage":"en-US","@id":"https:\/\/www.berlitzbratislava.sk\/en\/#\/schema\/logo\/image\/","url":"https:\/\/www.berlitzbratislava.sk\/wp-content\/uploads\/berlitz-logo_nopill-blue.svg","contentUrl":"https:\/\/www.berlitzbratislava.sk\/wp-content\/uploads\/berlitz-logo_nopill-blue.svg","width":1,"height":1,"caption":"Blue Elephant, s.r.o."},"image":{"@id":"https:\/\/www.berlitzbratislava.sk\/en\/#\/schema\/logo\/image\/"},"sameAs":["https:\/\/www.facebook.com\/BerlitzBratislava\/","https:\/\/www.instagram.com\/berlitzbratislava\/","https:\/\/sk.linkedin.com\/in\/berlitz-bratislava-603502184"]}]}},"_links":{"self":[{"href":"https:\/\/www.berlitzbratislava.sk\/en\/wp-json\/wp\/v2\/product\/10808","targetHints":{"allow":["GET"]}}],"collection":[{"href":"https:\/\/www.berlitzbratislava.sk\/en\/wp-json\/wp\/v2\/product"}],"about":[{"href":"https:\/\/www.berlitzbratislava.sk\/en\/wp-json\/wp\/v2\/types\/product"}],"replies":[{"embeddable":true,"href":"https:\/\/www.berlitzbratislava.sk\/en\/wp-json\/wp\/v2\/comments?post=10808"}],"wp:featuredmedia":[{"embeddable":true,"href":"https:\/\/www.berlitzbratislava.sk\/en\/wp-json\/wp\/v2\/media\/12381"}],"wp:attachment":[{"href":"https:\/\/www.berlitzbratislava.sk\/en\/wp-json\/wp\/v2\/media?parent=10808"}],"wp:term":[{"taxonomy":"product_brand","embeddable":true,"href":"https:\/\/www.berlitzbratislava.sk\/en\/wp-json\/wp\/v2\/product_brand?post=10808"},{"taxonomy":"product_cat","embeddable":true,"href":"https:\/\/www.berlitzbratislava.sk\/en\/wp-json\/wp\/v2\/product_cat?post=10808"},{"taxonomy":"product_tag","embeddable":true,"href":"https:\/\/www.berlitzbratislava.sk\/en\/wp-json\/wp\/v2\/product_tag?post=10808"}],"curies":[{"name":"wp","href":"https:\/\/api.w.org\/{rel}","templated":true}]}}