{"id":10813,"date":"2022-01-19T11:08:30","date_gmt":"2022-01-19T10:08:30","guid":{"rendered":"https:\/\/www.berlitzbratislava.sk\/produkt\/online-duo-course-for-children-10-x-45-min\/"},"modified":"2025-03-22T20:33:15","modified_gmt":"2025-03-22T19:33:15","slug":"online-duo-course-for-children","status":"publish","type":"product","link":"https:\/\/www.berlitzbratislava.sk\/en\/produkt\/online-duo-course-for-children\/","title":{"rendered":"ONLINE DUO COURSE FOR CHILDREN<br\/> from 5 years of age<br\/> 10 x 45 min."},"content":{"rendered":"<p><strong>ONLINE DUO COURSE FOR CHILDREN<\/strong> is led using the world-renowned <a href=\"https:\/\/www.berlitzbratislava.sk\/berlitz-method-and-history\/?lang=en\"><strong>Berlitz method<\/strong><\/a>, thanks to which you speak and think in a foreign language from the very beginning. Dialogue is the essence of Berlitz learning. Thanks to the active, lively form, you communicate in a new language quickly and without obstacles.<\/p>\n<p>The course is held online via Microsoft Teams, Skype, Zoom, Google Hangouts, WhatsApp, and Facetime communication platforms. Qualified lecturers with many years of experience follow your exact needs and adapt the lessons to your current language level<\/p>\n<p><strong>DUO online language course for children and teenagers from 7 years old is suitable for those who do not want to study alone \ud83d\ude42 <\/strong><\/p>\n<p>Prices are valid for one student. The price does not include course material.<\/p>\n<p>For further information, please contact:<\/p>\n<p><strong>Johana Hermannov\u00e1<\/strong><br \/>\n<strong>Phone: +421 904 845 374<\/strong><br \/>\n<strong>e-mail:<\/strong> <strong>hermannova@berlitzbratislava.sk<\/strong><\/p>\n<p><em>You can find the conditions in the <\/em><a href=\"https:\/\/www.berlitzbratislava.sk\/general-terms-and-conditions\/?lang=en\"><em>General Terms and Conditions.<\/em><\/a><\/p>\n<p>Our <strong>BERLITZ<\/strong> brand was awarded the <a href=\"https:\/\/www.slovaksuperbrands.com\/#prettyPhoto\/0\/\">Superbrands Slovakia award for 2022<\/a> by Slovak consumers and an expert jury, making it one of the most successful B2C brands in the Slovak Republic. <strong>Thank you for helping us build our brand.<\/strong><\/p>\n","protected":false},"excerpt":{"rendered":"<ul>\n<li><strong>Languages:<\/strong> English, German, Spanish, French, Italian, Slovak<\/li>\n<li><strong>Number of lessons:<\/strong> 10<\/li>\n<li><strong>Lesson duration:<\/strong> 45 min.<\/li>\n<li><strong>Course start:<\/strong> anytime<\/li>\n<li><strong>Course intensity:<\/strong> according to requirements<\/li>\n<li><strong>Number of students:<\/strong> 2<\/li>\n<li><strong>Lecturer:<\/strong> Native speaker \/ Slovak lecturer<\/li>\n<li><strong>Price:<\/strong> valid for one student<\/li>\n<\/ul>\n","protected":false},"featured_media":7992,"comment_status":"open","ping_status":"closed","template":"","meta":[],"product_brand":[],"product_cat":[278,185],"product_tag":[],"class_list":{"0":"post-10813","1":"product","2":"type-product","3":"status-publish","4":"has-post-thumbnail","6":"product_cat-group-language-courses","7":"product_cat-kids-and-youth","8":"pa_forma-vyucby-online-en","9":"pa_jazyk-english-en","10":"pa_jazyk-french","11":"pa_jazyk-german","12":"pa_jazyk-italian","13":"pa_jazyk-russian","14":"pa_jazyk-slovak","15":"pa_jazyk-spanish","16":"pa_lektor-native-speaker-en","17":"pa_lektor-slovak-lecturer","18":"pa_sposob-vyucby-group","20":"first","21":"instock","22":"taxable","23":"shipping-taxable","24":"purchasable","25":"product-type-variable"},"yoast_head":"<!-- This site is optimized with the Yoast SEO plugin v27.4 - https:\/\/yoast.com\/product\/yoast-seo-wordpress\/ -->\n<title>Online Duo Language Course for Children<\/title>\n<meta name=\"description\" content=\"Online DUO course for children. Dyslexia, dysgraphia. Slovak lecturers and native speakers. English and other languages for school children and teenagers.\" \/>\n<meta name=\"robots\" content=\"index, follow, max-snippet:-1, max-image-preview:large, max-video-preview:-1\" \/>\n<link rel=\"canonical\" href=\"https:\/\/www.berlitzbratislava.sk\/en\/produkt\/online-duo-course-for-children\/\" \/>\n<meta property=\"og:locale\" content=\"en_US\" \/>\n<meta property=\"og:type\" content=\"article\" \/>\n<meta property=\"og:title\" content=\"Online Duo Language Course for Children\" \/>\n<meta property=\"og:description\" content=\"Online DUO course for children. Dyslexia, dysgraphia. Slovak lecturers and native speakers. English and other languages for school children and teenagers.\" \/>\n<meta property=\"og:url\" content=\"https:\/\/www.berlitzbratislava.sk\/en\/produkt\/online-duo-course-for-children\/\" \/>\n<meta property=\"og:site_name\" content=\"berlitzbratislava.sk\" \/>\n<meta property=\"article:publisher\" content=\"https:\/\/www.facebook.com\/BerlitzBratislava\/\" \/>\n<meta property=\"article:modified_time\" content=\"2025-03-22T19:33:15+00:00\" \/>\n<meta property=\"og:image\" content=\"https:\/\/www.berlitzbratislava.sk\/wp-content\/uploads\/gettyimages-699092555-1523196237.jpg\" \/>\n\t<meta property=\"og:image:width\" content=\"1200\" \/>\n\t<meta property=\"og:image:height\" content=\"601\" \/>\n\t<meta property=\"og:image:type\" content=\"image\/jpeg\" \/>\n<meta name=\"twitter:card\" content=\"summary_large_image\" \/>\n<meta name=\"twitter:label1\" content=\"Est. reading time\" \/>\n\t<meta name=\"twitter:data1\" content=\"2 minutes\" \/>\n<script type=\"application\/ld+json\" class=\"yoast-schema-graph\">{\"@context\":\"https:\\\/\\\/schema.org\",\"@graph\":[{\"@type\":\"WebPage\",\"@id\":\"https:\\\/\\\/www.berlitzbratislava.sk\\\/en\\\/produkt\\\/online-duo-course-for-children\\\/\",\"url\":\"https:\\\/\\\/www.berlitzbratislava.sk\\\/en\\\/produkt\\\/online-duo-course-for-children\\\/\",\"name\":\"Online Duo Language Course for Children\",\"isPartOf\":{\"@id\":\"https:\\\/\\\/www.berlitzbratislava.sk\\\/en\\\/#website\"},\"primaryImageOfPage\":{\"@id\":\"https:\\\/\\\/www.berlitzbratislava.sk\\\/en\\\/produkt\\\/online-duo-course-for-children\\\/#primaryimage\"},\"image\":{\"@id\":\"https:\\\/\\\/www.berlitzbratislava.sk\\\/en\\\/produkt\\\/online-duo-course-for-children\\\/#primaryimage\"},\"thumbnailUrl\":\"https:\\\/\\\/www.berlitzbratislava.sk\\\/wp-content\\\/uploads\\\/gettyimages-699092555-1523196237.jpg\",\"datePublished\":\"2022-01-19T10:08:30+00:00\",\"dateModified\":\"2025-03-22T19:33:15+00:00\",\"description\":\"Online DUO course for children. Dyslexia, dysgraphia. Slovak lecturers and native speakers. English and other languages for school children and teenagers.\",\"breadcrumb\":{\"@id\":\"https:\\\/\\\/www.berlitzbratislava.sk\\\/en\\\/produkt\\\/online-duo-course-for-children\\\/#breadcrumb\"},\"inLanguage\":\"en-US\",\"potentialAction\":[{\"@type\":\"ReadAction\",\"target\":[\"https:\\\/\\\/www.berlitzbratislava.sk\\\/en\\\/produkt\\\/online-duo-course-for-children\\\/\"]}]},{\"@type\":\"ImageObject\",\"inLanguage\":\"en-US\",\"@id\":\"https:\\\/\\\/www.berlitzbratislava.sk\\\/en\\\/produkt\\\/online-duo-course-for-children\\\/#primaryimage\",\"url\":\"https:\\\/\\\/www.berlitzbratislava.sk\\\/wp-content\\\/uploads\\\/gettyimages-699092555-1523196237.jpg\",\"contentUrl\":\"https:\\\/\\\/www.berlitzbratislava.sk\\\/wp-content\\\/uploads\\\/gettyimages-699092555-1523196237.jpg\",\"width\":1200,\"height\":601,\"caption\":\"ONLINE ANGLI\u010cTINA, SLOVEN\u010cINA a in\u00e9 SKUPINOV\u00dd DUO KURZ \u0161t\u00fadium alebo dou\u010dovanie vo dvojici \u0161tart kedyko\u013evek\"},{\"@type\":\"BreadcrumbList\",\"@id\":\"https:\\\/\\\/www.berlitzbratislava.sk\\\/en\\\/produkt\\\/online-duo-course-for-children\\\/#breadcrumb\",\"itemListElement\":[{\"@type\":\"ListItem\",\"position\":1,\"name\":\"Home\",\"item\":\"https:\\\/\\\/www.berlitzbratislava.sk\\\/en\\\/why-berlitz\\\/\"},{\"@type\":\"ListItem\",\"position\":2,\"name\":\"Courses &amp; Eshop\",\"item\":\"https:\\\/\\\/www.berlitzbratislava.sk\\\/shop\\\/?lang=en\"},{\"@type\":\"ListItem\",\"position\":3,\"name\":\"ONLINE DUO COURSE FOR CHILDREN from 5 years of age 10 x 45 min.\"}]},{\"@type\":\"WebSite\",\"@id\":\"https:\\\/\\\/www.berlitzbratislava.sk\\\/en\\\/#website\",\"url\":\"https:\\\/\\\/www.berlitzbratislava.sk\\\/en\\\/\",\"name\":\"berlitzbratislava.sk\",\"description\":\"Pom\u00f4\u017eeme V\u00e1m z\u00edska\u0165 jazykov\u00e9 sebavedomie, skr\u00e1\u0165te si cestu k nov\u00fdm mo\u017enostiam s Berlitz.\",\"publisher\":{\"@id\":\"https:\\\/\\\/www.berlitzbratislava.sk\\\/en\\\/#organization\"},\"potentialAction\":[{\"@type\":\"SearchAction\",\"target\":{\"@type\":\"EntryPoint\",\"urlTemplate\":\"https:\\\/\\\/www.berlitzbratislava.sk\\\/en\\\/?s={search_term_string}\"},\"query-input\":{\"@type\":\"PropertyValueSpecification\",\"valueRequired\":true,\"valueName\":\"search_term_string\"}}],\"inLanguage\":\"en-US\"},{\"@type\":\"Organization\",\"@id\":\"https:\\\/\\\/www.berlitzbratislava.sk\\\/en\\\/#organization\",\"name\":\"Blue Elephant, s.r.o.\",\"url\":\"https:\\\/\\\/www.berlitzbratislava.sk\\\/en\\\/\",\"logo\":{\"@type\":\"ImageObject\",\"inLanguage\":\"en-US\",\"@id\":\"https:\\\/\\\/www.berlitzbratislava.sk\\\/en\\\/#\\\/schema\\\/logo\\\/image\\\/\",\"url\":\"https:\\\/\\\/www.berlitzbratislava.sk\\\/wp-content\\\/uploads\\\/berlitz-logo_nopill-blue.svg\",\"contentUrl\":\"https:\\\/\\\/www.berlitzbratislava.sk\\\/wp-content\\\/uploads\\\/berlitz-logo_nopill-blue.svg\",\"width\":1,\"height\":1,\"caption\":\"Blue Elephant, s.r.o.\"},\"image\":{\"@id\":\"https:\\\/\\\/www.berlitzbratislava.sk\\\/en\\\/#\\\/schema\\\/logo\\\/image\\\/\"},\"sameAs\":[\"https:\\\/\\\/www.facebook.com\\\/BerlitzBratislava\\\/\",\"https:\\\/\\\/www.instagram.com\\\/berlitzbratislava\\\/\",\"https:\\\/\\\/sk.linkedin.com\\\/in\\\/berlitz-bratislava-603502184\"]}]}<\/script>\n<!-- \/ Yoast SEO plugin. -->","yoast_head_json":{"title":"Online Duo Language Course for Children","description":"Online DUO course for children. Dyslexia, dysgraphia. Slovak lecturers and native speakers. English and other languages for school children and teenagers.","robots":{"index":"index","follow":"follow","max-snippet":"max-snippet:-1","max-image-preview":"max-image-preview:large","max-video-preview":"max-video-preview:-1"},"canonical":"https:\/\/www.berlitzbratislava.sk\/en\/produkt\/online-duo-course-for-children\/","og_locale":"en_US","og_type":"article","og_title":"Online Duo Language Course for Children","og_description":"Online DUO course for children. Dyslexia, dysgraphia. Slovak lecturers and native speakers. English and other languages for school children and teenagers.","og_url":"https:\/\/www.berlitzbratislava.sk\/en\/produkt\/online-duo-course-for-children\/","og_site_name":"berlitzbratislava.sk","article_publisher":"https:\/\/www.facebook.com\/BerlitzBratislava\/","article_modified_time":"2025-03-22T19:33:15+00:00","og_image":[{"width":1200,"height":601,"url":"https:\/\/www.berlitzbratislava.sk\/wp-content\/uploads\/gettyimages-699092555-1523196237.jpg","type":"image\/jpeg"}],"twitter_card":"summary_large_image","twitter_misc":{"Est. reading time":"2 minutes"},"schema":{"@context":"https:\/\/schema.org","@graph":[{"@type":"WebPage","@id":"https:\/\/www.berlitzbratislava.sk\/en\/produkt\/online-duo-course-for-children\/","url":"https:\/\/www.berlitzbratislava.sk\/en\/produkt\/online-duo-course-for-children\/","name":"Online Duo Language Course for Children","isPartOf":{"@id":"https:\/\/www.berlitzbratislava.sk\/en\/#website"},"primaryImageOfPage":{"@id":"https:\/\/www.berlitzbratislava.sk\/en\/produkt\/online-duo-course-for-children\/#primaryimage"},"image":{"@id":"https:\/\/www.berlitzbratislava.sk\/en\/produkt\/online-duo-course-for-children\/#primaryimage"},"thumbnailUrl":"https:\/\/www.berlitzbratislava.sk\/wp-content\/uploads\/gettyimages-699092555-1523196237.jpg","datePublished":"2022-01-19T10:08:30+00:00","dateModified":"2025-03-22T19:33:15+00:00","description":"Online DUO course for children. Dyslexia, dysgraphia. Slovak lecturers and native speakers. English and other languages for school children and teenagers.","breadcrumb":{"@id":"https:\/\/www.berlitzbratislava.sk\/en\/produkt\/online-duo-course-for-children\/#breadcrumb"},"inLanguage":"en-US","potentialAction":[{"@type":"ReadAction","target":["https:\/\/www.berlitzbratislava.sk\/en\/produkt\/online-duo-course-for-children\/"]}]},{"@type":"ImageObject","inLanguage":"en-US","@id":"https:\/\/www.berlitzbratislava.sk\/en\/produkt\/online-duo-course-for-children\/#primaryimage","url":"https:\/\/www.berlitzbratislava.sk\/wp-content\/uploads\/gettyimages-699092555-1523196237.jpg","contentUrl":"https:\/\/www.berlitzbratislava.sk\/wp-content\/uploads\/gettyimages-699092555-1523196237.jpg","width":1200,"height":601,"caption":"ONLINE ANGLI\u010cTINA, SLOVEN\u010cINA a in\u00e9 SKUPINOV\u00dd DUO KURZ \u0161t\u00fadium alebo dou\u010dovanie vo dvojici \u0161tart kedyko\u013evek"},{"@type":"BreadcrumbList","@id":"https:\/\/www.berlitzbratislava.sk\/en\/produkt\/online-duo-course-for-children\/#breadcrumb","itemListElement":[{"@type":"ListItem","position":1,"name":"Home","item":"https:\/\/www.berlitzbratislava.sk\/en\/why-berlitz\/"},{"@type":"ListItem","position":2,"name":"Courses &amp; Eshop","item":"https:\/\/www.berlitzbratislava.sk\/shop\/?lang=en"},{"@type":"ListItem","position":3,"name":"ONLINE DUO COURSE FOR CHILDREN from 5 years of age 10 x 45 min."}]},{"@type":"WebSite","@id":"https:\/\/www.berlitzbratislava.sk\/en\/#website","url":"https:\/\/www.berlitzbratislava.sk\/en\/","name":"berlitzbratislava.sk","description":"Pom\u00f4\u017eeme V\u00e1m z\u00edska\u0165 jazykov\u00e9 sebavedomie, skr\u00e1\u0165te si cestu k nov\u00fdm mo\u017enostiam s Berlitz.","publisher":{"@id":"https:\/\/www.berlitzbratislava.sk\/en\/#organization"},"potentialAction":[{"@type":"SearchAction","target":{"@type":"EntryPoint","urlTemplate":"https:\/\/www.berlitzbratislava.sk\/en\/?s={search_term_string}"},"query-input":{"@type":"PropertyValueSpecification","valueRequired":true,"valueName":"search_term_string"}}],"inLanguage":"en-US"},{"@type":"Organization","@id":"https:\/\/www.berlitzbratislava.sk\/en\/#organization","name":"Blue Elephant, s.r.o.","url":"https:\/\/www.berlitzbratislava.sk\/en\/","logo":{"@type":"ImageObject","inLanguage":"en-US","@id":"https:\/\/www.berlitzbratislava.sk\/en\/#\/schema\/logo\/image\/","url":"https:\/\/www.berlitzbratislava.sk\/wp-content\/uploads\/berlitz-logo_nopill-blue.svg","contentUrl":"https:\/\/www.berlitzbratislava.sk\/wp-content\/uploads\/berlitz-logo_nopill-blue.svg","width":1,"height":1,"caption":"Blue Elephant, s.r.o."},"image":{"@id":"https:\/\/www.berlitzbratislava.sk\/en\/#\/schema\/logo\/image\/"},"sameAs":["https:\/\/www.facebook.com\/BerlitzBratislava\/","https:\/\/www.instagram.com\/berlitzbratislava\/","https:\/\/sk.linkedin.com\/in\/berlitz-bratislava-603502184"]}]}},"_links":{"self":[{"href":"https:\/\/www.berlitzbratislava.sk\/en\/wp-json\/wp\/v2\/product\/10813","targetHints":{"allow":["GET"]}}],"collection":[{"href":"https:\/\/www.berlitzbratislava.sk\/en\/wp-json\/wp\/v2\/product"}],"about":[{"href":"https:\/\/www.berlitzbratislava.sk\/en\/wp-json\/wp\/v2\/types\/product"}],"replies":[{"embeddable":true,"href":"https:\/\/www.berlitzbratislava.sk\/en\/wp-json\/wp\/v2\/comments?post=10813"}],"wp:featuredmedia":[{"embeddable":true,"href":"https:\/\/www.berlitzbratislava.sk\/en\/wp-json\/wp\/v2\/media\/7992"}],"wp:attachment":[{"href":"https:\/\/www.berlitzbratislava.sk\/en\/wp-json\/wp\/v2\/media?parent=10813"}],"wp:term":[{"taxonomy":"product_brand","embeddable":true,"href":"https:\/\/www.berlitzbratislava.sk\/en\/wp-json\/wp\/v2\/product_brand?post=10813"},{"taxonomy":"product_cat","embeddable":true,"href":"https:\/\/www.berlitzbratislava.sk\/en\/wp-json\/wp\/v2\/product_cat?post=10813"},{"taxonomy":"product_tag","embeddable":true,"href":"https:\/\/www.berlitzbratislava.sk\/en\/wp-json\/wp\/v2\/product_tag?post=10813"}],"curies":[{"name":"wp","href":"https:\/\/api.w.org\/{rel}","templated":true}]}}