{"id":10842,"date":"2021-10-07T15:10:32","date_gmt":"2021-10-07T13:10:32","guid":{"rendered":"https:\/\/www.berlitzbratislava.sk\/produkt\/berlitz-teaching-material\/"},"modified":"2025-03-22T22:42:55","modified_gmt":"2025-03-22T21:42:55","slug":"course-material-2","status":"publish","type":"product","link":"https:\/\/www.berlitzbratislava.sk\/en\/produkt\/course-material-2\/","title":{"rendered":"Berlitz course material"},"content":{"rendered":"","protected":false},"excerpt":{"rendered":"<p>BERLITZ Kids &amp; Teens course material<\/p>\n<p>Through our partnerships with publishers such as National Geographic Learning, Hueber, Hachette, children develop the language skills they need.<\/p>\n<ul>\n<li>study materials are new and modern<\/li>\n<li>specially compiled content appropriate to the age and needs of children and youth<\/li>\n<li>paperback form<\/li>\n<li>contain a textbook and a workbook<\/li>\n<li>the price is valid for one whole language level<\/li>\n<li>the price of the course material is 35 EUR including VAT (price is valid for personal pick-up in BA &#8211; Old Town, the price with sending the teaching material by postal service is 37,50 EUR including VAT)<\/li>\n<\/ul>\n<p>Our course materials bring the whole world of learning to life, bringing together fun and fascinating real-world information complemented by stunning photos, specially created videos designed to motivate young students and enable them to learn a foreign language.<\/p>\n<p>&nbsp;<\/p>\n<div class=\"message-box relative dark\" style=\"padding-top:15px;padding-bottom:15px;\"><div class=\"message-box-bg-image bg-fill fill\" style=\"background-image:url(#3b5dab);\"><\/div><div class=\"message-box-bg-overlay bg-fill fill\" ><\/div><div class=\"container relative\"><div class=\"inner last-reset\"> For more information contact:<br \/>\nJohana Hermannov\u00e1<br \/>\nPhone: +421 904 845 374<br \/>\ne-mail: hermannova@berlitzbratislava.sk <\/div><\/div><\/div>\n<p>&nbsp;<\/p>\n","protected":false},"featured_media":20406,"comment_status":"open","ping_status":"closed","template":"","meta":[],"product_brand":[],"product_cat":[185,291],"product_tag":[],"class_list":{"0":"post-10842","1":"product","2":"type-product","3":"status-publish","4":"has-post-thumbnail","6":"product_cat-kids-and-youth","7":"product_cat-learning-material","9":"first","10":"instock","11":"taxable","12":"shipping-taxable","13":"purchasable","14":"product-type-variable"},"yoast_head":"<!-- This site is optimized with the Yoast SEO plugin v27.4 - https:\/\/yoast.com\/product\/yoast-seo-wordpress\/ -->\n<title>Berlitz course material - berlitzbratislava.sk<\/title>\n<meta name=\"description\" content=\"Berlitz teaching material for kids in cooperation with National Geographic Learning, Hueber, Hachette. Textbook and workbook. Course material.\" \/>\n<meta name=\"robots\" content=\"index, follow, max-snippet:-1, max-image-preview:large, max-video-preview:-1\" \/>\n<link rel=\"canonical\" href=\"https:\/\/www.berlitzbratislava.sk\/en\/produkt\/course-material-2\/\" \/>\n<meta property=\"og:locale\" content=\"en_US\" \/>\n<meta property=\"og:type\" content=\"article\" \/>\n<meta property=\"og:title\" content=\"Berlitz course material - berlitzbratislava.sk\" \/>\n<meta property=\"og:description\" content=\"Berlitz teaching material for kids in cooperation with National Geographic Learning, Hueber, Hachette. Textbook and workbook. Course material.\" \/>\n<meta property=\"og:url\" content=\"https:\/\/www.berlitzbratislava.sk\/en\/produkt\/course-material-2\/\" \/>\n<meta property=\"og:site_name\" content=\"berlitzbratislava.sk\" \/>\n<meta property=\"article:publisher\" content=\"https:\/\/www.facebook.com\/BerlitzBratislava\/\" \/>\n<meta property=\"article:modified_time\" content=\"2025-03-22T21:42:55+00:00\" \/>\n<meta property=\"og:image\" content=\"https:\/\/www.berlitzbratislava.sk\/wp-content\/uploads\/0_MZHWROAtUA540ROA.jpg\" \/>\n\t<meta property=\"og:image:width\" content=\"1400\" \/>\n\t<meta property=\"og:image:height\" content=\"933\" \/>\n\t<meta property=\"og:image:type\" content=\"image\/jpeg\" \/>\n<meta name=\"twitter:card\" content=\"summary_large_image\" \/>\n<meta name=\"twitter:label1\" content=\"Est. reading time\" \/>\n\t<meta name=\"twitter:data1\" content=\"1 minute\" \/>\n<script type=\"application\/ld+json\" class=\"yoast-schema-graph\">{\"@context\":\"https:\\\/\\\/schema.org\",\"@graph\":[{\"@type\":\"WebPage\",\"@id\":\"https:\\\/\\\/www.berlitzbratislava.sk\\\/en\\\/produkt\\\/course-material-2\\\/\",\"url\":\"https:\\\/\\\/www.berlitzbratislava.sk\\\/en\\\/produkt\\\/course-material-2\\\/\",\"name\":\"Berlitz course material - berlitzbratislava.sk\",\"isPartOf\":{\"@id\":\"https:\\\/\\\/www.berlitzbratislava.sk\\\/en\\\/#website\"},\"primaryImageOfPage\":{\"@id\":\"https:\\\/\\\/www.berlitzbratislava.sk\\\/en\\\/produkt\\\/course-material-2\\\/#primaryimage\"},\"image\":{\"@id\":\"https:\\\/\\\/www.berlitzbratislava.sk\\\/en\\\/produkt\\\/course-material-2\\\/#primaryimage\"},\"thumbnailUrl\":\"https:\\\/\\\/www.berlitzbratislava.sk\\\/wp-content\\\/uploads\\\/0_MZHWROAtUA540ROA.jpg\",\"datePublished\":\"2021-10-07T13:10:32+00:00\",\"dateModified\":\"2025-03-22T21:42:55+00:00\",\"description\":\"Berlitz teaching material for kids in cooperation with National Geographic Learning, Hueber, Hachette. Textbook and workbook. Course material.\",\"breadcrumb\":{\"@id\":\"https:\\\/\\\/www.berlitzbratislava.sk\\\/en\\\/produkt\\\/course-material-2\\\/#breadcrumb\"},\"inLanguage\":\"en-US\",\"potentialAction\":[{\"@type\":\"ReadAction\",\"target\":[\"https:\\\/\\\/www.berlitzbratislava.sk\\\/en\\\/produkt\\\/course-material-2\\\/\"]}]},{\"@type\":\"ImageObject\",\"inLanguage\":\"en-US\",\"@id\":\"https:\\\/\\\/www.berlitzbratislava.sk\\\/en\\\/produkt\\\/course-material-2\\\/#primaryimage\",\"url\":\"https:\\\/\\\/www.berlitzbratislava.sk\\\/wp-content\\\/uploads\\\/0_MZHWROAtUA540ROA.jpg\",\"contentUrl\":\"https:\\\/\\\/www.berlitzbratislava.sk\\\/wp-content\\\/uploads\\\/0_MZHWROAtUA540ROA.jpg\",\"width\":1400,\"height\":933},{\"@type\":\"BreadcrumbList\",\"@id\":\"https:\\\/\\\/www.berlitzbratislava.sk\\\/en\\\/produkt\\\/course-material-2\\\/#breadcrumb\",\"itemListElement\":[{\"@type\":\"ListItem\",\"position\":1,\"name\":\"Home\",\"item\":\"https:\\\/\\\/www.berlitzbratislava.sk\\\/en\\\/why-berlitz\\\/\"},{\"@type\":\"ListItem\",\"position\":2,\"name\":\"Courses &amp; Eshop\",\"item\":\"https:\\\/\\\/www.berlitzbratislava.sk\\\/shop\\\/?lang=en\"},{\"@type\":\"ListItem\",\"position\":3,\"name\":\"Berlitz course material\"}]},{\"@type\":\"WebSite\",\"@id\":\"https:\\\/\\\/www.berlitzbratislava.sk\\\/en\\\/#website\",\"url\":\"https:\\\/\\\/www.berlitzbratislava.sk\\\/en\\\/\",\"name\":\"berlitzbratislava.sk\",\"description\":\"Pom\u00f4\u017eeme V\u00e1m z\u00edska\u0165 jazykov\u00e9 sebavedomie, skr\u00e1\u0165te si cestu k nov\u00fdm mo\u017enostiam s Berlitz.\",\"publisher\":{\"@id\":\"https:\\\/\\\/www.berlitzbratislava.sk\\\/en\\\/#organization\"},\"potentialAction\":[{\"@type\":\"SearchAction\",\"target\":{\"@type\":\"EntryPoint\",\"urlTemplate\":\"https:\\\/\\\/www.berlitzbratislava.sk\\\/en\\\/?s={search_term_string}\"},\"query-input\":{\"@type\":\"PropertyValueSpecification\",\"valueRequired\":true,\"valueName\":\"search_term_string\"}}],\"inLanguage\":\"en-US\"},{\"@type\":\"Organization\",\"@id\":\"https:\\\/\\\/www.berlitzbratislava.sk\\\/en\\\/#organization\",\"name\":\"Blue Elephant, s.r.o.\",\"url\":\"https:\\\/\\\/www.berlitzbratislava.sk\\\/en\\\/\",\"logo\":{\"@type\":\"ImageObject\",\"inLanguage\":\"en-US\",\"@id\":\"https:\\\/\\\/www.berlitzbratislava.sk\\\/en\\\/#\\\/schema\\\/logo\\\/image\\\/\",\"url\":\"https:\\\/\\\/www.berlitzbratislava.sk\\\/wp-content\\\/uploads\\\/berlitz-logo_nopill-blue.svg\",\"contentUrl\":\"https:\\\/\\\/www.berlitzbratislava.sk\\\/wp-content\\\/uploads\\\/berlitz-logo_nopill-blue.svg\",\"width\":1,\"height\":1,\"caption\":\"Blue Elephant, s.r.o.\"},\"image\":{\"@id\":\"https:\\\/\\\/www.berlitzbratislava.sk\\\/en\\\/#\\\/schema\\\/logo\\\/image\\\/\"},\"sameAs\":[\"https:\\\/\\\/www.facebook.com\\\/BerlitzBratislava\\\/\",\"https:\\\/\\\/www.instagram.com\\\/berlitzbratislava\\\/\",\"https:\\\/\\\/sk.linkedin.com\\\/in\\\/berlitz-bratislava-603502184\"]}]}<\/script>\n<!-- \/ Yoast SEO plugin. -->","yoast_head_json":{"title":"Berlitz course material - berlitzbratislava.sk","description":"Berlitz teaching material for kids in cooperation with National Geographic Learning, Hueber, Hachette. Textbook and workbook. Course material.","robots":{"index":"index","follow":"follow","max-snippet":"max-snippet:-1","max-image-preview":"max-image-preview:large","max-video-preview":"max-video-preview:-1"},"canonical":"https:\/\/www.berlitzbratislava.sk\/en\/produkt\/course-material-2\/","og_locale":"en_US","og_type":"article","og_title":"Berlitz course material - berlitzbratislava.sk","og_description":"Berlitz teaching material for kids in cooperation with National Geographic Learning, Hueber, Hachette. Textbook and workbook. Course material.","og_url":"https:\/\/www.berlitzbratislava.sk\/en\/produkt\/course-material-2\/","og_site_name":"berlitzbratislava.sk","article_publisher":"https:\/\/www.facebook.com\/BerlitzBratislava\/","article_modified_time":"2025-03-22T21:42:55+00:00","og_image":[{"width":1400,"height":933,"url":"https:\/\/www.berlitzbratislava.sk\/wp-content\/uploads\/0_MZHWROAtUA540ROA.jpg","type":"image\/jpeg"}],"twitter_card":"summary_large_image","twitter_misc":{"Est. reading time":"1 minute"},"schema":{"@context":"https:\/\/schema.org","@graph":[{"@type":"WebPage","@id":"https:\/\/www.berlitzbratislava.sk\/en\/produkt\/course-material-2\/","url":"https:\/\/www.berlitzbratislava.sk\/en\/produkt\/course-material-2\/","name":"Berlitz course material - berlitzbratislava.sk","isPartOf":{"@id":"https:\/\/www.berlitzbratislava.sk\/en\/#website"},"primaryImageOfPage":{"@id":"https:\/\/www.berlitzbratislava.sk\/en\/produkt\/course-material-2\/#primaryimage"},"image":{"@id":"https:\/\/www.berlitzbratislava.sk\/en\/produkt\/course-material-2\/#primaryimage"},"thumbnailUrl":"https:\/\/www.berlitzbratislava.sk\/wp-content\/uploads\/0_MZHWROAtUA540ROA.jpg","datePublished":"2021-10-07T13:10:32+00:00","dateModified":"2025-03-22T21:42:55+00:00","description":"Berlitz teaching material for kids in cooperation with National Geographic Learning, Hueber, Hachette. Textbook and workbook. Course material.","breadcrumb":{"@id":"https:\/\/www.berlitzbratislava.sk\/en\/produkt\/course-material-2\/#breadcrumb"},"inLanguage":"en-US","potentialAction":[{"@type":"ReadAction","target":["https:\/\/www.berlitzbratislava.sk\/en\/produkt\/course-material-2\/"]}]},{"@type":"ImageObject","inLanguage":"en-US","@id":"https:\/\/www.berlitzbratislava.sk\/en\/produkt\/course-material-2\/#primaryimage","url":"https:\/\/www.berlitzbratislava.sk\/wp-content\/uploads\/0_MZHWROAtUA540ROA.jpg","contentUrl":"https:\/\/www.berlitzbratislava.sk\/wp-content\/uploads\/0_MZHWROAtUA540ROA.jpg","width":1400,"height":933},{"@type":"BreadcrumbList","@id":"https:\/\/www.berlitzbratislava.sk\/en\/produkt\/course-material-2\/#breadcrumb","itemListElement":[{"@type":"ListItem","position":1,"name":"Home","item":"https:\/\/www.berlitzbratislava.sk\/en\/why-berlitz\/"},{"@type":"ListItem","position":2,"name":"Courses &amp; Eshop","item":"https:\/\/www.berlitzbratislava.sk\/shop\/?lang=en"},{"@type":"ListItem","position":3,"name":"Berlitz course material"}]},{"@type":"WebSite","@id":"https:\/\/www.berlitzbratislava.sk\/en\/#website","url":"https:\/\/www.berlitzbratislava.sk\/en\/","name":"berlitzbratislava.sk","description":"Pom\u00f4\u017eeme V\u00e1m z\u00edska\u0165 jazykov\u00e9 sebavedomie, skr\u00e1\u0165te si cestu k nov\u00fdm mo\u017enostiam s Berlitz.","publisher":{"@id":"https:\/\/www.berlitzbratislava.sk\/en\/#organization"},"potentialAction":[{"@type":"SearchAction","target":{"@type":"EntryPoint","urlTemplate":"https:\/\/www.berlitzbratislava.sk\/en\/?s={search_term_string}"},"query-input":{"@type":"PropertyValueSpecification","valueRequired":true,"valueName":"search_term_string"}}],"inLanguage":"en-US"},{"@type":"Organization","@id":"https:\/\/www.berlitzbratislava.sk\/en\/#organization","name":"Blue Elephant, s.r.o.","url":"https:\/\/www.berlitzbratislava.sk\/en\/","logo":{"@type":"ImageObject","inLanguage":"en-US","@id":"https:\/\/www.berlitzbratislava.sk\/en\/#\/schema\/logo\/image\/","url":"https:\/\/www.berlitzbratislava.sk\/wp-content\/uploads\/berlitz-logo_nopill-blue.svg","contentUrl":"https:\/\/www.berlitzbratislava.sk\/wp-content\/uploads\/berlitz-logo_nopill-blue.svg","width":1,"height":1,"caption":"Blue Elephant, s.r.o."},"image":{"@id":"https:\/\/www.berlitzbratislava.sk\/en\/#\/schema\/logo\/image\/"},"sameAs":["https:\/\/www.facebook.com\/BerlitzBratislava\/","https:\/\/www.instagram.com\/berlitzbratislava\/","https:\/\/sk.linkedin.com\/in\/berlitz-bratislava-603502184"]}]}},"_links":{"self":[{"href":"https:\/\/www.berlitzbratislava.sk\/en\/wp-json\/wp\/v2\/product\/10842","targetHints":{"allow":["GET"]}}],"collection":[{"href":"https:\/\/www.berlitzbratislava.sk\/en\/wp-json\/wp\/v2\/product"}],"about":[{"href":"https:\/\/www.berlitzbratislava.sk\/en\/wp-json\/wp\/v2\/types\/product"}],"replies":[{"embeddable":true,"href":"https:\/\/www.berlitzbratislava.sk\/en\/wp-json\/wp\/v2\/comments?post=10842"}],"wp:featuredmedia":[{"embeddable":true,"href":"https:\/\/www.berlitzbratislava.sk\/en\/wp-json\/wp\/v2\/media\/20406"}],"wp:attachment":[{"href":"https:\/\/www.berlitzbratislava.sk\/en\/wp-json\/wp\/v2\/media?parent=10842"}],"wp:term":[{"taxonomy":"product_brand","embeddable":true,"href":"https:\/\/www.berlitzbratislava.sk\/en\/wp-json\/wp\/v2\/product_brand?post=10842"},{"taxonomy":"product_cat","embeddable":true,"href":"https:\/\/www.berlitzbratislava.sk\/en\/wp-json\/wp\/v2\/product_cat?post=10842"},{"taxonomy":"product_tag","embeddable":true,"href":"https:\/\/www.berlitzbratislava.sk\/en\/wp-json\/wp\/v2\/product_tag?post=10842"}],"curies":[{"name":"wp","href":"https:\/\/api.w.org\/{rel}","templated":true}]}}