{"id":10875,"date":"2022-01-20T10:42:23","date_gmt":"2022-01-20T09:42:23","guid":{"rendered":"https:\/\/www.berlitzbratislava.sk\/produkt\/intensive-english-course-total-immersion\/"},"modified":"2025-03-22T20:27:27","modified_gmt":"2025-03-22T19:27:27","slug":"intensive-course-english-total-immersion","status":"publish","type":"product","link":"https:\/\/www.berlitzbratislava.sk\/en\/produkt\/intensive-course-english-total-immersion\/","title":{"rendered":"ENGLISH, GERMAN and others<br\/> INDIVIDUAL COURSE <br\/>TOTAL Immersion INTO THE LANGUAGE\u00ae<br\/>package 30 x 45 min<br\/>1 language level already in a week<br\/>start anytime"},"content":{"rendered":"<p>The intensive <a href=\"https:\/\/www.berlitz.com\/en-cz\/adults\/private-lessons\/intensive-language-courses\/total-immersion\">Total Immersion\u00ae<\/a> <a href=\"https:\/\/www.berlitzbratislava.sk\/teaching-and-your-rapid-progress-with-berlitz\/?lang=en\">course<\/a> is suitable for anyone who wants to quickly improve a foreign language. The course is also suitable for complete beginners. Are you going abroad? Learn the basics of the language in just 6 days. Are you going abroad? Learn the basics of the language in just 6 days. The Intensive <a href=\"https:\/\/www.berlitzbratislava.sk\/teaching-and-your-rapid-progress-with-berlitz\/?lang=en\">Full Immersion\u00ae<\/a> course is the <strong>most effective BERLITZ language program<\/strong>. It is the world&#8217;s best-known and most used Berlitz course, which has also been used by famous personalities such as John F. Kennedy, Louis de Fun\u00e9s, C\u00e9line Dion, Antonio Banderas, Jaromir Jagr, Meryl Streep, Katarina Witt, Cher, Michael Baryshnikov and others. Total Immersion\u00ae was developed by Berlitz in collaboration with the <strong>Institute of Psychology at McGill University Montreal, Canada. <\/strong>The goal is to get the most out of the lessons and to improve the language level in a short time.<\/p>\n<p><strong>With a 3-day course (30 lessons) you will pass up to half of the language level and we guarantee that. <\/strong><\/p>\n<p>During the course, a team of native and Slovak lecturers attends to you. The most important aspect of the program is improving oral communication. The proof of your progress is the <strong>entrance and final test.<\/strong><\/p>\n<p>When completing two courses (6 days in total), <strong>we guarantee you an improvement of an entire language level.<\/strong><\/p>\n<p>During the 28 years of Berlitz&#8217;s operation in Slovakia, every graduate of this language course has completed the final test with a minimum score of <strong>at least 75%.<\/strong><\/p>\n<p>Not sure about your language level? Take a free test <a><strong>HERE.<\/strong><\/a><\/p>\n<p><strong>Learn a new language quickly and make maximum progress in the shortest possible time.<\/strong><\/p>\n<p>Prices are listed with VAT. The price does not include course material.<\/p>\n<p>&nbsp;<\/p>\n<p>&nbsp;<\/p>\n<p>For further information, please contact:<\/p>\n<p><strong>Jarka Remen\u00e1rov\u00e1<\/strong><\/p>\n<p><strong>phone.: +421 911 786 431<\/strong><\/p>\n<p><strong>e-mail: <a href=\"mailto:boskovicova@berlitzbratislava.sk\">katarina@berlitzba.sk<\/a><\/strong><\/p>\n<p>&nbsp;<\/p>\n<p><em>You can find the conditions in the <\/em><a href=\"https:\/\/www.berlitzbratislava.sk\/general-terms-and-conditions\/?lang=en\"><em>General Terms and Conditions.<\/em><\/a><\/p>\n<p>Our <strong>BERLITZ<\/strong> brand was awarded the <a href=\"https:\/\/www.slovaksuperbrands.com\/#prettyPhoto\/0\/\">Superbrands Slovakia award for 2022<\/a> by Slovak consumers and an expert jury, making it one of the most successful B2C brands in the Slovak Republic. <strong>Thank you for helping us build our brand.<\/strong><\/p>\n","protected":false},"excerpt":{"rendered":"<p>&nbsp;<\/p>\n<ul>\n<li><strong>Language:<\/strong> English, German, Spanish, Italian, Slovak<\/li>\n<li><strong>Number of lessons:<\/strong> <strong>30<\/strong><\/li>\n<li><strong>Duration of the meeting:<\/strong>45 min.<\/li>\n<li><strong>Course start:<\/strong> anytime<\/li>\n<li><strong>Course intensity:<\/strong> 3 days<\/li>\n<li><strong>Lesson dates:<\/strong> 09:00 \u2013 18:00 (10 lessons daily)<\/li>\n<li><strong>Number of students:<\/strong> 1<\/li>\n<li><strong>Lecturer:<\/strong> Native speakers and Slovak lecturers<\/li>\n<li><strong>Certificate:<\/strong> Globally recognized BERLITZ certificate<\/li>\n<li><strong>Guaranteed completion of half the language level.<\/strong><\/li>\n<li><span style=\"color: #ed1c24\"><strong>Free digital learning material for the course<\/strong><\/span><\/li>\n<li>Test your <strong>language level <a href=\"https:\/\/test.berlitz.com\/placement\/\">HERE.<\/a><\/strong> (Test duration from 30 min. to 45 min.)<\/li>\n<\/ul>\n","protected":false},"featured_media":5793,"comment_status":"closed","ping_status":"closed","template":"","meta":[],"product_brand":[],"product_cat":[183,294,295,317,297,313,299,293,298,300],"product_tag":[],"class_list":{"0":"post-10875","1":"product","2":"type-product","3":"status-publish","4":"has-post-thumbnail","6":"product_cat-dospeli-en","7":"product_cat-english","8":"product_cat-french","9":"product_cat-full-immersion-into-the-language-and-intensive-courses-have-come-of-age","10":"product_cat-german-adults","11":"product_cat-individual-courses","12":"product_cat-italian-for-adults","13":"product_cat-languages","14":"product_cat-slovak-for-foreigners-adults","15":"product_cat-spanish-adults","16":"pa_forma-vyucby-online-en","17":"pa_jazyk-english-en","18":"pa_jazyk-french","19":"pa_jazyk-german","20":"pa_jazyk-italian","21":"pa_jazyk-slovak","22":"pa_jazyk-spanish","23":"pa_uroven-a1-en","24":"pa_uroven-a2-1-en","25":"pa_uroven-a2-2-en","26":"pa_uroven-a2-3-en","27":"pa_uroven-b1-1-en","28":"pa_uroven-b1-2-en","29":"pa_uroven-b1-3-en","30":"pa_uroven-b2-1-en","31":"pa_uroven-b2-2-en","32":"pa_uroven-c1-c2-en","34":"first","35":"instock","36":"sale","37":"taxable","38":"shipping-taxable","39":"purchasable","40":"product-type-variable"},"yoast_head":"<!-- This site is optimized with the Yoast SEO plugin v27.4 - https:\/\/yoast.com\/product\/yoast-seo-wordpress\/ -->\n<title>Intensive English Course \u2013 Total Immersion<\/title>\n<meta name=\"description\" content=\"Intensive English course Full immersion. Half a level improvement in just 3 days. Also for beginners. We teach throughout Slovakia.\" \/>\n<meta name=\"robots\" content=\"index, follow, max-snippet:-1, max-image-preview:large, max-video-preview:-1\" \/>\n<link rel=\"canonical\" href=\"https:\/\/www.berlitzbratislava.sk\/en\/produkt\/intensive-course-english-total-immersion\/\" \/>\n<meta property=\"og:locale\" content=\"en_US\" \/>\n<meta property=\"og:type\" content=\"article\" \/>\n<meta property=\"og:title\" content=\"Intensive English Course \u2013 Total Immersion\" \/>\n<meta property=\"og:description\" content=\"Intensive English course Full immersion. Half a level improvement in just 3 days. Also for beginners. We teach throughout Slovakia.\" \/>\n<meta property=\"og:url\" content=\"https:\/\/www.berlitzbratislava.sk\/en\/produkt\/intensive-course-english-total-immersion\/\" \/>\n<meta property=\"og:site_name\" content=\"berlitzbratislava.sk\" \/>\n<meta property=\"article:publisher\" content=\"https:\/\/www.facebook.com\/BerlitzBratislava\/\" \/>\n<meta property=\"article:modified_time\" content=\"2025-03-22T19:27:27+00:00\" \/>\n<meta property=\"og:image\" content=\"https:\/\/www.berlitzbratislava.sk\/wp-content\/uploads\/Diver_Training_1000x-1.jpg\" \/>\n\t<meta property=\"og:image:width\" content=\"1000\" \/>\n\t<meta property=\"og:image:height\" content=\"1000\" \/>\n\t<meta property=\"og:image:type\" content=\"image\/jpeg\" \/>\n<meta name=\"twitter:card\" content=\"summary_large_image\" \/>\n<meta name=\"twitter:label1\" content=\"Est. reading time\" \/>\n\t<meta name=\"twitter:data1\" content=\"3 minutes\" \/>\n<script type=\"application\/ld+json\" class=\"yoast-schema-graph\">{\"@context\":\"https:\\\/\\\/schema.org\",\"@graph\":[{\"@type\":\"WebPage\",\"@id\":\"https:\\\/\\\/www.berlitzbratislava.sk\\\/en\\\/produkt\\\/intensive-course-english-total-immersion\\\/\",\"url\":\"https:\\\/\\\/www.berlitzbratislava.sk\\\/en\\\/produkt\\\/intensive-course-english-total-immersion\\\/\",\"name\":\"Intensive English Course \u2013 Total Immersion\",\"isPartOf\":{\"@id\":\"https:\\\/\\\/www.berlitzbratislava.sk\\\/en\\\/#website\"},\"primaryImageOfPage\":{\"@id\":\"https:\\\/\\\/www.berlitzbratislava.sk\\\/en\\\/produkt\\\/intensive-course-english-total-immersion\\\/#primaryimage\"},\"image\":{\"@id\":\"https:\\\/\\\/www.berlitzbratislava.sk\\\/en\\\/produkt\\\/intensive-course-english-total-immersion\\\/#primaryimage\"},\"thumbnailUrl\":\"https:\\\/\\\/www.berlitzbratislava.sk\\\/wp-content\\\/uploads\\\/Diver_Training_1000x-1.jpg\",\"datePublished\":\"2022-01-20T09:42:23+00:00\",\"dateModified\":\"2025-03-22T19:27:27+00:00\",\"description\":\"Intensive English course Full immersion. Half a level improvement in just 3 days. Also for beginners. We teach throughout Slovakia.\",\"breadcrumb\":{\"@id\":\"https:\\\/\\\/www.berlitzbratislava.sk\\\/en\\\/produkt\\\/intensive-course-english-total-immersion\\\/#breadcrumb\"},\"inLanguage\":\"en-US\",\"potentialAction\":[{\"@type\":\"ReadAction\",\"target\":[\"https:\\\/\\\/www.berlitzbratislava.sk\\\/en\\\/produkt\\\/intensive-course-english-total-immersion\\\/\"]}]},{\"@type\":\"ImageObject\",\"inLanguage\":\"en-US\",\"@id\":\"https:\\\/\\\/www.berlitzbratislava.sk\\\/en\\\/produkt\\\/intensive-course-english-total-immersion\\\/#primaryimage\",\"url\":\"https:\\\/\\\/www.berlitzbratislava.sk\\\/wp-content\\\/uploads\\\/Diver_Training_1000x-1.jpg\",\"contentUrl\":\"https:\\\/\\\/www.berlitzbratislava.sk\\\/wp-content\\\/uploads\\\/Diver_Training_1000x-1.jpg\",\"width\":1000,\"height\":1000,\"caption\":\"\u00daplne ponorenie do anglick\u00e9ho jazyka\"},{\"@type\":\"BreadcrumbList\",\"@id\":\"https:\\\/\\\/www.berlitzbratislava.sk\\\/en\\\/produkt\\\/intensive-course-english-total-immersion\\\/#breadcrumb\",\"itemListElement\":[{\"@type\":\"ListItem\",\"position\":1,\"name\":\"Home\",\"item\":\"https:\\\/\\\/www.berlitzbratislava.sk\\\/en\\\/why-berlitz\\\/\"},{\"@type\":\"ListItem\",\"position\":2,\"name\":\"Courses &amp; Eshop\",\"item\":\"https:\\\/\\\/www.berlitzbratislava.sk\\\/shop\\\/?lang=en\"},{\"@type\":\"ListItem\",\"position\":3,\"name\":\"ENGLISH, GERMAN and others INDIVIDUAL COURSE TOTAL Immersion INTO THE LANGUAGE\u00aepackage 30 x 45 min1 language level already in a weekstart anytime\"}]},{\"@type\":\"WebSite\",\"@id\":\"https:\\\/\\\/www.berlitzbratislava.sk\\\/en\\\/#website\",\"url\":\"https:\\\/\\\/www.berlitzbratislava.sk\\\/en\\\/\",\"name\":\"berlitzbratislava.sk\",\"description\":\"Pom\u00f4\u017eeme V\u00e1m z\u00edska\u0165 jazykov\u00e9 sebavedomie, skr\u00e1\u0165te si cestu k nov\u00fdm mo\u017enostiam s Berlitz.\",\"publisher\":{\"@id\":\"https:\\\/\\\/www.berlitzbratislava.sk\\\/en\\\/#organization\"},\"potentialAction\":[{\"@type\":\"SearchAction\",\"target\":{\"@type\":\"EntryPoint\",\"urlTemplate\":\"https:\\\/\\\/www.berlitzbratislava.sk\\\/en\\\/?s={search_term_string}\"},\"query-input\":{\"@type\":\"PropertyValueSpecification\",\"valueRequired\":true,\"valueName\":\"search_term_string\"}}],\"inLanguage\":\"en-US\"},{\"@type\":\"Organization\",\"@id\":\"https:\\\/\\\/www.berlitzbratislava.sk\\\/en\\\/#organization\",\"name\":\"Blue Elephant, s.r.o.\",\"url\":\"https:\\\/\\\/www.berlitzbratislava.sk\\\/en\\\/\",\"logo\":{\"@type\":\"ImageObject\",\"inLanguage\":\"en-US\",\"@id\":\"https:\\\/\\\/www.berlitzbratislava.sk\\\/en\\\/#\\\/schema\\\/logo\\\/image\\\/\",\"url\":\"https:\\\/\\\/www.berlitzbratislava.sk\\\/wp-content\\\/uploads\\\/berlitz-logo_nopill-blue.svg\",\"contentUrl\":\"https:\\\/\\\/www.berlitzbratislava.sk\\\/wp-content\\\/uploads\\\/berlitz-logo_nopill-blue.svg\",\"width\":1,\"height\":1,\"caption\":\"Blue Elephant, s.r.o.\"},\"image\":{\"@id\":\"https:\\\/\\\/www.berlitzbratislava.sk\\\/en\\\/#\\\/schema\\\/logo\\\/image\\\/\"},\"sameAs\":[\"https:\\\/\\\/www.facebook.com\\\/BerlitzBratislava\\\/\",\"https:\\\/\\\/www.instagram.com\\\/berlitzbratislava\\\/\",\"https:\\\/\\\/sk.linkedin.com\\\/in\\\/berlitz-bratislava-603502184\"]}]}<\/script>\n<!-- \/ Yoast SEO plugin. -->","yoast_head_json":{"title":"Intensive English Course \u2013 Total Immersion","description":"Intensive English course Full immersion. Half a level improvement in just 3 days. Also for beginners. We teach throughout Slovakia.","robots":{"index":"index","follow":"follow","max-snippet":"max-snippet:-1","max-image-preview":"max-image-preview:large","max-video-preview":"max-video-preview:-1"},"canonical":"https:\/\/www.berlitzbratislava.sk\/en\/produkt\/intensive-course-english-total-immersion\/","og_locale":"en_US","og_type":"article","og_title":"Intensive English Course \u2013 Total Immersion","og_description":"Intensive English course Full immersion. Half a level improvement in just 3 days. Also for beginners. We teach throughout Slovakia.","og_url":"https:\/\/www.berlitzbratislava.sk\/en\/produkt\/intensive-course-english-total-immersion\/","og_site_name":"berlitzbratislava.sk","article_publisher":"https:\/\/www.facebook.com\/BerlitzBratislava\/","article_modified_time":"2025-03-22T19:27:27+00:00","og_image":[{"width":1000,"height":1000,"url":"https:\/\/www.berlitzbratislava.sk\/wp-content\/uploads\/Diver_Training_1000x-1.jpg","type":"image\/jpeg"}],"twitter_card":"summary_large_image","twitter_misc":{"Est. reading time":"3 minutes"},"schema":{"@context":"https:\/\/schema.org","@graph":[{"@type":"WebPage","@id":"https:\/\/www.berlitzbratislava.sk\/en\/produkt\/intensive-course-english-total-immersion\/","url":"https:\/\/www.berlitzbratislava.sk\/en\/produkt\/intensive-course-english-total-immersion\/","name":"Intensive English Course \u2013 Total Immersion","isPartOf":{"@id":"https:\/\/www.berlitzbratislava.sk\/en\/#website"},"primaryImageOfPage":{"@id":"https:\/\/www.berlitzbratislava.sk\/en\/produkt\/intensive-course-english-total-immersion\/#primaryimage"},"image":{"@id":"https:\/\/www.berlitzbratislava.sk\/en\/produkt\/intensive-course-english-total-immersion\/#primaryimage"},"thumbnailUrl":"https:\/\/www.berlitzbratislava.sk\/wp-content\/uploads\/Diver_Training_1000x-1.jpg","datePublished":"2022-01-20T09:42:23+00:00","dateModified":"2025-03-22T19:27:27+00:00","description":"Intensive English course Full immersion. Half a level improvement in just 3 days. Also for beginners. We teach throughout Slovakia.","breadcrumb":{"@id":"https:\/\/www.berlitzbratislava.sk\/en\/produkt\/intensive-course-english-total-immersion\/#breadcrumb"},"inLanguage":"en-US","potentialAction":[{"@type":"ReadAction","target":["https:\/\/www.berlitzbratislava.sk\/en\/produkt\/intensive-course-english-total-immersion\/"]}]},{"@type":"ImageObject","inLanguage":"en-US","@id":"https:\/\/www.berlitzbratislava.sk\/en\/produkt\/intensive-course-english-total-immersion\/#primaryimage","url":"https:\/\/www.berlitzbratislava.sk\/wp-content\/uploads\/Diver_Training_1000x-1.jpg","contentUrl":"https:\/\/www.berlitzbratislava.sk\/wp-content\/uploads\/Diver_Training_1000x-1.jpg","width":1000,"height":1000,"caption":"\u00daplne ponorenie do anglick\u00e9ho jazyka"},{"@type":"BreadcrumbList","@id":"https:\/\/www.berlitzbratislava.sk\/en\/produkt\/intensive-course-english-total-immersion\/#breadcrumb","itemListElement":[{"@type":"ListItem","position":1,"name":"Home","item":"https:\/\/www.berlitzbratislava.sk\/en\/why-berlitz\/"},{"@type":"ListItem","position":2,"name":"Courses &amp; Eshop","item":"https:\/\/www.berlitzbratislava.sk\/shop\/?lang=en"},{"@type":"ListItem","position":3,"name":"ENGLISH, GERMAN and others INDIVIDUAL COURSE TOTAL Immersion INTO THE LANGUAGE\u00aepackage 30 x 45 min1 language level already in a weekstart anytime"}]},{"@type":"WebSite","@id":"https:\/\/www.berlitzbratislava.sk\/en\/#website","url":"https:\/\/www.berlitzbratislava.sk\/en\/","name":"berlitzbratislava.sk","description":"Pom\u00f4\u017eeme V\u00e1m z\u00edska\u0165 jazykov\u00e9 sebavedomie, skr\u00e1\u0165te si cestu k nov\u00fdm mo\u017enostiam s Berlitz.","publisher":{"@id":"https:\/\/www.berlitzbratislava.sk\/en\/#organization"},"potentialAction":[{"@type":"SearchAction","target":{"@type":"EntryPoint","urlTemplate":"https:\/\/www.berlitzbratislava.sk\/en\/?s={search_term_string}"},"query-input":{"@type":"PropertyValueSpecification","valueRequired":true,"valueName":"search_term_string"}}],"inLanguage":"en-US"},{"@type":"Organization","@id":"https:\/\/www.berlitzbratislava.sk\/en\/#organization","name":"Blue Elephant, s.r.o.","url":"https:\/\/www.berlitzbratislava.sk\/en\/","logo":{"@type":"ImageObject","inLanguage":"en-US","@id":"https:\/\/www.berlitzbratislava.sk\/en\/#\/schema\/logo\/image\/","url":"https:\/\/www.berlitzbratislava.sk\/wp-content\/uploads\/berlitz-logo_nopill-blue.svg","contentUrl":"https:\/\/www.berlitzbratislava.sk\/wp-content\/uploads\/berlitz-logo_nopill-blue.svg","width":1,"height":1,"caption":"Blue Elephant, s.r.o."},"image":{"@id":"https:\/\/www.berlitzbratislava.sk\/en\/#\/schema\/logo\/image\/"},"sameAs":["https:\/\/www.facebook.com\/BerlitzBratislava\/","https:\/\/www.instagram.com\/berlitzbratislava\/","https:\/\/sk.linkedin.com\/in\/berlitz-bratislava-603502184"]}]}},"_links":{"self":[{"href":"https:\/\/www.berlitzbratislava.sk\/en\/wp-json\/wp\/v2\/product\/10875","targetHints":{"allow":["GET"]}}],"collection":[{"href":"https:\/\/www.berlitzbratislava.sk\/en\/wp-json\/wp\/v2\/product"}],"about":[{"href":"https:\/\/www.berlitzbratislava.sk\/en\/wp-json\/wp\/v2\/types\/product"}],"replies":[{"embeddable":true,"href":"https:\/\/www.berlitzbratislava.sk\/en\/wp-json\/wp\/v2\/comments?post=10875"}],"wp:featuredmedia":[{"embeddable":true,"href":"https:\/\/www.berlitzbratislava.sk\/en\/wp-json\/wp\/v2\/media\/5793"}],"wp:attachment":[{"href":"https:\/\/www.berlitzbratislava.sk\/en\/wp-json\/wp\/v2\/media?parent=10875"}],"wp:term":[{"taxonomy":"product_brand","embeddable":true,"href":"https:\/\/www.berlitzbratislava.sk\/en\/wp-json\/wp\/v2\/product_brand?post=10875"},{"taxonomy":"product_cat","embeddable":true,"href":"https:\/\/www.berlitzbratislava.sk\/en\/wp-json\/wp\/v2\/product_cat?post=10875"},{"taxonomy":"product_tag","embeddable":true,"href":"https:\/\/www.berlitzbratislava.sk\/en\/wp-json\/wp\/v2\/product_tag?post=10875"}],"curies":[{"name":"wp","href":"https:\/\/api.w.org\/{rel}","templated":true}]}}