{"id":10886,"date":"2022-09-30T12:44:58","date_gmt":"2022-09-30T10:44:58","guid":{"rendered":"https:\/\/www.berlitzbratislava.sk\/produkt\/individual-online-language-course-package-of-30-x-45-min-selection-of-several-languages\/"},"modified":"2025-05-06T15:53:24","modified_gmt":"2025-05-06T13:53:24","slug":"individual-language-course-online-package-30x45-min","status":"publish","type":"product","link":"https:\/\/www.berlitzbratislava.sk\/en\/produkt\/individual-language-course-online-package-30x45-min\/","title":{"rendered":"ONLINE ANGLI\u010cTINA, TALIAN\u010cINA a in\u00e9 <br\/> INDIVIDU\u00c1LNY KURZ <br\/> bal\u00edk 20 x 45 min \/ 15 x 60 min"},"content":{"rendered":"<p><a href=\"https:\/\/www.berlitzbratislava.sk\/buducnost-jazykoveho-vzdelavania-jazykove-kurzy-online\/\"><strong><span style=\"text-decoration: none\">INDIVIDUAL ONLINE LANGUAGE COURSE<\/span><\/strong><\/a> is led using the world-renowned <a href=\"https:\/\/www.berlitzbratislava.sk\/berlitz-method-and-history\/?lang=en\"><strong><span style=\"text-decoration: none\">Berlitz method<\/span><\/strong>,<\/a> thanks to which you speak and think in a foreign language from the very beginning. Dialogue is the essence of Berlitz learning. Thanks to the active, lively form, the ability to communicate in a new language is quick and unhindered. You have a choice of languages such as English, German, Spanish, French and Italian. Of course, we also offer Slovak for foreigners, where we teach you to communicate in our language as quickly as other languages.  <\/p>\n<h4><strong>Form of teaching: <\/strong> The<strong>individual course<\/strong> takes place online via Microsoft Teams, Skype, Zoom, Google Hangout, Whatsapp and Facetime. In addition to these platforms, we can of course use any other platform that suits you. <\/h4>\n<h4><strong>Teaching: <\/strong>Qualified teachers with many years of experience follow your exact needs in the first place and adapt the teaching to your current language level. We will place you in one of the ten Berlitz levels according to the precise setting of your goals and needs. By setting your goals and needs precisely, your language potential will be developed most effectively. In addition to gaining confidence in communicating in a foreign language, you will also improve your skills in the sphere that is closest to your heart. Soon you will be holding conversations in a foreign language without thinking and, above all, without unnecessary stress. In fact, thanks to the Berlitz method, you will improve your foreign language skills as if you were living abroad.   <\/h4>\n<p>If you follow the curriculum and the intensity of the lessons, <strong>we guarantee an improvement of one Berlitz language level after completing 40 x 45 minutes.<\/strong><\/p>\n<p>Not sure about your language level? Take a free placement test <a href=\"https:\/\/www.berlitzbratislava.sk\/online-language-level-test\/?lang=en\"><span style=\"text-decoration: none\"><strong>HERE<\/strong><\/span><\/a><\/p>\n<p><strong>Focus:<\/strong><\/p>\n<ul>\n<li>Berlitz level 1 to 4<\/li>\n<li>Language level 5 &#8211; 10 + SELECTION FROM SPECIALIZATIONS (Business English, Social Situations, Negotiations, Customer Service, Finance &amp; Accounting, Human Resources, Sales, Email &amp; Business Writing, etc.)<\/li>\n<\/ul>\n<p>Despite the internationally recognized <strong>BERLITZ certificate,<\/strong> we also prepare our students for exams such as <strong>FCE, IELTS, TOEFL<\/strong> and others, where we achieve up to 94% success rate.<\/p>\n<p>Prices include VAT. The price does not include course material. <\/p>\n<p>You can buy the course material <strong><a href=\"https:\/\/www.berlitzbratislava.sk\/produkt\/course-material\/?lang=en\">HERE<\/a><\/strong><\/p>\n<p>&nbsp;<\/p>\n<p>For further information, please contact:<\/p>\n<p><strong>Jarka Remen\u00e1rov\u00e1<\/strong><\/p>\n<p><strong>Phone: +421 911 786 431<\/strong><\/p>\n<p><strong>e-mail: studyonline@berlitzba.sk<\/strong><\/p>\n<p>&nbsp;<\/p>\n<p><em>You can find the conditions in the <\/em><a href=\"https:\/\/www.berlitzbratislava.sk\/general-terms-and-conditions\/?lang=en\"><em>General Terms and Conditions.<\/em><\/a><\/p>\n<p>Our <strong>BERLITZ<\/strong> brand was awarded the <a href=\"https:\/\/www.slovaksuperbrands.com\/#prettyPhoto\/0\/\">Superbrands Slovakia award for 2022<\/a> by Slovak consumers and an expert jury, making it one of the most successful B2C brands in the Slovak Republic. <strong>Thank you for helping us build our brand.<\/strong><\/p>\n","protected":false},"excerpt":{"rendered":"<ul>\n<li><strong>Languages:<\/strong> English, German, Spanish, French, Italian, and Slovak<\/li>\n<li><strong>Number of<\/strong> <strong>meetings:<\/strong> 20 or 15<\/li>\n<li><strong>Duration of the meeting:<\/strong> 45 min or 60 min<\/li>\n<li><strong>Course start:<\/strong> anytime<\/li>\n<li><strong>Course intensity:<\/strong> according to requirements<\/li>\n<li><strong>Dates:<\/strong> Monday to Friday from 07:30 \u2013 20:15<\/li>\n<li><strong>Number of students:<\/strong> 1<\/li>\n<li><strong>Lecturer:<\/strong> Native speaker \/ Slovak lecturer<\/li>\n<li><strong>Certificate:<\/strong> Globally recognized BERLITZ certificate<\/li>\n<li>Otestujte si svoju <strong>jazykov\u00fa \u00farove\u0148 <a href=\"https:\/\/test.berlitz.com\/placement\/\">TU.<\/a><\/strong>(Trvanie testu od 30 min do 45 min)<\/li>\n<\/ul>\n","protected":false},"featured_media":19360,"comment_status":"open","ping_status":"closed","template":"","meta":[],"product_brand":[],"product_cat":[183,350,294,295,297,292,299,293,298,300],"product_tag":[],"class_list":{"0":"post-10886","1":"product","2":"type-product","3":"status-publish","4":"has-post-thumbnail","6":"product_cat-dospeli-en","7":"product_cat-course","8":"product_cat-english","9":"product_cat-french","10":"product_cat-german-adults","11":"product_cat-individual-language-courses-en-2","12":"product_cat-italian-for-adults","13":"product_cat-languages","14":"product_cat-slovak-for-foreigners-adults","15":"product_cat-spanish-adults","16":"pa_forma-vyucby-online-en","17":"pa_jazyk-english-en","18":"pa_jazyk-french","19":"pa_jazyk-german","20":"pa_jazyk-italian","21":"pa_jazyk-slovak","22":"pa_jazyk-spanish","23":"pa_lektor-native-speaker-en","24":"pa_lektor-slovak-lecturer","25":"pa_pocet-vyucovacich-hodin-15-x-60-min-en","26":"pa_pocet-vyucovacich-hodin-20-x-45-min-en","27":"pa_sposob-vyucby-individual","29":"first","30":"instock","31":"sale","32":"taxable","33":"shipping-taxable","34":"purchasable","35":"product-type-variable"},"yoast_head":"<!-- This site is optimized with the Yoast SEO plugin v27.4 - https:\/\/yoast.com\/product\/yoast-seo-wordpress\/ -->\n<title>Online individual language course with Berlitz<\/title>\n<meta name=\"description\" content=\"Individual language course online. English, German, French, Spanish, Italian and Slovak. Convenient packages.\" \/>\n<meta name=\"robots\" content=\"index, follow, max-snippet:-1, max-image-preview:large, max-video-preview:-1\" \/>\n<link rel=\"canonical\" href=\"https:\/\/www.berlitzbratislava.sk\/en\/produkt\/individual-language-course-online-package-30x45-min\/\" \/>\n<meta property=\"og:locale\" content=\"en_US\" \/>\n<meta property=\"og:type\" content=\"article\" \/>\n<meta property=\"og:title\" content=\"Online individual language course with Berlitz\" \/>\n<meta property=\"og:description\" content=\"Individual language course online. English, German, French, Spanish, Italian and Slovak. Convenient packages.\" \/>\n<meta property=\"og:url\" content=\"https:\/\/www.berlitzbratislava.sk\/en\/produkt\/individual-language-course-online-package-30x45-min\/\" \/>\n<meta property=\"og:site_name\" content=\"berlitzbratislava.sk\" \/>\n<meta property=\"article:publisher\" content=\"https:\/\/www.facebook.com\/BerlitzBratislava\/\" \/>\n<meta property=\"article:modified_time\" content=\"2025-05-06T13:53:24+00:00\" \/>\n<meta property=\"og:image\" content=\"https:\/\/www.berlitzbratislava.sk\/wp-content\/uploads\/iStock-898357554-1-1.jpg\" \/>\n\t<meta property=\"og:image:width\" content=\"1534\" \/>\n\t<meta property=\"og:image:height\" content=\"1022\" \/>\n\t<meta property=\"og:image:type\" content=\"image\/jpeg\" \/>\n<meta name=\"twitter:card\" content=\"summary_large_image\" \/>\n<meta name=\"twitter:label1\" content=\"Est. reading time\" \/>\n\t<meta name=\"twitter:data1\" content=\"3 minutes\" \/>\n<script type=\"application\/ld+json\" class=\"yoast-schema-graph\">{\"@context\":\"https:\\\/\\\/schema.org\",\"@graph\":[{\"@type\":\"WebPage\",\"@id\":\"https:\\\/\\\/www.berlitzbratislava.sk\\\/en\\\/produkt\\\/individual-language-course-online-package-30x45-min\\\/\",\"url\":\"https:\\\/\\\/www.berlitzbratislava.sk\\\/en\\\/produkt\\\/individual-language-course-online-package-30x45-min\\\/\",\"name\":\"Online individual language course with Berlitz\",\"isPartOf\":{\"@id\":\"https:\\\/\\\/www.berlitzbratislava.sk\\\/en\\\/#website\"},\"primaryImageOfPage\":{\"@id\":\"https:\\\/\\\/www.berlitzbratislava.sk\\\/en\\\/produkt\\\/individual-language-course-online-package-30x45-min\\\/#primaryimage\"},\"image\":{\"@id\":\"https:\\\/\\\/www.berlitzbratislava.sk\\\/en\\\/produkt\\\/individual-language-course-online-package-30x45-min\\\/#primaryimage\"},\"thumbnailUrl\":\"https:\\\/\\\/www.berlitzbratislava.sk\\\/wp-content\\\/uploads\\\/shutterstock_2437576341-scaled.jpg\",\"datePublished\":\"2022-09-30T10:44:58+00:00\",\"dateModified\":\"2025-05-06T13:53:24+00:00\",\"description\":\"Individual language course online. English, German, French, Spanish, Italian and Slovak. Convenient packages.\",\"breadcrumb\":{\"@id\":\"https:\\\/\\\/www.berlitzbratislava.sk\\\/en\\\/produkt\\\/individual-language-course-online-package-30x45-min\\\/#breadcrumb\"},\"inLanguage\":\"en-US\",\"potentialAction\":[{\"@type\":\"ReadAction\",\"target\":[\"https:\\\/\\\/www.berlitzbratislava.sk\\\/en\\\/produkt\\\/individual-language-course-online-package-30x45-min\\\/\"]}]},{\"@type\":\"ImageObject\",\"inLanguage\":\"en-US\",\"@id\":\"https:\\\/\\\/www.berlitzbratislava.sk\\\/en\\\/produkt\\\/individual-language-course-online-package-30x45-min\\\/#primaryimage\",\"url\":\"https:\\\/\\\/www.berlitzbratislava.sk\\\/wp-content\\\/uploads\\\/shutterstock_2437576341-scaled.jpg\",\"contentUrl\":\"https:\\\/\\\/www.berlitzbratislava.sk\\\/wp-content\\\/uploads\\\/shutterstock_2437576341-scaled.jpg\",\"width\":2560,\"height\":1350,\"caption\":\"shutterstock_2437576341.jpg\"},{\"@type\":\"BreadcrumbList\",\"@id\":\"https:\\\/\\\/www.berlitzbratislava.sk\\\/en\\\/produkt\\\/individual-language-course-online-package-30x45-min\\\/#breadcrumb\",\"itemListElement\":[{\"@type\":\"ListItem\",\"position\":1,\"name\":\"Home\",\"item\":\"https:\\\/\\\/www.berlitzbratislava.sk\\\/en\\\/why-berlitz\\\/\"},{\"@type\":\"ListItem\",\"position\":2,\"name\":\"Courses &amp; Eshop\",\"item\":\"https:\\\/\\\/www.berlitzbratislava.sk\\\/shop\\\/?lang=en\"},{\"@type\":\"ListItem\",\"position\":3,\"name\":\"ONLINE ANGLI\u010cTINA, TALIAN\u010cINA a in\u00e9 INDIVIDU\u00c1LNY KURZ bal\u00edk 20 x 45 min \\\/ 15 x 60 min\"}]},{\"@type\":\"WebSite\",\"@id\":\"https:\\\/\\\/www.berlitzbratislava.sk\\\/en\\\/#website\",\"url\":\"https:\\\/\\\/www.berlitzbratislava.sk\\\/en\\\/\",\"name\":\"berlitzbratislava.sk\",\"description\":\"Pom\u00f4\u017eeme V\u00e1m z\u00edska\u0165 jazykov\u00e9 sebavedomie, skr\u00e1\u0165te si cestu k nov\u00fdm mo\u017enostiam s Berlitz.\",\"publisher\":{\"@id\":\"https:\\\/\\\/www.berlitzbratislava.sk\\\/en\\\/#organization\"},\"potentialAction\":[{\"@type\":\"SearchAction\",\"target\":{\"@type\":\"EntryPoint\",\"urlTemplate\":\"https:\\\/\\\/www.berlitzbratislava.sk\\\/en\\\/?s={search_term_string}\"},\"query-input\":{\"@type\":\"PropertyValueSpecification\",\"valueRequired\":true,\"valueName\":\"search_term_string\"}}],\"inLanguage\":\"en-US\"},{\"@type\":\"Organization\",\"@id\":\"https:\\\/\\\/www.berlitzbratislava.sk\\\/en\\\/#organization\",\"name\":\"Blue Elephant, s.r.o.\",\"url\":\"https:\\\/\\\/www.berlitzbratislava.sk\\\/en\\\/\",\"logo\":{\"@type\":\"ImageObject\",\"inLanguage\":\"en-US\",\"@id\":\"https:\\\/\\\/www.berlitzbratislava.sk\\\/en\\\/#\\\/schema\\\/logo\\\/image\\\/\",\"url\":\"https:\\\/\\\/www.berlitzbratislava.sk\\\/wp-content\\\/uploads\\\/berlitz-logo_nopill-blue.svg\",\"contentUrl\":\"https:\\\/\\\/www.berlitzbratislava.sk\\\/wp-content\\\/uploads\\\/berlitz-logo_nopill-blue.svg\",\"width\":1,\"height\":1,\"caption\":\"Blue Elephant, s.r.o.\"},\"image\":{\"@id\":\"https:\\\/\\\/www.berlitzbratislava.sk\\\/en\\\/#\\\/schema\\\/logo\\\/image\\\/\"},\"sameAs\":[\"https:\\\/\\\/www.facebook.com\\\/BerlitzBratislava\\\/\",\"https:\\\/\\\/www.instagram.com\\\/berlitzbratislava\\\/\",\"https:\\\/\\\/sk.linkedin.com\\\/in\\\/berlitz-bratislava-603502184\"]}]}<\/script>\n<!-- \/ Yoast SEO plugin. -->","yoast_head_json":{"title":"Online individual language course with Berlitz","description":"Individual language course online. English, German, French, Spanish, Italian and Slovak. Convenient packages.","robots":{"index":"index","follow":"follow","max-snippet":"max-snippet:-1","max-image-preview":"max-image-preview:large","max-video-preview":"max-video-preview:-1"},"canonical":"https:\/\/www.berlitzbratislava.sk\/en\/produkt\/individual-language-course-online-package-30x45-min\/","og_locale":"en_US","og_type":"article","og_title":"Online individual language course with Berlitz","og_description":"Individual language course online. English, German, French, Spanish, Italian and Slovak. Convenient packages.","og_url":"https:\/\/www.berlitzbratislava.sk\/en\/produkt\/individual-language-course-online-package-30x45-min\/","og_site_name":"berlitzbratislava.sk","article_publisher":"https:\/\/www.facebook.com\/BerlitzBratislava\/","article_modified_time":"2025-05-06T13:53:24+00:00","og_image":[{"width":1534,"height":1022,"url":"https:\/\/www.berlitzbratislava.sk\/wp-content\/uploads\/iStock-898357554-1-1.jpg","type":"image\/jpeg"}],"twitter_card":"summary_large_image","twitter_misc":{"Est. reading time":"3 minutes"},"schema":{"@context":"https:\/\/schema.org","@graph":[{"@type":"WebPage","@id":"https:\/\/www.berlitzbratislava.sk\/en\/produkt\/individual-language-course-online-package-30x45-min\/","url":"https:\/\/www.berlitzbratislava.sk\/en\/produkt\/individual-language-course-online-package-30x45-min\/","name":"Online individual language course with Berlitz","isPartOf":{"@id":"https:\/\/www.berlitzbratislava.sk\/en\/#website"},"primaryImageOfPage":{"@id":"https:\/\/www.berlitzbratislava.sk\/en\/produkt\/individual-language-course-online-package-30x45-min\/#primaryimage"},"image":{"@id":"https:\/\/www.berlitzbratislava.sk\/en\/produkt\/individual-language-course-online-package-30x45-min\/#primaryimage"},"thumbnailUrl":"https:\/\/www.berlitzbratislava.sk\/wp-content\/uploads\/shutterstock_2437576341-scaled.jpg","datePublished":"2022-09-30T10:44:58+00:00","dateModified":"2025-05-06T13:53:24+00:00","description":"Individual language course online. English, German, French, Spanish, Italian and Slovak. Convenient packages.","breadcrumb":{"@id":"https:\/\/www.berlitzbratislava.sk\/en\/produkt\/individual-language-course-online-package-30x45-min\/#breadcrumb"},"inLanguage":"en-US","potentialAction":[{"@type":"ReadAction","target":["https:\/\/www.berlitzbratislava.sk\/en\/produkt\/individual-language-course-online-package-30x45-min\/"]}]},{"@type":"ImageObject","inLanguage":"en-US","@id":"https:\/\/www.berlitzbratislava.sk\/en\/produkt\/individual-language-course-online-package-30x45-min\/#primaryimage","url":"https:\/\/www.berlitzbratislava.sk\/wp-content\/uploads\/shutterstock_2437576341-scaled.jpg","contentUrl":"https:\/\/www.berlitzbratislava.sk\/wp-content\/uploads\/shutterstock_2437576341-scaled.jpg","width":2560,"height":1350,"caption":"shutterstock_2437576341.jpg"},{"@type":"BreadcrumbList","@id":"https:\/\/www.berlitzbratislava.sk\/en\/produkt\/individual-language-course-online-package-30x45-min\/#breadcrumb","itemListElement":[{"@type":"ListItem","position":1,"name":"Home","item":"https:\/\/www.berlitzbratislava.sk\/en\/why-berlitz\/"},{"@type":"ListItem","position":2,"name":"Courses &amp; Eshop","item":"https:\/\/www.berlitzbratislava.sk\/shop\/?lang=en"},{"@type":"ListItem","position":3,"name":"ONLINE ANGLI\u010cTINA, TALIAN\u010cINA a in\u00e9 INDIVIDU\u00c1LNY KURZ bal\u00edk 20 x 45 min \/ 15 x 60 min"}]},{"@type":"WebSite","@id":"https:\/\/www.berlitzbratislava.sk\/en\/#website","url":"https:\/\/www.berlitzbratislava.sk\/en\/","name":"berlitzbratislava.sk","description":"Pom\u00f4\u017eeme V\u00e1m z\u00edska\u0165 jazykov\u00e9 sebavedomie, skr\u00e1\u0165te si cestu k nov\u00fdm mo\u017enostiam s Berlitz.","publisher":{"@id":"https:\/\/www.berlitzbratislava.sk\/en\/#organization"},"potentialAction":[{"@type":"SearchAction","target":{"@type":"EntryPoint","urlTemplate":"https:\/\/www.berlitzbratislava.sk\/en\/?s={search_term_string}"},"query-input":{"@type":"PropertyValueSpecification","valueRequired":true,"valueName":"search_term_string"}}],"inLanguage":"en-US"},{"@type":"Organization","@id":"https:\/\/www.berlitzbratislava.sk\/en\/#organization","name":"Blue Elephant, s.r.o.","url":"https:\/\/www.berlitzbratislava.sk\/en\/","logo":{"@type":"ImageObject","inLanguage":"en-US","@id":"https:\/\/www.berlitzbratislava.sk\/en\/#\/schema\/logo\/image\/","url":"https:\/\/www.berlitzbratislava.sk\/wp-content\/uploads\/berlitz-logo_nopill-blue.svg","contentUrl":"https:\/\/www.berlitzbratislava.sk\/wp-content\/uploads\/berlitz-logo_nopill-blue.svg","width":1,"height":1,"caption":"Blue Elephant, s.r.o."},"image":{"@id":"https:\/\/www.berlitzbratislava.sk\/en\/#\/schema\/logo\/image\/"},"sameAs":["https:\/\/www.facebook.com\/BerlitzBratislava\/","https:\/\/www.instagram.com\/berlitzbratislava\/","https:\/\/sk.linkedin.com\/in\/berlitz-bratislava-603502184"]}]}},"_links":{"self":[{"href":"https:\/\/www.berlitzbratislava.sk\/en\/wp-json\/wp\/v2\/product\/10886","targetHints":{"allow":["GET"]}}],"collection":[{"href":"https:\/\/www.berlitzbratislava.sk\/en\/wp-json\/wp\/v2\/product"}],"about":[{"href":"https:\/\/www.berlitzbratislava.sk\/en\/wp-json\/wp\/v2\/types\/product"}],"replies":[{"embeddable":true,"href":"https:\/\/www.berlitzbratislava.sk\/en\/wp-json\/wp\/v2\/comments?post=10886"}],"wp:featuredmedia":[{"embeddable":true,"href":"https:\/\/www.berlitzbratislava.sk\/en\/wp-json\/wp\/v2\/media\/19360"}],"wp:attachment":[{"href":"https:\/\/www.berlitzbratislava.sk\/en\/wp-json\/wp\/v2\/media?parent=10886"}],"wp:term":[{"taxonomy":"product_brand","embeddable":true,"href":"https:\/\/www.berlitzbratislava.sk\/en\/wp-json\/wp\/v2\/product_brand?post=10886"},{"taxonomy":"product_cat","embeddable":true,"href":"https:\/\/www.berlitzbratislava.sk\/en\/wp-json\/wp\/v2\/product_cat?post=10886"},{"taxonomy":"product_tag","embeddable":true,"href":"https:\/\/www.berlitzbratislava.sk\/en\/wp-json\/wp\/v2\/product_tag?post=10886"}],"curies":[{"name":"wp","href":"https:\/\/api.w.org\/{rel}","templated":true}]}}