{"id":10906,"date":"2022-05-21T19:00:58","date_gmt":"2022-12-13T12:15:24","guid":{"rendered":"https:\/\/www.berlitzbratislava.sk\/produkt\/berlitz-self-study-course-for-employees-license-up-to-6-months\/"},"modified":"2025-03-22T20:15:26","modified_gmt":"2025-03-22T19:15:26","slug":"self-study-course-for-employees","status":"publish","type":"product","link":"https:\/\/www.berlitzbratislava.sk\/en\/produkt\/self-study-course-for-employees\/","title":{"rendered":"Berlitz self-study course for<br\/> employees <br\/>license valid for up to 6 months."},"content":{"rendered":"<p><span style=\"background-color: #ffffff;color: #000000\"><strong><span style=\"background-color: #ffffff\">A unique <span style=\"color: #000080\"><a style=\"background-color: #ffffff;color: #000080\" href=\"https:\/\/bit.ly\/34sCK9j\">self-study course<\/a><\/span>, now with free short video lessons.<\/span><\/strong><\/span><\/p>\n<p><strong>Live app with weekly content updates. Each week is unique and therefore you will never get tired of learning with this app \ud83d\ude42<br \/>\n<\/strong><\/p>\n<p>Motivating and fun interactive exercises with constant 24\/7 access for 6 months.<\/p>\n<ul>\n<li>Adapts to your specific interests and topics (world news, sports, art&#8230;).<\/li>\n<li>Contains a pronunciation and memory simulator.<\/li>\n<li>Consists of 800 training modules, which also include 218 professions and 20 industries.<\/li>\n<li><strong>Suitable for adults and children from 10 years of age<\/strong><\/li>\n<li>Also accessible from a mobile phone.<\/li>\n<li>Every day, a new interactive lesson is sent to your email.<\/li>\n<li>The app contains an autocorrect function &#8211; it will automatically correct you during exercises and show the correct option.<\/li>\n<li>Exercises are focused on grammar, vocabulary, and listening.<\/li>\n<li>A live tutor who will answer your questions in writing or via audio.<\/li>\n<li>Possibility to write to or chat with other participants.<\/li>\n<li>We will be happy to train you in the use of the teaching software for free.<\/li>\n<li>If you will be using a professional network (VPN) to connect to our app, we recommend that you contact your IT department to verify compatibility.<\/li>\n<\/ul>\n<p><span style=\"color: #0000ff\"><strong>CURRENTLY, YOU WILL RECEIVE A BONUS FROM US &#8211; SHORT VIDEOS WITH SUBTITLES AND PRONUNCIATION SAMPLES FOR FREE. <\/strong><\/span><\/p>\n<p><strong>The Berlitz self-study course for employees includes:<\/strong><\/p>\n<ul>\n<li>Interactive activities such as videos.<\/li>\n<li>Unlimited virtual group lessons.<\/li>\n<li>An online placement test that will determine your language level.<\/li>\n<li>You can track your progress, the system automaticaly corrects of your grammar exercises.<\/li>\n<\/ul>\n<p>Regular tests help you track your progress. Within the virtual platform, you will also have access to offline materials and you can learn from anywhere.<\/p>\n<p>Is self-study not enough for you? Do you need a native speaker?<\/p>\n<p>The app provides the opportunity to connect to self-study Skype lessons, which are as long as 30 minutes, you can choose your native speaker in any language, more than 300 lecturers are connected to the app, and you can study early in the morning from 5 AM or 6 AM if you are an early bird, or late in the evening if you are a night owl, since our lecturers are in different time zones. You can study at 5 a.m. but also 11 p.m.<\/p>\n<div class=\"message-box relative dark\" style=\"padding-top:15px;padding-bottom:15px;\"><div class=\"message-box-bg-image bg-fill fill\" style=\"background-image:url(#3b5dab);\"><\/div><div class=\"message-box-bg-overlay bg-fill fill\" ><\/div><div class=\"container relative\"><div class=\"inner last-reset\"> For more information contact:<br \/>\nKatar\u00edna Boskovi\u010dov\u00e1<br \/>\nphone.: +421 910 808 101<br \/>\ne-mail: <a href=\"mailto:boskovicova@berlitzbratislava.sk\">boskovicova@berlitzbratislava.sk<\/a> <\/div><\/div><\/div>\n<p>&nbsp;<\/p>\n<p><em>The course validity is 6 months from the activation of the license. Conditions can be found in <a href=\"https:\/\/www.berlitzbratislava.sk\/general-terms-and-conditions\/?lang=en\">General Terms and Conditions.<\/a> <\/em><\/p>\n<p>Our <strong>BERLITZ<\/strong> brand was awarded the <a href=\"https:\/\/www.slovaksuperbrands.com\/#prettyPhoto\/0\/\">Superbrands Slovakia award for 2022<\/a> by Slovak consumers and an expert jury, making it one of the most successful B2C brands in the Slovak Republic. <strong>Thank you for helping us build our brand.<\/strong><\/p>\n<p>&nbsp;<\/p>\n","protected":false},"excerpt":{"rendered":"<ul>\n<li><strong>LANGUAGES:<\/strong> English, German, French, Spanish<\/li>\n<li><strong>COURSE<\/strong> <strong>LENGTH:<\/strong> 6 months<\/li>\n<li><strong>Lesson duration:<\/strong> 30 min.<\/li>\n<li><strong>Course start:<\/strong> anytime<\/li>\n<li><strong>Course intensity:<\/strong> according to requirements<\/li>\n<li><strong>Teaching dates: <\/strong>24\/7<\/li>\n<li><strong>Number of students:<\/strong> 1<\/li>\n<li><strong>Lecturer:<\/strong> live tutor<\/li>\n<\/ul>\n","protected":false},"featured_media":0,"comment_status":"open","ping_status":"closed","template":"","meta":[],"product_brand":[],"product_cat":[314],"product_tag":[],"class_list":{"0":"post-10906","1":"product","2":"type-product","3":"status-publish","5":"product_cat-e-berlitz-en","6":"pa_forma-vyucby-online-en","7":"pa_jazyk-english-en","8":"pa_jazyk-french","9":"pa_jazyk-german","10":"pa_jazyk-spanish","11":"pa_lektor-native-speaker-en","12":"pa_sposob-vyucby-individual","14":"first","15":"instock","16":"sale","17":"taxable","18":"shipping-taxable","19":"product-type-variable"},"yoast_head":"<!-- This site is optimized with the Yoast SEO plugin v27.4 - https:\/\/yoast.com\/product\/yoast-seo-wordpress\/ -->\n<title>Self-Study Language Course for Employees<\/title>\n<meta name=\"description\" content=\"Berlitz self-study course for employees. Different languages. Interactive platform available 24\/7. Self-study of English. Tutor available.\" \/>\n<meta name=\"robots\" content=\"index, follow, max-snippet:-1, max-image-preview:large, max-video-preview:-1\" \/>\n<link rel=\"canonical\" href=\"https:\/\/www.berlitzbratislava.sk\/en\/produkt\/self-study-course-for-employees\/\" \/>\n<meta property=\"og:locale\" content=\"en_US\" \/>\n<meta property=\"og:type\" content=\"article\" \/>\n<meta property=\"og:title\" content=\"Self-Study Language Course for Employees\" \/>\n<meta property=\"og:description\" content=\"Berlitz self-study course for employees. Different languages. Interactive platform available 24\/7. Self-study of English. Tutor available.\" \/>\n<meta property=\"og:url\" content=\"https:\/\/www.berlitzbratislava.sk\/en\/produkt\/self-study-course-for-employees\/\" \/>\n<meta property=\"og:site_name\" content=\"berlitzbratislava.sk\" \/>\n<meta property=\"article:publisher\" content=\"https:\/\/www.facebook.com\/BerlitzBratislava\/\" \/>\n<meta property=\"article:modified_time\" content=\"2025-03-22T19:15:26+00:00\" \/>\n<meta property=\"og:image\" content=\"https:\/\/www.berlitzbratislava.sk\/wp-content\/uploads\/samostudijna-app.jpg\" \/>\n\t<meta property=\"og:image:width\" content=\"1767\" \/>\n\t<meta property=\"og:image:height\" content=\"1179\" \/>\n\t<meta property=\"og:image:type\" content=\"image\/jpeg\" \/>\n<meta name=\"twitter:card\" content=\"summary_large_image\" \/>\n<meta name=\"twitter:label1\" content=\"Est. reading time\" \/>\n\t<meta name=\"twitter:data1\" content=\"3 minutes\" \/>\n<script type=\"application\/ld+json\" class=\"yoast-schema-graph\">{\"@context\":\"https:\\\/\\\/schema.org\",\"@graph\":[{\"@type\":\"WebPage\",\"@id\":\"https:\\\/\\\/www.berlitzbratislava.sk\\\/en\\\/produkt\\\/self-study-course-for-employees\\\/\",\"url\":\"https:\\\/\\\/www.berlitzbratislava.sk\\\/en\\\/produkt\\\/self-study-course-for-employees\\\/\",\"name\":\"Self-Study Language Course for Employees\",\"isPartOf\":{\"@id\":\"https:\\\/\\\/www.berlitzbratislava.sk\\\/en\\\/#website\"},\"datePublished\":\"2022-12-13T12:15:24+00:00\",\"dateModified\":\"2025-03-22T19:15:26+00:00\",\"description\":\"Berlitz self-study course for employees. Different languages. Interactive platform available 24\\\/7. Self-study of English. Tutor available.\",\"breadcrumb\":{\"@id\":\"https:\\\/\\\/www.berlitzbratislava.sk\\\/en\\\/produkt\\\/self-study-course-for-employees\\\/#breadcrumb\"},\"inLanguage\":\"en-US\",\"potentialAction\":[{\"@type\":\"ReadAction\",\"target\":[\"https:\\\/\\\/www.berlitzbratislava.sk\\\/en\\\/produkt\\\/self-study-course-for-employees\\\/\"]}]},{\"@type\":\"BreadcrumbList\",\"@id\":\"https:\\\/\\\/www.berlitzbratislava.sk\\\/en\\\/produkt\\\/self-study-course-for-employees\\\/#breadcrumb\",\"itemListElement\":[{\"@type\":\"ListItem\",\"position\":1,\"name\":\"Home\",\"item\":\"https:\\\/\\\/www.berlitzbratislava.sk\\\/en\\\/why-berlitz\\\/\"},{\"@type\":\"ListItem\",\"position\":2,\"name\":\"Courses &amp; Eshop\",\"item\":\"https:\\\/\\\/www.berlitzbratislava.sk\\\/shop\\\/?lang=en\"},{\"@type\":\"ListItem\",\"position\":3,\"name\":\"Berlitz self-study course for employees license valid for up to 6 months.\"}]},{\"@type\":\"WebSite\",\"@id\":\"https:\\\/\\\/www.berlitzbratislava.sk\\\/en\\\/#website\",\"url\":\"https:\\\/\\\/www.berlitzbratislava.sk\\\/en\\\/\",\"name\":\"berlitzbratislava.sk\",\"description\":\"Pom\u00f4\u017eeme V\u00e1m z\u00edska\u0165 jazykov\u00e9 sebavedomie, skr\u00e1\u0165te si cestu k nov\u00fdm mo\u017enostiam s Berlitz.\",\"publisher\":{\"@id\":\"https:\\\/\\\/www.berlitzbratislava.sk\\\/en\\\/#organization\"},\"potentialAction\":[{\"@type\":\"SearchAction\",\"target\":{\"@type\":\"EntryPoint\",\"urlTemplate\":\"https:\\\/\\\/www.berlitzbratislava.sk\\\/en\\\/?s={search_term_string}\"},\"query-input\":{\"@type\":\"PropertyValueSpecification\",\"valueRequired\":true,\"valueName\":\"search_term_string\"}}],\"inLanguage\":\"en-US\"},{\"@type\":\"Organization\",\"@id\":\"https:\\\/\\\/www.berlitzbratislava.sk\\\/en\\\/#organization\",\"name\":\"Blue Elephant, s.r.o.\",\"url\":\"https:\\\/\\\/www.berlitzbratislava.sk\\\/en\\\/\",\"logo\":{\"@type\":\"ImageObject\",\"inLanguage\":\"en-US\",\"@id\":\"https:\\\/\\\/www.berlitzbratislava.sk\\\/en\\\/#\\\/schema\\\/logo\\\/image\\\/\",\"url\":\"https:\\\/\\\/www.berlitzbratislava.sk\\\/wp-content\\\/uploads\\\/berlitz-logo_nopill-blue.svg\",\"contentUrl\":\"https:\\\/\\\/www.berlitzbratislava.sk\\\/wp-content\\\/uploads\\\/berlitz-logo_nopill-blue.svg\",\"width\":1,\"height\":1,\"caption\":\"Blue Elephant, s.r.o.\"},\"image\":{\"@id\":\"https:\\\/\\\/www.berlitzbratislava.sk\\\/en\\\/#\\\/schema\\\/logo\\\/image\\\/\"},\"sameAs\":[\"https:\\\/\\\/www.facebook.com\\\/BerlitzBratislava\\\/\",\"https:\\\/\\\/www.instagram.com\\\/berlitzbratislava\\\/\",\"https:\\\/\\\/sk.linkedin.com\\\/in\\\/berlitz-bratislava-603502184\"]}]}<\/script>\n<!-- \/ Yoast SEO plugin. -->","yoast_head_json":{"title":"Self-Study Language Course for Employees","description":"Berlitz self-study course for employees. Different languages. Interactive platform available 24\/7. Self-study of English. Tutor available.","robots":{"index":"index","follow":"follow","max-snippet":"max-snippet:-1","max-image-preview":"max-image-preview:large","max-video-preview":"max-video-preview:-1"},"canonical":"https:\/\/www.berlitzbratislava.sk\/en\/produkt\/self-study-course-for-employees\/","og_locale":"en_US","og_type":"article","og_title":"Self-Study Language Course for Employees","og_description":"Berlitz self-study course for employees. Different languages. Interactive platform available 24\/7. Self-study of English. Tutor available.","og_url":"https:\/\/www.berlitzbratislava.sk\/en\/produkt\/self-study-course-for-employees\/","og_site_name":"berlitzbratislava.sk","article_publisher":"https:\/\/www.facebook.com\/BerlitzBratislava\/","article_modified_time":"2025-03-22T19:15:26+00:00","og_image":[{"width":1767,"height":1179,"url":"https:\/\/www.berlitzbratislava.sk\/wp-content\/uploads\/samostudijna-app.jpg","type":"image\/jpeg"}],"twitter_card":"summary_large_image","twitter_misc":{"Est. reading time":"3 minutes"},"schema":{"@context":"https:\/\/schema.org","@graph":[{"@type":"WebPage","@id":"https:\/\/www.berlitzbratislava.sk\/en\/produkt\/self-study-course-for-employees\/","url":"https:\/\/www.berlitzbratislava.sk\/en\/produkt\/self-study-course-for-employees\/","name":"Self-Study Language Course for Employees","isPartOf":{"@id":"https:\/\/www.berlitzbratislava.sk\/en\/#website"},"datePublished":"2022-12-13T12:15:24+00:00","dateModified":"2025-03-22T19:15:26+00:00","description":"Berlitz self-study course for employees. Different languages. Interactive platform available 24\/7. Self-study of English. Tutor available.","breadcrumb":{"@id":"https:\/\/www.berlitzbratislava.sk\/en\/produkt\/self-study-course-for-employees\/#breadcrumb"},"inLanguage":"en-US","potentialAction":[{"@type":"ReadAction","target":["https:\/\/www.berlitzbratislava.sk\/en\/produkt\/self-study-course-for-employees\/"]}]},{"@type":"BreadcrumbList","@id":"https:\/\/www.berlitzbratislava.sk\/en\/produkt\/self-study-course-for-employees\/#breadcrumb","itemListElement":[{"@type":"ListItem","position":1,"name":"Home","item":"https:\/\/www.berlitzbratislava.sk\/en\/why-berlitz\/"},{"@type":"ListItem","position":2,"name":"Courses &amp; Eshop","item":"https:\/\/www.berlitzbratislava.sk\/shop\/?lang=en"},{"@type":"ListItem","position":3,"name":"Berlitz self-study course for employees license valid for up to 6 months."}]},{"@type":"WebSite","@id":"https:\/\/www.berlitzbratislava.sk\/en\/#website","url":"https:\/\/www.berlitzbratislava.sk\/en\/","name":"berlitzbratislava.sk","description":"Pom\u00f4\u017eeme V\u00e1m z\u00edska\u0165 jazykov\u00e9 sebavedomie, skr\u00e1\u0165te si cestu k nov\u00fdm mo\u017enostiam s Berlitz.","publisher":{"@id":"https:\/\/www.berlitzbratislava.sk\/en\/#organization"},"potentialAction":[{"@type":"SearchAction","target":{"@type":"EntryPoint","urlTemplate":"https:\/\/www.berlitzbratislava.sk\/en\/?s={search_term_string}"},"query-input":{"@type":"PropertyValueSpecification","valueRequired":true,"valueName":"search_term_string"}}],"inLanguage":"en-US"},{"@type":"Organization","@id":"https:\/\/www.berlitzbratislava.sk\/en\/#organization","name":"Blue Elephant, s.r.o.","url":"https:\/\/www.berlitzbratislava.sk\/en\/","logo":{"@type":"ImageObject","inLanguage":"en-US","@id":"https:\/\/www.berlitzbratislava.sk\/en\/#\/schema\/logo\/image\/","url":"https:\/\/www.berlitzbratislava.sk\/wp-content\/uploads\/berlitz-logo_nopill-blue.svg","contentUrl":"https:\/\/www.berlitzbratislava.sk\/wp-content\/uploads\/berlitz-logo_nopill-blue.svg","width":1,"height":1,"caption":"Blue Elephant, s.r.o."},"image":{"@id":"https:\/\/www.berlitzbratislava.sk\/en\/#\/schema\/logo\/image\/"},"sameAs":["https:\/\/www.facebook.com\/BerlitzBratislava\/","https:\/\/www.instagram.com\/berlitzbratislava\/","https:\/\/sk.linkedin.com\/in\/berlitz-bratislava-603502184"]}]}},"_links":{"self":[{"href":"https:\/\/www.berlitzbratislava.sk\/en\/wp-json\/wp\/v2\/product\/10906","targetHints":{"allow":["GET"]}}],"collection":[{"href":"https:\/\/www.berlitzbratislava.sk\/en\/wp-json\/wp\/v2\/product"}],"about":[{"href":"https:\/\/www.berlitzbratislava.sk\/en\/wp-json\/wp\/v2\/types\/product"}],"replies":[{"embeddable":true,"href":"https:\/\/www.berlitzbratislava.sk\/en\/wp-json\/wp\/v2\/comments?post=10906"}],"wp:attachment":[{"href":"https:\/\/www.berlitzbratislava.sk\/en\/wp-json\/wp\/v2\/media?parent=10906"}],"wp:term":[{"taxonomy":"product_brand","embeddable":true,"href":"https:\/\/www.berlitzbratislava.sk\/en\/wp-json\/wp\/v2\/product_brand?post=10906"},{"taxonomy":"product_cat","embeddable":true,"href":"https:\/\/www.berlitzbratislava.sk\/en\/wp-json\/wp\/v2\/product_cat?post=10906"},{"taxonomy":"product_tag","embeddable":true,"href":"https:\/\/www.berlitzbratislava.sk\/en\/wp-json\/wp\/v2\/product_tag?post=10906"}],"curies":[{"name":"wp","href":"https:\/\/api.w.org\/{rel}","templated":true}]}}