{"id":10928,"date":"2022-09-30T13:04:44","date_gmt":"2022-09-30T11:04:44","guid":{"rendered":"https:\/\/www.berlitzbratislava.sk\/produkt\/individual-online-language-course-package-of-40-x-45-min-selection-of-several-languages\/"},"modified":"2025-03-22T20:28:09","modified_gmt":"2025-03-22T19:28:09","slug":"individual-language-course-online-package-40-x-45-min","status":"publish","type":"product","link":"https:\/\/www.berlitzbratislava.sk\/en\/produkt\/individual-language-course-online-package-40-x-45-min\/","title":{"rendered":"ONLINE ENGLISH, GERMAN and others <br\/> INDIVIDUAL COURSE <br\/> package 40 x 45 min \/ 30 x 60 min"},"content":{"rendered":"<p><strong><span style=\"text-decoration: none\">INDIVIDUAL LANGUAGE COURSE ONLINE package 40 x 45 min \/ 30 x 60 min <\/span><\/strong>is guided by the world-renowned <strong><span style=\"text-decoration: none\"><a href=\"https:\/\/www.berlitzbratislava.sk\/berlitz-method-and-history\/?lang=en\">Berlitz method<\/a><\/span>,<\/strong> which helps you speak and think in a foreign language from the very beginning. Dialogue is the essence of Berlitz learning. We guarantee that thanks to the active, lively format you will be able to communicate in a new language quickly and without obstacles. You have a choice of languages such as English, German, Spanish, French and Italian. Of course, we also offer Slovak for foreigners, where we teach you to communicate in our language as quickly as other languages.<\/p>\n<p><strong>Berlitz language level<\/strong><\/p>\n<p>If the curriculum and intensity of the lessons are followed, <strong>we guarantee an improvement of one Berlitz language level after completing 40 x 45 min \/ 30 x 60 min<\/strong>.<\/p>\n<p><b>Form of teaching<\/b><\/p>\n<p>The course takes place online via Microsoft Teams, Skype, Zoom, Google Hangouts, WhatsApp, and Facetime communication platforms. Qualified lecturers with many years of experience follow your exact needs and adapt the classes to your current language level. We will place you in one of the ten Berlitz levels according to the precise setting of your goals and needs. This will develop your language potential most effectively.<\/p>\n<p>Not sure about your language level? Take a free test <a><strong>HERE<\/strong><\/a><\/p>\n<p><strong>Focus:<\/strong><\/p>\n<p>Berlitz level 1 to 4 &#8211; BASIC<\/p>\n<p>Berlitz level 5 to 10 \u2013 BASIC + SELECTION OF SPECIALIZATIONS (Business English, Social Situations, Negotiations, Customer Service, Finance &amp; Accounting, Human Resources, Sales, Email &amp; Business Writing, etc.)<\/p>\n<p>Despite the internationally recognized <strong>BERLITZ certificate,<\/strong> we also prepare our students for exams such as <strong>FCE, IELTS, TOEFL<\/strong> and others, where we achieve up to 94% success rate.<\/p>\n<p>Prices are listed with VAT. The price does not include course material.<\/p>\n<p>You can buy the course material <strong><a href=\"https:\/\/www.berlitzbratislava.sk\/produkt\/course-material\/?lang=en\">HERE<\/a><\/strong>.<\/p>\n<p>&nbsp;<\/p>\n<p>For further information, please contact:<\/p>\n<p><strong>Jarka Remen\u00e1rov\u00e1<\/strong><\/p>\n<p><strong>Phone: +421 911 786 431<\/strong><\/p>\n<p><strong>e-mail: studyonline@berlitzba.sk<\/strong><\/p>\n<p><em>You can find the conditions in the <\/em><a href=\"https:\/\/www.berlitzbratislava.sk\/general-terms-and-conditions\/?lang=en\"><em>General Terms and Conditions.<\/em><\/a><\/p>\n<p>Our <strong>BERLITZ<\/strong> brand was awarded the <a href=\"https:\/\/www.slovaksuperbrands.com\/#prettyPhoto\/0\/\">Superbrands Slovakia award for 2022<\/a> by Slovak consumers and an expert jury, making it one of the most successful B2C brands in the Slovak Republic. <strong>Thank you for helping us build our brand.<\/strong><\/p>\n","protected":false},"excerpt":{"rendered":"<ul>\n<li><strong>Languages:<\/strong> English, German, Spanish, French, Italian, and Slovak<\/li>\n<li><strong>Number<\/strong> <strong>of meetings:<\/strong> 40 \/ 30<\/li>\n<li><strong>Meeting length:<\/strong> 45 min \/ 60 min<\/li>\n<li><strong>Course start:<\/strong> anytime<\/li>\n<li><strong>Course intensity:<\/strong> according to requirements<\/li>\n<li><strong>Dates:<\/strong> Monday to Friday from 07:30 \u2013 20:15<\/li>\n<li><strong>Number of students:<\/strong> 1<\/li>\n<li><strong>Lecturer:<\/strong> Native speaker \/ Slovak lecturer<\/li>\n<li><strong>Certificate:<\/strong> Globally recognized BERLITZ certificate<\/li>\n<li>Otestujte si svoju <strong>jazykov\u00fa \u00farove\u0148 <a href=\"https:\/\/test.berlitz.com\/placement\/\">TU.<\/a><\/strong>(Trvanie testu od 30 min do 45 min)<\/li>\n<\/ul>\n","protected":false},"featured_media":19011,"comment_status":"open","ping_status":"closed","template":"","meta":[],"product_brand":[],"product_cat":[183,350,292],"product_tag":[],"class_list":{"0":"post-10928","1":"product","2":"type-product","3":"status-publish","4":"has-post-thumbnail","6":"product_cat-dospeli-en","7":"product_cat-course","8":"product_cat-individual-language-courses-en-2","9":"pa_forma-vyucby-online-en","10":"pa_jazyk-english-en","11":"pa_jazyk-french","12":"pa_jazyk-german","13":"pa_jazyk-italian","14":"pa_jazyk-slovak","15":"pa_jazyk-spanish","16":"pa_lektor-native-speaker-en","17":"pa_lektor-slovak-lecturer","18":"pa_pocet-vyucovacich-hodin-30-x-60-min-en","19":"pa_pocet-vyucovacich-hodin-40-x-45-min-en","21":"first","22":"instock","23":"sale","24":"taxable","25":"shipping-taxable","26":"purchasable","27":"product-type-variable"},"yoast_head":"<!-- This site is optimized with the Yoast SEO plugin v27.4 - https:\/\/yoast.com\/product\/yoast-seo-wordpress\/ -->\n<title>Individual Online Language Course for Adults<\/title>\n<meta name=\"description\" content=\"Individual online language courses for adults offering a choice of English, German, French, Spanish, Italian and Slovak languages\" \/>\n<meta name=\"robots\" content=\"index, follow, max-snippet:-1, max-image-preview:large, max-video-preview:-1\" \/>\n<link rel=\"canonical\" href=\"https:\/\/www.berlitzbratislava.sk\/en\/produkt\/individual-language-course-online-package-40-x-45-min\/\" \/>\n<meta property=\"og:locale\" content=\"en_US\" \/>\n<meta property=\"og:type\" content=\"article\" \/>\n<meta property=\"og:title\" content=\"Individual Online Language Course for Adults\" \/>\n<meta property=\"og:description\" content=\"Individual online language courses for adults offering a choice of English, German, French, Spanish, Italian and Slovak languages\" \/>\n<meta property=\"og:url\" content=\"https:\/\/www.berlitzbratislava.sk\/en\/produkt\/individual-language-course-online-package-40-x-45-min\/\" \/>\n<meta property=\"og:site_name\" content=\"berlitzbratislava.sk\" \/>\n<meta property=\"article:publisher\" content=\"https:\/\/www.facebook.com\/BerlitzBratislava\/\" \/>\n<meta property=\"article:modified_time\" content=\"2025-03-22T19:28:09+00:00\" \/>\n<meta property=\"og:image\" content=\"https:\/\/www.berlitzbratislava.sk\/wp-content\/uploads\/shutterstock_2178170791-scaled.jpg\" \/>\n\t<meta property=\"og:image:width\" content=\"2560\" \/>\n\t<meta property=\"og:image:height\" content=\"1707\" \/>\n\t<meta property=\"og:image:type\" content=\"image\/jpeg\" \/>\n<meta name=\"twitter:card\" content=\"summary_large_image\" \/>\n<meta name=\"twitter:label1\" content=\"Est. reading time\" \/>\n\t<meta name=\"twitter:data1\" content=\"3 minutes\" \/>\n<script type=\"application\/ld+json\" class=\"yoast-schema-graph\">{\"@context\":\"https:\\\/\\\/schema.org\",\"@graph\":[{\"@type\":\"WebPage\",\"@id\":\"https:\\\/\\\/www.berlitzbratislava.sk\\\/en\\\/produkt\\\/individual-language-course-online-package-40-x-45-min\\\/\",\"url\":\"https:\\\/\\\/www.berlitzbratislava.sk\\\/en\\\/produkt\\\/individual-language-course-online-package-40-x-45-min\\\/\",\"name\":\"Individual Online Language Course for Adults\",\"isPartOf\":{\"@id\":\"https:\\\/\\\/www.berlitzbratislava.sk\\\/en\\\/#website\"},\"primaryImageOfPage\":{\"@id\":\"https:\\\/\\\/www.berlitzbratislava.sk\\\/en\\\/produkt\\\/individual-language-course-online-package-40-x-45-min\\\/#primaryimage\"},\"image\":{\"@id\":\"https:\\\/\\\/www.berlitzbratislava.sk\\\/en\\\/produkt\\\/individual-language-course-online-package-40-x-45-min\\\/#primaryimage\"},\"thumbnailUrl\":\"https:\\\/\\\/www.berlitzbratislava.sk\\\/wp-content\\\/uploads\\\/shutterstock_2178170791-scaled.jpg\",\"datePublished\":\"2022-09-30T11:04:44+00:00\",\"dateModified\":\"2025-03-22T19:28:09+00:00\",\"description\":\"Individual online language courses for adults offering a choice of English, German, French, Spanish, Italian and Slovak languages\",\"breadcrumb\":{\"@id\":\"https:\\\/\\\/www.berlitzbratislava.sk\\\/en\\\/produkt\\\/individual-language-course-online-package-40-x-45-min\\\/#breadcrumb\"},\"inLanguage\":\"en-US\",\"potentialAction\":[{\"@type\":\"ReadAction\",\"target\":[\"https:\\\/\\\/www.berlitzbratislava.sk\\\/en\\\/produkt\\\/individual-language-course-online-package-40-x-45-min\\\/\"]}]},{\"@type\":\"ImageObject\",\"inLanguage\":\"en-US\",\"@id\":\"https:\\\/\\\/www.berlitzbratislava.sk\\\/en\\\/produkt\\\/individual-language-course-online-package-40-x-45-min\\\/#primaryimage\",\"url\":\"https:\\\/\\\/www.berlitzbratislava.sk\\\/wp-content\\\/uploads\\\/shutterstock_2178170791-scaled.jpg\",\"contentUrl\":\"https:\\\/\\\/www.berlitzbratislava.sk\\\/wp-content\\\/uploads\\\/shutterstock_2178170791-scaled.jpg\",\"width\":2560,\"height\":1707,\"caption\":\"shutterstock_2178170791.jpg\"},{\"@type\":\"BreadcrumbList\",\"@id\":\"https:\\\/\\\/www.berlitzbratislava.sk\\\/en\\\/produkt\\\/individual-language-course-online-package-40-x-45-min\\\/#breadcrumb\",\"itemListElement\":[{\"@type\":\"ListItem\",\"position\":1,\"name\":\"Home\",\"item\":\"https:\\\/\\\/www.berlitzbratislava.sk\\\/en\\\/why-berlitz\\\/\"},{\"@type\":\"ListItem\",\"position\":2,\"name\":\"Courses &amp; Eshop\",\"item\":\"https:\\\/\\\/www.berlitzbratislava.sk\\\/shop\\\/?lang=en\"},{\"@type\":\"ListItem\",\"position\":3,\"name\":\"ONLINE ENGLISH, GERMAN and others INDIVIDUAL COURSE package 40 x 45 min \\\/ 30 x 60 min\"}]},{\"@type\":\"WebSite\",\"@id\":\"https:\\\/\\\/www.berlitzbratislava.sk\\\/en\\\/#website\",\"url\":\"https:\\\/\\\/www.berlitzbratislava.sk\\\/en\\\/\",\"name\":\"berlitzbratislava.sk\",\"description\":\"Pom\u00f4\u017eeme V\u00e1m z\u00edska\u0165 jazykov\u00e9 sebavedomie, skr\u00e1\u0165te si cestu k nov\u00fdm mo\u017enostiam s Berlitz.\",\"publisher\":{\"@id\":\"https:\\\/\\\/www.berlitzbratislava.sk\\\/en\\\/#organization\"},\"potentialAction\":[{\"@type\":\"SearchAction\",\"target\":{\"@type\":\"EntryPoint\",\"urlTemplate\":\"https:\\\/\\\/www.berlitzbratislava.sk\\\/en\\\/?s={search_term_string}\"},\"query-input\":{\"@type\":\"PropertyValueSpecification\",\"valueRequired\":true,\"valueName\":\"search_term_string\"}}],\"inLanguage\":\"en-US\"},{\"@type\":\"Organization\",\"@id\":\"https:\\\/\\\/www.berlitzbratislava.sk\\\/en\\\/#organization\",\"name\":\"Blue Elephant, s.r.o.\",\"url\":\"https:\\\/\\\/www.berlitzbratislava.sk\\\/en\\\/\",\"logo\":{\"@type\":\"ImageObject\",\"inLanguage\":\"en-US\",\"@id\":\"https:\\\/\\\/www.berlitzbratislava.sk\\\/en\\\/#\\\/schema\\\/logo\\\/image\\\/\",\"url\":\"https:\\\/\\\/www.berlitzbratislava.sk\\\/wp-content\\\/uploads\\\/berlitz-logo_nopill-blue.svg\",\"contentUrl\":\"https:\\\/\\\/www.berlitzbratislava.sk\\\/wp-content\\\/uploads\\\/berlitz-logo_nopill-blue.svg\",\"width\":1,\"height\":1,\"caption\":\"Blue Elephant, s.r.o.\"},\"image\":{\"@id\":\"https:\\\/\\\/www.berlitzbratislava.sk\\\/en\\\/#\\\/schema\\\/logo\\\/image\\\/\"},\"sameAs\":[\"https:\\\/\\\/www.facebook.com\\\/BerlitzBratislava\\\/\",\"https:\\\/\\\/www.instagram.com\\\/berlitzbratislava\\\/\",\"https:\\\/\\\/sk.linkedin.com\\\/in\\\/berlitz-bratislava-603502184\"]}]}<\/script>\n<!-- \/ Yoast SEO plugin. -->","yoast_head_json":{"title":"Individual Online Language Course for Adults","description":"Individual online language courses for adults offering a choice of English, German, French, Spanish, Italian and Slovak languages","robots":{"index":"index","follow":"follow","max-snippet":"max-snippet:-1","max-image-preview":"max-image-preview:large","max-video-preview":"max-video-preview:-1"},"canonical":"https:\/\/www.berlitzbratislava.sk\/en\/produkt\/individual-language-course-online-package-40-x-45-min\/","og_locale":"en_US","og_type":"article","og_title":"Individual Online Language Course for Adults","og_description":"Individual online language courses for adults offering a choice of English, German, French, Spanish, Italian and Slovak languages","og_url":"https:\/\/www.berlitzbratislava.sk\/en\/produkt\/individual-language-course-online-package-40-x-45-min\/","og_site_name":"berlitzbratislava.sk","article_publisher":"https:\/\/www.facebook.com\/BerlitzBratislava\/","article_modified_time":"2025-03-22T19:28:09+00:00","og_image":[{"width":2560,"height":1707,"url":"https:\/\/www.berlitzbratislava.sk\/wp-content\/uploads\/shutterstock_2178170791-scaled.jpg","type":"image\/jpeg"}],"twitter_card":"summary_large_image","twitter_misc":{"Est. reading time":"3 minutes"},"schema":{"@context":"https:\/\/schema.org","@graph":[{"@type":"WebPage","@id":"https:\/\/www.berlitzbratislava.sk\/en\/produkt\/individual-language-course-online-package-40-x-45-min\/","url":"https:\/\/www.berlitzbratislava.sk\/en\/produkt\/individual-language-course-online-package-40-x-45-min\/","name":"Individual Online Language Course for Adults","isPartOf":{"@id":"https:\/\/www.berlitzbratislava.sk\/en\/#website"},"primaryImageOfPage":{"@id":"https:\/\/www.berlitzbratislava.sk\/en\/produkt\/individual-language-course-online-package-40-x-45-min\/#primaryimage"},"image":{"@id":"https:\/\/www.berlitzbratislava.sk\/en\/produkt\/individual-language-course-online-package-40-x-45-min\/#primaryimage"},"thumbnailUrl":"https:\/\/www.berlitzbratislava.sk\/wp-content\/uploads\/shutterstock_2178170791-scaled.jpg","datePublished":"2022-09-30T11:04:44+00:00","dateModified":"2025-03-22T19:28:09+00:00","description":"Individual online language courses for adults offering a choice of English, German, French, Spanish, Italian and Slovak languages","breadcrumb":{"@id":"https:\/\/www.berlitzbratislava.sk\/en\/produkt\/individual-language-course-online-package-40-x-45-min\/#breadcrumb"},"inLanguage":"en-US","potentialAction":[{"@type":"ReadAction","target":["https:\/\/www.berlitzbratislava.sk\/en\/produkt\/individual-language-course-online-package-40-x-45-min\/"]}]},{"@type":"ImageObject","inLanguage":"en-US","@id":"https:\/\/www.berlitzbratislava.sk\/en\/produkt\/individual-language-course-online-package-40-x-45-min\/#primaryimage","url":"https:\/\/www.berlitzbratislava.sk\/wp-content\/uploads\/shutterstock_2178170791-scaled.jpg","contentUrl":"https:\/\/www.berlitzbratislava.sk\/wp-content\/uploads\/shutterstock_2178170791-scaled.jpg","width":2560,"height":1707,"caption":"shutterstock_2178170791.jpg"},{"@type":"BreadcrumbList","@id":"https:\/\/www.berlitzbratislava.sk\/en\/produkt\/individual-language-course-online-package-40-x-45-min\/#breadcrumb","itemListElement":[{"@type":"ListItem","position":1,"name":"Home","item":"https:\/\/www.berlitzbratislava.sk\/en\/why-berlitz\/"},{"@type":"ListItem","position":2,"name":"Courses &amp; Eshop","item":"https:\/\/www.berlitzbratislava.sk\/shop\/?lang=en"},{"@type":"ListItem","position":3,"name":"ONLINE ENGLISH, GERMAN and others INDIVIDUAL COURSE package 40 x 45 min \/ 30 x 60 min"}]},{"@type":"WebSite","@id":"https:\/\/www.berlitzbratislava.sk\/en\/#website","url":"https:\/\/www.berlitzbratislava.sk\/en\/","name":"berlitzbratislava.sk","description":"Pom\u00f4\u017eeme V\u00e1m z\u00edska\u0165 jazykov\u00e9 sebavedomie, skr\u00e1\u0165te si cestu k nov\u00fdm mo\u017enostiam s Berlitz.","publisher":{"@id":"https:\/\/www.berlitzbratislava.sk\/en\/#organization"},"potentialAction":[{"@type":"SearchAction","target":{"@type":"EntryPoint","urlTemplate":"https:\/\/www.berlitzbratislava.sk\/en\/?s={search_term_string}"},"query-input":{"@type":"PropertyValueSpecification","valueRequired":true,"valueName":"search_term_string"}}],"inLanguage":"en-US"},{"@type":"Organization","@id":"https:\/\/www.berlitzbratislava.sk\/en\/#organization","name":"Blue Elephant, s.r.o.","url":"https:\/\/www.berlitzbratislava.sk\/en\/","logo":{"@type":"ImageObject","inLanguage":"en-US","@id":"https:\/\/www.berlitzbratislava.sk\/en\/#\/schema\/logo\/image\/","url":"https:\/\/www.berlitzbratislava.sk\/wp-content\/uploads\/berlitz-logo_nopill-blue.svg","contentUrl":"https:\/\/www.berlitzbratislava.sk\/wp-content\/uploads\/berlitz-logo_nopill-blue.svg","width":1,"height":1,"caption":"Blue Elephant, s.r.o."},"image":{"@id":"https:\/\/www.berlitzbratislava.sk\/en\/#\/schema\/logo\/image\/"},"sameAs":["https:\/\/www.facebook.com\/BerlitzBratislava\/","https:\/\/www.instagram.com\/berlitzbratislava\/","https:\/\/sk.linkedin.com\/in\/berlitz-bratislava-603502184"]}]}},"_links":{"self":[{"href":"https:\/\/www.berlitzbratislava.sk\/en\/wp-json\/wp\/v2\/product\/10928","targetHints":{"allow":["GET"]}}],"collection":[{"href":"https:\/\/www.berlitzbratislava.sk\/en\/wp-json\/wp\/v2\/product"}],"about":[{"href":"https:\/\/www.berlitzbratislava.sk\/en\/wp-json\/wp\/v2\/types\/product"}],"replies":[{"embeddable":true,"href":"https:\/\/www.berlitzbratislava.sk\/en\/wp-json\/wp\/v2\/comments?post=10928"}],"wp:featuredmedia":[{"embeddable":true,"href":"https:\/\/www.berlitzbratislava.sk\/en\/wp-json\/wp\/v2\/media\/19011"}],"wp:attachment":[{"href":"https:\/\/www.berlitzbratislava.sk\/en\/wp-json\/wp\/v2\/media?parent=10928"}],"wp:term":[{"taxonomy":"product_brand","embeddable":true,"href":"https:\/\/www.berlitzbratislava.sk\/en\/wp-json\/wp\/v2\/product_brand?post=10928"},{"taxonomy":"product_cat","embeddable":true,"href":"https:\/\/www.berlitzbratislava.sk\/en\/wp-json\/wp\/v2\/product_cat?post=10928"},{"taxonomy":"product_tag","embeddable":true,"href":"https:\/\/www.berlitzbratislava.sk\/en\/wp-json\/wp\/v2\/product_tag?post=10928"}],"curies":[{"name":"wp","href":"https:\/\/api.w.org\/{rel}","templated":true}]}}