{"id":10944,"date":"2021-10-19T11:48:56","date_gmt":"2022-12-15T09:38:20","guid":{"rendered":"https:\/\/www.berlitzbratislava.sk\/produkt\/berlitz-printed-teaching-material-stock-sale\/"},"modified":"2023-02-24T13:18:28","modified_gmt":"2023-02-24T12:18:28","slug":"berlitz-printed-course-material","status":"publish","type":"product","link":"https:\/\/www.berlitzbratislava.sk\/en\/produkt\/berlitz-printed-course-material\/","title":{"rendered":"Berlitz printed course material<br\/> Stock sale"},"content":{"rendered":"","protected":false},"excerpt":{"rendered":"<p>&nbsp;<\/p>\n<p>STOCK SALE<\/p>\n<p>&nbsp;<\/p>\n<ul>\n<li style=\"list-style-type: none;\">\n<ul>\n<li>materials are developed according to the Berlitz method<\/li>\n<li>offered languages: English, German, French, Italian, Spanish<\/li>\n<li>course material includes a book and an audio CD<\/li>\n<li>focus &#8211; general, business and various specializations (meetings, presentations, writing emails and other)<\/li>\n<li>different language levels and editions<\/li>\n<li>the textbook contains 6-12 chapters and includes supplementary exercises (including an overview of the correct answers)<\/li>\n<li><strong>if you are interested in a printed textbook, please contact our sales department to verify stock<\/strong><\/li>\n<\/ul>\n<\/li>\n<\/ul>\n<p>&nbsp;<\/p>\n<div class=\"message-box relative dark\" style=\"padding-top:15px;padding-bottom:15px;\"><div class=\"message-box-bg-image bg-fill fill\" style=\"background-image:url(#3b5dab);\"><\/div><div class=\"message-box-bg-overlay bg-fill fill\" ><\/div><div class=\"container relative\"><div class=\"inner last-reset\"> To verify stock, please contact:<br \/>\nJohana Hermannov\u00e1<br \/>\nPhone: +421 904 845 374<br \/>\ne-mail: hermannova@berlitzbratislava.sk <\/div><\/div><\/div>\n<p>&nbsp;<\/p>\n","protected":false},"featured_media":0,"comment_status":"open","ping_status":"closed","template":"","meta":[],"product_brand":[],"product_cat":[183,351,318],"product_tag":[],"class_list":{"0":"post-10944","1":"product","2":"type-product","3":"status-publish","5":"product_cat-dospeli-en","6":"product_cat-learning-aids","7":"product_cat-educational-material-for-adults","8":"pa_sposob-dorucenie-by-mail","9":"pa_sposob-dorucenie-personal-collection-ba-old-town","11":"first","12":"instock","13":"taxable","14":"shipping-taxable","15":"purchasable","16":"product-type-variable"},"yoast_head":"<!-- This site is optimized with the Yoast SEO plugin v27.4 - https:\/\/yoast.com\/product\/yoast-seo-wordpress\/ -->\n<title>Berlitz printed course material&nbsp; Stock sale - berlitzbratislava.sk<\/title>\n<meta name=\"description\" content=\"Berlitz printed course material for the educational programs. All language levels. English, German, French, Italian, Spanish.\" \/>\n<meta name=\"robots\" content=\"index, follow, max-snippet:-1, max-image-preview:large, max-video-preview:-1\" \/>\n<link rel=\"canonical\" href=\"https:\/\/www.berlitzbratislava.sk\/en\/produkt\/berlitz-printed-course-material\/\" \/>\n<meta property=\"og:locale\" content=\"en_US\" \/>\n<meta property=\"og:type\" content=\"article\" \/>\n<meta property=\"og:title\" content=\"Berlitz printed course material&nbsp; Stock sale - berlitzbratislava.sk\" \/>\n<meta property=\"og:description\" content=\"Berlitz printed course material for the educational programs. All language levels. English, German, French, Italian, Spanish.\" \/>\n<meta property=\"og:url\" content=\"https:\/\/www.berlitzbratislava.sk\/en\/produkt\/berlitz-printed-course-material\/\" \/>\n<meta property=\"og:site_name\" content=\"berlitzbratislava.sk\" \/>\n<meta property=\"article:publisher\" content=\"https:\/\/www.facebook.com\/BerlitzBratislava\/\" \/>\n<meta property=\"article:modified_time\" content=\"2023-02-24T12:18:28+00:00\" \/>\n<meta property=\"og:image\" content=\"https:\/\/www.berlitzbratislava.sk\/wp-content\/uploads\/books-683897_1920.jpg\" \/>\n\t<meta property=\"og:image:width\" content=\"768\" \/>\n\t<meta property=\"og:image:height\" content=\"512\" \/>\n\t<meta property=\"og:image:type\" content=\"image\/jpeg\" \/>\n<meta name=\"twitter:card\" content=\"summary_large_image\" \/>\n<script type=\"application\/ld+json\" class=\"yoast-schema-graph\">{\"@context\":\"https:\\\/\\\/schema.org\",\"@graph\":[{\"@type\":\"WebPage\",\"@id\":\"https:\\\/\\\/www.berlitzbratislava.sk\\\/en\\\/produkt\\\/berlitz-printed-course-material\\\/\",\"url\":\"https:\\\/\\\/www.berlitzbratislava.sk\\\/en\\\/produkt\\\/berlitz-printed-course-material\\\/\",\"name\":\"Berlitz printed course material&nbsp; Stock sale - berlitzbratislava.sk\",\"isPartOf\":{\"@id\":\"https:\\\/\\\/www.berlitzbratislava.sk\\\/en\\\/#website\"},\"datePublished\":\"2022-12-15T09:38:20+00:00\",\"dateModified\":\"2023-02-24T12:18:28+00:00\",\"description\":\"Berlitz printed course material for the educational programs. All language levels. English, German, French, Italian, Spanish.\",\"breadcrumb\":{\"@id\":\"https:\\\/\\\/www.berlitzbratislava.sk\\\/en\\\/produkt\\\/berlitz-printed-course-material\\\/#breadcrumb\"},\"inLanguage\":\"en-US\",\"potentialAction\":[{\"@type\":\"ReadAction\",\"target\":[\"https:\\\/\\\/www.berlitzbratislava.sk\\\/en\\\/produkt\\\/berlitz-printed-course-material\\\/\"]}]},{\"@type\":\"BreadcrumbList\",\"@id\":\"https:\\\/\\\/www.berlitzbratislava.sk\\\/en\\\/produkt\\\/berlitz-printed-course-material\\\/#breadcrumb\",\"itemListElement\":[{\"@type\":\"ListItem\",\"position\":1,\"name\":\"Home\",\"item\":\"https:\\\/\\\/www.berlitzbratislava.sk\\\/en\\\/why-berlitz\\\/\"},{\"@type\":\"ListItem\",\"position\":2,\"name\":\"Courses &amp; Eshop\",\"item\":\"https:\\\/\\\/www.berlitzbratislava.sk\\\/shop\\\/?lang=en\"},{\"@type\":\"ListItem\",\"position\":3,\"name\":\"Berlitz printed course material Stock sale\"}]},{\"@type\":\"WebSite\",\"@id\":\"https:\\\/\\\/www.berlitzbratislava.sk\\\/en\\\/#website\",\"url\":\"https:\\\/\\\/www.berlitzbratislava.sk\\\/en\\\/\",\"name\":\"berlitzbratislava.sk\",\"description\":\"Pom\u00f4\u017eeme V\u00e1m z\u00edska\u0165 jazykov\u00e9 sebavedomie, skr\u00e1\u0165te si cestu k nov\u00fdm mo\u017enostiam s Berlitz.\",\"publisher\":{\"@id\":\"https:\\\/\\\/www.berlitzbratislava.sk\\\/en\\\/#organization\"},\"potentialAction\":[{\"@type\":\"SearchAction\",\"target\":{\"@type\":\"EntryPoint\",\"urlTemplate\":\"https:\\\/\\\/www.berlitzbratislava.sk\\\/en\\\/?s={search_term_string}\"},\"query-input\":{\"@type\":\"PropertyValueSpecification\",\"valueRequired\":true,\"valueName\":\"search_term_string\"}}],\"inLanguage\":\"en-US\"},{\"@type\":\"Organization\",\"@id\":\"https:\\\/\\\/www.berlitzbratislava.sk\\\/en\\\/#organization\",\"name\":\"Blue Elephant, s.r.o.\",\"url\":\"https:\\\/\\\/www.berlitzbratislava.sk\\\/en\\\/\",\"logo\":{\"@type\":\"ImageObject\",\"inLanguage\":\"en-US\",\"@id\":\"https:\\\/\\\/www.berlitzbratislava.sk\\\/en\\\/#\\\/schema\\\/logo\\\/image\\\/\",\"url\":\"https:\\\/\\\/www.berlitzbratislava.sk\\\/wp-content\\\/uploads\\\/berlitz-logo_nopill-blue.svg\",\"contentUrl\":\"https:\\\/\\\/www.berlitzbratislava.sk\\\/wp-content\\\/uploads\\\/berlitz-logo_nopill-blue.svg\",\"width\":1,\"height\":1,\"caption\":\"Blue Elephant, s.r.o.\"},\"image\":{\"@id\":\"https:\\\/\\\/www.berlitzbratislava.sk\\\/en\\\/#\\\/schema\\\/logo\\\/image\\\/\"},\"sameAs\":[\"https:\\\/\\\/www.facebook.com\\\/BerlitzBratislava\\\/\",\"https:\\\/\\\/www.instagram.com\\\/berlitzbratislava\\\/\",\"https:\\\/\\\/sk.linkedin.com\\\/in\\\/berlitz-bratislava-603502184\"]}]}<\/script>\n<!-- \/ Yoast SEO plugin. -->","yoast_head_json":{"title":"Berlitz printed course material&nbsp; Stock sale - berlitzbratislava.sk","description":"Berlitz printed course material for the educational programs. All language levels. English, German, French, Italian, Spanish.","robots":{"index":"index","follow":"follow","max-snippet":"max-snippet:-1","max-image-preview":"max-image-preview:large","max-video-preview":"max-video-preview:-1"},"canonical":"https:\/\/www.berlitzbratislava.sk\/en\/produkt\/berlitz-printed-course-material\/","og_locale":"en_US","og_type":"article","og_title":"Berlitz printed course material&nbsp; Stock sale - berlitzbratislava.sk","og_description":"Berlitz printed course material for the educational programs. All language levels. English, German, French, Italian, Spanish.","og_url":"https:\/\/www.berlitzbratislava.sk\/en\/produkt\/berlitz-printed-course-material\/","og_site_name":"berlitzbratislava.sk","article_publisher":"https:\/\/www.facebook.com\/BerlitzBratislava\/","article_modified_time":"2023-02-24T12:18:28+00:00","og_image":[{"width":768,"height":512,"url":"https:\/\/www.berlitzbratislava.sk\/wp-content\/uploads\/books-683897_1920.jpg","type":"image\/jpeg"}],"twitter_card":"summary_large_image","schema":{"@context":"https:\/\/schema.org","@graph":[{"@type":"WebPage","@id":"https:\/\/www.berlitzbratislava.sk\/en\/produkt\/berlitz-printed-course-material\/","url":"https:\/\/www.berlitzbratislava.sk\/en\/produkt\/berlitz-printed-course-material\/","name":"Berlitz printed course material&nbsp; Stock sale - berlitzbratislava.sk","isPartOf":{"@id":"https:\/\/www.berlitzbratislava.sk\/en\/#website"},"datePublished":"2022-12-15T09:38:20+00:00","dateModified":"2023-02-24T12:18:28+00:00","description":"Berlitz printed course material for the educational programs. All language levels. English, German, French, Italian, Spanish.","breadcrumb":{"@id":"https:\/\/www.berlitzbratislava.sk\/en\/produkt\/berlitz-printed-course-material\/#breadcrumb"},"inLanguage":"en-US","potentialAction":[{"@type":"ReadAction","target":["https:\/\/www.berlitzbratislava.sk\/en\/produkt\/berlitz-printed-course-material\/"]}]},{"@type":"BreadcrumbList","@id":"https:\/\/www.berlitzbratislava.sk\/en\/produkt\/berlitz-printed-course-material\/#breadcrumb","itemListElement":[{"@type":"ListItem","position":1,"name":"Home","item":"https:\/\/www.berlitzbratislava.sk\/en\/why-berlitz\/"},{"@type":"ListItem","position":2,"name":"Courses &amp; Eshop","item":"https:\/\/www.berlitzbratislava.sk\/shop\/?lang=en"},{"@type":"ListItem","position":3,"name":"Berlitz printed course material Stock sale"}]},{"@type":"WebSite","@id":"https:\/\/www.berlitzbratislava.sk\/en\/#website","url":"https:\/\/www.berlitzbratislava.sk\/en\/","name":"berlitzbratislava.sk","description":"Pom\u00f4\u017eeme V\u00e1m z\u00edska\u0165 jazykov\u00e9 sebavedomie, skr\u00e1\u0165te si cestu k nov\u00fdm mo\u017enostiam s Berlitz.","publisher":{"@id":"https:\/\/www.berlitzbratislava.sk\/en\/#organization"},"potentialAction":[{"@type":"SearchAction","target":{"@type":"EntryPoint","urlTemplate":"https:\/\/www.berlitzbratislava.sk\/en\/?s={search_term_string}"},"query-input":{"@type":"PropertyValueSpecification","valueRequired":true,"valueName":"search_term_string"}}],"inLanguage":"en-US"},{"@type":"Organization","@id":"https:\/\/www.berlitzbratislava.sk\/en\/#organization","name":"Blue Elephant, s.r.o.","url":"https:\/\/www.berlitzbratislava.sk\/en\/","logo":{"@type":"ImageObject","inLanguage":"en-US","@id":"https:\/\/www.berlitzbratislava.sk\/en\/#\/schema\/logo\/image\/","url":"https:\/\/www.berlitzbratislava.sk\/wp-content\/uploads\/berlitz-logo_nopill-blue.svg","contentUrl":"https:\/\/www.berlitzbratislava.sk\/wp-content\/uploads\/berlitz-logo_nopill-blue.svg","width":1,"height":1,"caption":"Blue Elephant, s.r.o."},"image":{"@id":"https:\/\/www.berlitzbratislava.sk\/en\/#\/schema\/logo\/image\/"},"sameAs":["https:\/\/www.facebook.com\/BerlitzBratislava\/","https:\/\/www.instagram.com\/berlitzbratislava\/","https:\/\/sk.linkedin.com\/in\/berlitz-bratislava-603502184"]}]}},"_links":{"self":[{"href":"https:\/\/www.berlitzbratislava.sk\/en\/wp-json\/wp\/v2\/product\/10944","targetHints":{"allow":["GET"]}}],"collection":[{"href":"https:\/\/www.berlitzbratislava.sk\/en\/wp-json\/wp\/v2\/product"}],"about":[{"href":"https:\/\/www.berlitzbratislava.sk\/en\/wp-json\/wp\/v2\/types\/product"}],"replies":[{"embeddable":true,"href":"https:\/\/www.berlitzbratislava.sk\/en\/wp-json\/wp\/v2\/comments?post=10944"}],"wp:attachment":[{"href":"https:\/\/www.berlitzbratislava.sk\/en\/wp-json\/wp\/v2\/media?parent=10944"}],"wp:term":[{"taxonomy":"product_brand","embeddable":true,"href":"https:\/\/www.berlitzbratislava.sk\/en\/wp-json\/wp\/v2\/product_brand?post=10944"},{"taxonomy":"product_cat","embeddable":true,"href":"https:\/\/www.berlitzbratislava.sk\/en\/wp-json\/wp\/v2\/product_cat?post=10944"},{"taxonomy":"product_tag","embeddable":true,"href":"https:\/\/www.berlitzbratislava.sk\/en\/wp-json\/wp\/v2\/product_tag?post=10944"}],"curies":[{"name":"wp","href":"https:\/\/api.w.org\/{rel}","templated":true}]}}