{"id":10963,"date":"2021-09-08T10:35:12","date_gmt":"2021-09-08T08:35:12","guid":{"rendered":"https:\/\/www.berlitzbratislava.sk\/produkt\/courses-for-business-managers\/"},"modified":"2025-03-22T22:42:40","modified_gmt":"2025-03-22T21:42:40","slug":"courses-for-business-managers","status":"publish","type":"product","link":"https:\/\/www.berlitzbratislava.sk\/en\/produkt\/courses-for-business-managers\/","title":{"rendered":"Courses for business managers"},"content":{"rendered":"","protected":false},"excerpt":{"rendered":"<div class=\"col-sm-12\">\n<h2><span data-sheets-value=\"{\" data-sheets-userformat=\"{\">COURSES FOR GREAT SALESPEOPLE<\/span><\/h2>\n<p>Berlitz courses and seminars represent a comprehensive set of educational solutions aimed at effectively maximizing the performance of employees. Thanks to the long-term global experience, a global network of professional trainers and consultants, the Global Leadership courses will give you a new perspective on company management.<\/p>\n<h3><strong>TOPICS OF INDIVIDUAL COURSES IN THE AREA OF SALES AND CUSTOMER MANAGEMENT<br \/>\n<\/strong><\/h3>\n<ul>\n<li>Effective sales techniques<\/li>\n<li>Self-motivation for sales<\/li>\n<li>Negotiations<\/li>\n<li>Customer complaints management<\/li>\n<\/ul>\n<p><strong>Languages:<\/strong> English, Slovak, German, French and others<br \/>\n<strong>Lecturers:<\/strong> Slovak or international<br \/>\n<strong>Duration:<\/strong> 4 hours \/ 8 hours \/ 2 days = 1 course<\/p>\n<p>Courses can be individual or for a company group of max. 6-10 participants.<\/p>\n<\/div>\n<div class=\"col-sm-12\">\n<p>We will prepare a custom price offer for you based on your specific requirements.<\/p>\n<h3><strong>WE CAN ALSO PROVIDE PROFESSIONAL COURSES FOCUSING ON BRUSSELS<\/strong><\/h3>\n<p>Berlitz has a strong global background, operating in more than 70 countries and having its representatives in more than 550 centres. Education is carried out through open course programs, seminars in companies or individual coaching.<\/p>\n<\/div>\n<div class=\"message-box relative dark\" style=\"padding-top:15px;padding-bottom:15px;\"><div class=\"message-box-bg-image bg-fill fill\" style=\"background-image:url(#3b5dab);\"><\/div><div class=\"message-box-bg-overlay bg-fill fill\" ><\/div><div class=\"container relative\"><div class=\"inner last-reset\"> Contact person:<br \/>\nKatar\u00edna Boskovi\u010dov\u00e1<br \/>\nphone.: +421 910 808 101<br \/>\ne-mail: boskovicova@berlitzbratislava.sk <\/div><\/div><\/div>\n","protected":false},"featured_media":5466,"comment_status":"open","ping_status":"closed","template":"","meta":[],"product_brand":[],"product_cat":[316,311],"product_tag":[],"class_list":{"0":"post-10963","1":"product","2":"type-product","3":"status-publish","4":"has-post-thumbnail","6":"product_cat-companies","7":"product_cat-management-schools-and-seminars-of-firms","9":"first","10":"instock","11":"taxable","12":"shipping-taxable","13":"product-type-simple"},"yoast_head":"<!-- This site is optimized with the Yoast SEO plugin v27.4 - https:\/\/yoast.com\/product\/yoast-seo-wordpress\/ -->\n<title>Courses for business managers - berlitzbratislava.sk<\/title>\n<meta name=\"description\" content=\"Courses for great salespeople Training and seminars for companies and employees. Effective sales techniques. Various topics. Individual and group.\" \/>\n<meta name=\"robots\" content=\"index, follow, max-snippet:-1, max-image-preview:large, max-video-preview:-1\" \/>\n<link rel=\"canonical\" href=\"https:\/\/www.berlitzbratislava.sk\/en\/produkt\/courses-for-business-managers\/\" \/>\n<meta property=\"og:locale\" content=\"en_US\" \/>\n<meta property=\"og:type\" content=\"article\" \/>\n<meta property=\"og:title\" content=\"Courses for business managers - berlitzbratislava.sk\" \/>\n<meta property=\"og:description\" content=\"Courses for great salespeople Training and seminars for companies and employees. Effective sales techniques. Various topics. Individual and group.\" \/>\n<meta property=\"og:url\" content=\"https:\/\/www.berlitzbratislava.sk\/en\/produkt\/courses-for-business-managers\/\" \/>\n<meta property=\"og:site_name\" content=\"berlitzbratislava.sk\" \/>\n<meta property=\"article:publisher\" content=\"https:\/\/www.facebook.com\/BerlitzBratislava\/\" \/>\n<meta property=\"article:modified_time\" content=\"2025-03-22T21:42:40+00:00\" \/>\n<meta property=\"og:image\" content=\"https:\/\/www.berlitzbratislava.sk\/wp-content\/uploads\/iStockphozo.com_monkeybusinessimages-scaled-5.jpg\" \/>\n\t<meta property=\"og:image:width\" content=\"2560\" \/>\n\t<meta property=\"og:image:height\" content=\"1707\" \/>\n\t<meta property=\"og:image:type\" content=\"image\/jpeg\" \/>\n<meta name=\"twitter:card\" content=\"summary_large_image\" \/>\n<meta name=\"twitter:label1\" content=\"Est. reading time\" \/>\n\t<meta name=\"twitter:data1\" content=\"1 minute\" \/>\n<script type=\"application\/ld+json\" class=\"yoast-schema-graph\">{\"@context\":\"https:\\\/\\\/schema.org\",\"@graph\":[{\"@type\":\"WebPage\",\"@id\":\"https:\\\/\\\/www.berlitzbratislava.sk\\\/en\\\/produkt\\\/courses-for-business-managers\\\/\",\"url\":\"https:\\\/\\\/www.berlitzbratislava.sk\\\/en\\\/produkt\\\/courses-for-business-managers\\\/\",\"name\":\"Courses for business managers - berlitzbratislava.sk\",\"isPartOf\":{\"@id\":\"https:\\\/\\\/www.berlitzbratislava.sk\\\/en\\\/#website\"},\"primaryImageOfPage\":{\"@id\":\"https:\\\/\\\/www.berlitzbratislava.sk\\\/en\\\/produkt\\\/courses-for-business-managers\\\/#primaryimage\"},\"image\":{\"@id\":\"https:\\\/\\\/www.berlitzbratislava.sk\\\/en\\\/produkt\\\/courses-for-business-managers\\\/#primaryimage\"},\"thumbnailUrl\":\"https:\\\/\\\/www.berlitzbratislava.sk\\\/wp-content\\\/uploads\\\/iStockphozo.com_monkeybusinessimages-scaled-5.jpg\",\"datePublished\":\"2021-09-08T08:35:12+00:00\",\"dateModified\":\"2025-03-22T21:42:40+00:00\",\"description\":\"Courses for great salespeople Training and seminars for companies and employees. Effective sales techniques. Various topics. Individual and group.\",\"breadcrumb\":{\"@id\":\"https:\\\/\\\/www.berlitzbratislava.sk\\\/en\\\/produkt\\\/courses-for-business-managers\\\/#breadcrumb\"},\"inLanguage\":\"en-US\",\"potentialAction\":[{\"@type\":\"ReadAction\",\"target\":[\"https:\\\/\\\/www.berlitzbratislava.sk\\\/en\\\/produkt\\\/courses-for-business-managers\\\/\"]}]},{\"@type\":\"ImageObject\",\"inLanguage\":\"en-US\",\"@id\":\"https:\\\/\\\/www.berlitzbratislava.sk\\\/en\\\/produkt\\\/courses-for-business-managers\\\/#primaryimage\",\"url\":\"https:\\\/\\\/www.berlitzbratislava.sk\\\/wp-content\\\/uploads\\\/iStockphozo.com_monkeybusinessimages-scaled-5.jpg\",\"contentUrl\":\"https:\\\/\\\/www.berlitzbratislava.sk\\\/wp-content\\\/uploads\\\/iStockphozo.com_monkeybusinessimages-scaled-5.jpg\",\"width\":2560,\"height\":1707,\"caption\":\"Skupinov\u00e1 v\u00fdu\u010dba zahrani\u010dn\u00ed \u0161tudenti Biznis \u0160paniel\u010dina 10 t\u00fd\u017ed\u0148ov (K\u00f3pia)\"},{\"@type\":\"BreadcrumbList\",\"@id\":\"https:\\\/\\\/www.berlitzbratislava.sk\\\/en\\\/produkt\\\/courses-for-business-managers\\\/#breadcrumb\",\"itemListElement\":[{\"@type\":\"ListItem\",\"position\":1,\"name\":\"Home\",\"item\":\"https:\\\/\\\/www.berlitzbratislava.sk\\\/en\\\/why-berlitz\\\/\"},{\"@type\":\"ListItem\",\"position\":2,\"name\":\"Courses &amp; Eshop\",\"item\":\"https:\\\/\\\/www.berlitzbratislava.sk\\\/shop\\\/?lang=en\"},{\"@type\":\"ListItem\",\"position\":3,\"name\":\"Courses for business managers\"}]},{\"@type\":\"WebSite\",\"@id\":\"https:\\\/\\\/www.berlitzbratislava.sk\\\/en\\\/#website\",\"url\":\"https:\\\/\\\/www.berlitzbratislava.sk\\\/en\\\/\",\"name\":\"berlitzbratislava.sk\",\"description\":\"Pom\u00f4\u017eeme V\u00e1m z\u00edska\u0165 jazykov\u00e9 sebavedomie, skr\u00e1\u0165te si cestu k nov\u00fdm mo\u017enostiam s Berlitz.\",\"publisher\":{\"@id\":\"https:\\\/\\\/www.berlitzbratislava.sk\\\/en\\\/#organization\"},\"potentialAction\":[{\"@type\":\"SearchAction\",\"target\":{\"@type\":\"EntryPoint\",\"urlTemplate\":\"https:\\\/\\\/www.berlitzbratislava.sk\\\/en\\\/?s={search_term_string}\"},\"query-input\":{\"@type\":\"PropertyValueSpecification\",\"valueRequired\":true,\"valueName\":\"search_term_string\"}}],\"inLanguage\":\"en-US\"},{\"@type\":\"Organization\",\"@id\":\"https:\\\/\\\/www.berlitzbratislava.sk\\\/en\\\/#organization\",\"name\":\"Blue Elephant, s.r.o.\",\"url\":\"https:\\\/\\\/www.berlitzbratislava.sk\\\/en\\\/\",\"logo\":{\"@type\":\"ImageObject\",\"inLanguage\":\"en-US\",\"@id\":\"https:\\\/\\\/www.berlitzbratislava.sk\\\/en\\\/#\\\/schema\\\/logo\\\/image\\\/\",\"url\":\"https:\\\/\\\/www.berlitzbratislava.sk\\\/wp-content\\\/uploads\\\/berlitz-logo_nopill-blue.svg\",\"contentUrl\":\"https:\\\/\\\/www.berlitzbratislava.sk\\\/wp-content\\\/uploads\\\/berlitz-logo_nopill-blue.svg\",\"width\":1,\"height\":1,\"caption\":\"Blue Elephant, s.r.o.\"},\"image\":{\"@id\":\"https:\\\/\\\/www.berlitzbratislava.sk\\\/en\\\/#\\\/schema\\\/logo\\\/image\\\/\"},\"sameAs\":[\"https:\\\/\\\/www.facebook.com\\\/BerlitzBratislava\\\/\",\"https:\\\/\\\/www.instagram.com\\\/berlitzbratislava\\\/\",\"https:\\\/\\\/sk.linkedin.com\\\/in\\\/berlitz-bratislava-603502184\"]}]}<\/script>\n<!-- \/ Yoast SEO plugin. -->","yoast_head_json":{"title":"Courses for business managers - berlitzbratislava.sk","description":"Courses for great salespeople Training and seminars for companies and employees. Effective sales techniques. Various topics. Individual and group.","robots":{"index":"index","follow":"follow","max-snippet":"max-snippet:-1","max-image-preview":"max-image-preview:large","max-video-preview":"max-video-preview:-1"},"canonical":"https:\/\/www.berlitzbratislava.sk\/en\/produkt\/courses-for-business-managers\/","og_locale":"en_US","og_type":"article","og_title":"Courses for business managers - berlitzbratislava.sk","og_description":"Courses for great salespeople Training and seminars for companies and employees. Effective sales techniques. Various topics. Individual and group.","og_url":"https:\/\/www.berlitzbratislava.sk\/en\/produkt\/courses-for-business-managers\/","og_site_name":"berlitzbratislava.sk","article_publisher":"https:\/\/www.facebook.com\/BerlitzBratislava\/","article_modified_time":"2025-03-22T21:42:40+00:00","og_image":[{"width":2560,"height":1707,"url":"https:\/\/www.berlitzbratislava.sk\/wp-content\/uploads\/iStockphozo.com_monkeybusinessimages-scaled-5.jpg","type":"image\/jpeg"}],"twitter_card":"summary_large_image","twitter_misc":{"Est. reading time":"1 minute"},"schema":{"@context":"https:\/\/schema.org","@graph":[{"@type":"WebPage","@id":"https:\/\/www.berlitzbratislava.sk\/en\/produkt\/courses-for-business-managers\/","url":"https:\/\/www.berlitzbratislava.sk\/en\/produkt\/courses-for-business-managers\/","name":"Courses for business managers - berlitzbratislava.sk","isPartOf":{"@id":"https:\/\/www.berlitzbratislava.sk\/en\/#website"},"primaryImageOfPage":{"@id":"https:\/\/www.berlitzbratislava.sk\/en\/produkt\/courses-for-business-managers\/#primaryimage"},"image":{"@id":"https:\/\/www.berlitzbratislava.sk\/en\/produkt\/courses-for-business-managers\/#primaryimage"},"thumbnailUrl":"https:\/\/www.berlitzbratislava.sk\/wp-content\/uploads\/iStockphozo.com_monkeybusinessimages-scaled-5.jpg","datePublished":"2021-09-08T08:35:12+00:00","dateModified":"2025-03-22T21:42:40+00:00","description":"Courses for great salespeople Training and seminars for companies and employees. Effective sales techniques. Various topics. Individual and group.","breadcrumb":{"@id":"https:\/\/www.berlitzbratislava.sk\/en\/produkt\/courses-for-business-managers\/#breadcrumb"},"inLanguage":"en-US","potentialAction":[{"@type":"ReadAction","target":["https:\/\/www.berlitzbratislava.sk\/en\/produkt\/courses-for-business-managers\/"]}]},{"@type":"ImageObject","inLanguage":"en-US","@id":"https:\/\/www.berlitzbratislava.sk\/en\/produkt\/courses-for-business-managers\/#primaryimage","url":"https:\/\/www.berlitzbratislava.sk\/wp-content\/uploads\/iStockphozo.com_monkeybusinessimages-scaled-5.jpg","contentUrl":"https:\/\/www.berlitzbratislava.sk\/wp-content\/uploads\/iStockphozo.com_monkeybusinessimages-scaled-5.jpg","width":2560,"height":1707,"caption":"Skupinov\u00e1 v\u00fdu\u010dba zahrani\u010dn\u00ed \u0161tudenti Biznis \u0160paniel\u010dina 10 t\u00fd\u017ed\u0148ov (K\u00f3pia)"},{"@type":"BreadcrumbList","@id":"https:\/\/www.berlitzbratislava.sk\/en\/produkt\/courses-for-business-managers\/#breadcrumb","itemListElement":[{"@type":"ListItem","position":1,"name":"Home","item":"https:\/\/www.berlitzbratislava.sk\/en\/why-berlitz\/"},{"@type":"ListItem","position":2,"name":"Courses &amp; Eshop","item":"https:\/\/www.berlitzbratislava.sk\/shop\/?lang=en"},{"@type":"ListItem","position":3,"name":"Courses for business managers"}]},{"@type":"WebSite","@id":"https:\/\/www.berlitzbratislava.sk\/en\/#website","url":"https:\/\/www.berlitzbratislava.sk\/en\/","name":"berlitzbratislava.sk","description":"Pom\u00f4\u017eeme V\u00e1m z\u00edska\u0165 jazykov\u00e9 sebavedomie, skr\u00e1\u0165te si cestu k nov\u00fdm mo\u017enostiam s Berlitz.","publisher":{"@id":"https:\/\/www.berlitzbratislava.sk\/en\/#organization"},"potentialAction":[{"@type":"SearchAction","target":{"@type":"EntryPoint","urlTemplate":"https:\/\/www.berlitzbratislava.sk\/en\/?s={search_term_string}"},"query-input":{"@type":"PropertyValueSpecification","valueRequired":true,"valueName":"search_term_string"}}],"inLanguage":"en-US"},{"@type":"Organization","@id":"https:\/\/www.berlitzbratislava.sk\/en\/#organization","name":"Blue Elephant, s.r.o.","url":"https:\/\/www.berlitzbratislava.sk\/en\/","logo":{"@type":"ImageObject","inLanguage":"en-US","@id":"https:\/\/www.berlitzbratislava.sk\/en\/#\/schema\/logo\/image\/","url":"https:\/\/www.berlitzbratislava.sk\/wp-content\/uploads\/berlitz-logo_nopill-blue.svg","contentUrl":"https:\/\/www.berlitzbratislava.sk\/wp-content\/uploads\/berlitz-logo_nopill-blue.svg","width":1,"height":1,"caption":"Blue Elephant, s.r.o."},"image":{"@id":"https:\/\/www.berlitzbratislava.sk\/en\/#\/schema\/logo\/image\/"},"sameAs":["https:\/\/www.facebook.com\/BerlitzBratislava\/","https:\/\/www.instagram.com\/berlitzbratislava\/","https:\/\/sk.linkedin.com\/in\/berlitz-bratislava-603502184"]}]}},"_links":{"self":[{"href":"https:\/\/www.berlitzbratislava.sk\/en\/wp-json\/wp\/v2\/product\/10963","targetHints":{"allow":["GET"]}}],"collection":[{"href":"https:\/\/www.berlitzbratislava.sk\/en\/wp-json\/wp\/v2\/product"}],"about":[{"href":"https:\/\/www.berlitzbratislava.sk\/en\/wp-json\/wp\/v2\/types\/product"}],"replies":[{"embeddable":true,"href":"https:\/\/www.berlitzbratislava.sk\/en\/wp-json\/wp\/v2\/comments?post=10963"}],"wp:featuredmedia":[{"embeddable":true,"href":"https:\/\/www.berlitzbratislava.sk\/en\/wp-json\/wp\/v2\/media\/5466"}],"wp:attachment":[{"href":"https:\/\/www.berlitzbratislava.sk\/en\/wp-json\/wp\/v2\/media?parent=10963"}],"wp:term":[{"taxonomy":"product_brand","embeddable":true,"href":"https:\/\/www.berlitzbratislava.sk\/en\/wp-json\/wp\/v2\/product_brand?post=10963"},{"taxonomy":"product_cat","embeddable":true,"href":"https:\/\/www.berlitzbratislava.sk\/en\/wp-json\/wp\/v2\/product_cat?post=10963"},{"taxonomy":"product_tag","embeddable":true,"href":"https:\/\/www.berlitzbratislava.sk\/en\/wp-json\/wp\/v2\/product_tag?post=10963"}],"curies":[{"name":"wp","href":"https:\/\/api.w.org\/{rel}","templated":true}]}}