{"id":11992,"date":"2023-07-19T12:30:35","date_gmt":"2023-07-19T10:30:37","guid":{"rendered":"https:\/\/www.berlitzbratislava.sk\/?post_type=product&#038;p=11992"},"modified":"2025-03-22T20:45:28","modified_gmt":"2025-03-22T19:45:28","slug":"online-german-language-course-24-7-native-speaker-only-package-of-10-x-30-min","status":"publish","type":"product","link":"https:\/\/www.berlitzbratislava.sk\/en\/produkt\/online-german-language-course-24-7-native-speaker-only-package-of-10-x-30-min\/","title":{"rendered":"ONLINE GERMAN LANGUAGE COURSE 24\/7 <br\/>NATIVE SPEAKER only<br\/> PACKAGE OF 10 x 30 min."},"content":{"rendered":"<p><strong><a href=\"https:\/\/www.berlitzbratislava.sk\/online-vyucba-s-berlitz\/\">The online German language course 24\/7<\/a> takes place via Skype with a native speaker<\/strong> and is suitable for anyone who seeks good quality learning. Lecturers teach from different time zones \u2013 they are scattered around the world and available 24\/7. During the entire time, <strong>you use the user-friendly reservation system and the digital textbook, which combines general and business topics.<\/strong><\/p>\n<p>At the beginning of the course, you will test your knowledge and deficiencies, based on which the system will prepare topics tailored for you. You can check your progress with the final re-test.<\/p>\n<p>Prices include VAT.<\/p>\n<p>&nbsp;<\/p>\n<p>For more information, please contact:<\/p>\n<p><strong>Katar\u00edna Boskovi\u010dov\u00e1<\/strong><\/p>\n<p><strong>phone.: +421 910 808 101<\/strong><\/p>\n<p><strong>e-mail: boskovicova@berlitzbratislava.sk<\/strong><\/p>\n<p>&nbsp;<\/p>\n<p><em>You can find the conditions in the <\/em><a href=\"https:\/\/www.berlitzbratislava.sk\/general-terms-and-conditions\/?lang=en\"><em>General Terms and Conditions.<\/em><\/a><\/p>\n<p>Our <strong>BERLITZ<\/strong> brand was awarded the <a href=\"https:\/\/www.slovaksuperbrands.com\/#prettyPhoto\/0\/\">Superbrands Slovakia award for 2022<\/a> by Slovak consumers and an expert jury, making it one of the most successful B2C brands in the Slovak Republic. <strong>Thank you for helping us build our brand.<\/strong><\/p>\n","protected":false},"excerpt":{"rendered":"<ul>\n<li><strong>Language:<\/strong> German<\/li>\n<li><strong>Number of<\/strong> <strong>lessons:<\/strong> 10<\/li>\n<li><strong>Lesson duration:<\/strong> 30 min.<\/li>\n<li><strong>Course start:<\/strong> anytime<\/li>\n<li><strong>Course intensity:<\/strong> according to requirements<\/li>\n<li><strong>Dates:<\/strong> 24\/7<\/li>\n<li><strong>Number of students:<\/strong> 1<\/li>\n<li><strong>Lecturer: <\/strong>Native speakers<\/li>\n<li><strong>German language<\/strong> &#8211; lecturers from Germany and Austria<\/li>\n<li><strong>Certificate:<\/strong> Worldwide recognized BERLITZ certificate<\/li>\n<\/ul>\n","protected":false},"featured_media":0,"comment_status":"open","ping_status":"closed","template":"","meta":[],"product_brand":[],"product_cat":[183,350,314,297,313,293],"product_tag":[],"class_list":{"0":"post-11992","1":"product","2":"type-product","3":"status-publish","5":"product_cat-dospeli-en","6":"product_cat-course","7":"product_cat-e-berlitz-en","8":"product_cat-german-adults","9":"product_cat-individual-courses","10":"product_cat-languages","11":"pa_forma-vyucby-online-en","12":"pa_jazyk-german","13":"pa_lektor-native-speaker-en","14":"pa_sposob-vyucby-individual","16":"first","17":"instock","18":"sale","19":"taxable","20":"shipping-taxable","21":"product-type-variable"},"yoast_head":"<!-- This site is optimized with the Yoast SEO plugin v27.4 - https:\/\/yoast.com\/product\/yoast-seo-wordpress\/ -->\n<title>Online German Language Course 24\/7 with Native Speakers<\/title>\n<meta name=\"description\" content=\"Online German course with a native speaker. Individual approach, fast progress, effective Berlitz method. Native speakers from Austria and Germany.\" \/>\n<meta name=\"robots\" content=\"index, follow, max-snippet:-1, max-image-preview:large, max-video-preview:-1\" \/>\n<link rel=\"canonical\" href=\"https:\/\/www.berlitzbratislava.sk\/en\/produkt\/online-german-language-course-24-7-native-speaker-only-package-of-10-x-30-min\/\" \/>\n<meta property=\"og:locale\" content=\"en_US\" \/>\n<meta property=\"og:type\" content=\"article\" \/>\n<meta property=\"og:title\" content=\"Online German Language Course 24\/7 with Native Speakers\" \/>\n<meta property=\"og:description\" content=\"Online German course with a native speaker. Individual approach, fast progress, effective Berlitz method. Native speakers from Austria and Germany.\" \/>\n<meta property=\"og:url\" content=\"https:\/\/www.berlitzbratislava.sk\/en\/produkt\/online-german-language-course-24-7-native-speaker-only-package-of-10-x-30-min\/\" \/>\n<meta property=\"og:site_name\" content=\"berlitzbratislava.sk\" \/>\n<meta property=\"article:publisher\" content=\"https:\/\/www.facebook.com\/BerlitzBratislava\/\" \/>\n<meta property=\"article:modified_time\" content=\"2025-03-22T19:45:28+00:00\" \/>\n<meta property=\"og:image\" content=\"https:\/\/www.berlitzbratislava.sk\/wp-content\/uploads\/iStock-938765436-copy-1.jpg\" \/>\n\t<meta property=\"og:image:width\" content=\"1769\" \/>\n\t<meta property=\"og:image:height\" content=\"1179\" \/>\n\t<meta property=\"og:image:type\" content=\"image\/jpeg\" \/>\n<meta name=\"twitter:card\" content=\"summary_large_image\" \/>\n<meta name=\"twitter:label1\" content=\"Est. reading time\" \/>\n\t<meta name=\"twitter:data1\" content=\"2 minutes\" \/>\n<script type=\"application\/ld+json\" class=\"yoast-schema-graph\">{\"@context\":\"https:\\\/\\\/schema.org\",\"@graph\":[{\"@type\":\"WebPage\",\"@id\":\"https:\\\/\\\/www.berlitzbratislava.sk\\\/en\\\/produkt\\\/online-german-language-course-24-7-native-speaker-only-package-of-10-x-30-min\\\/\",\"url\":\"https:\\\/\\\/www.berlitzbratislava.sk\\\/en\\\/produkt\\\/online-german-language-course-24-7-native-speaker-only-package-of-10-x-30-min\\\/\",\"name\":\"Online German Language Course 24\\\/7 with Native Speakers\",\"isPartOf\":{\"@id\":\"https:\\\/\\\/www.berlitzbratislava.sk\\\/en\\\/#website\"},\"datePublished\":\"2023-07-19T10:30:37+00:00\",\"dateModified\":\"2025-03-22T19:45:28+00:00\",\"description\":\"Online German course with a native speaker. Individual approach, fast progress, effective Berlitz method. Native speakers from Austria and Germany.\",\"breadcrumb\":{\"@id\":\"https:\\\/\\\/www.berlitzbratislava.sk\\\/en\\\/produkt\\\/online-german-language-course-24-7-native-speaker-only-package-of-10-x-30-min\\\/#breadcrumb\"},\"inLanguage\":\"en-US\",\"potentialAction\":[{\"@type\":\"ReadAction\",\"target\":[\"https:\\\/\\\/www.berlitzbratislava.sk\\\/en\\\/produkt\\\/online-german-language-course-24-7-native-speaker-only-package-of-10-x-30-min\\\/\"]}]},{\"@type\":\"BreadcrumbList\",\"@id\":\"https:\\\/\\\/www.berlitzbratislava.sk\\\/en\\\/produkt\\\/online-german-language-course-24-7-native-speaker-only-package-of-10-x-30-min\\\/#breadcrumb\",\"itemListElement\":[{\"@type\":\"ListItem\",\"position\":1,\"name\":\"Home\",\"item\":\"https:\\\/\\\/www.berlitzbratislava.sk\\\/en\\\/why-berlitz\\\/\"},{\"@type\":\"ListItem\",\"position\":2,\"name\":\"Courses &amp; Eshop\",\"item\":\"https:\\\/\\\/www.berlitzbratislava.sk\\\/shop\\\/?lang=en\"},{\"@type\":\"ListItem\",\"position\":3,\"name\":\"ONLINE GERMAN LANGUAGE COURSE 24\\\/7 NATIVE SPEAKER only PACKAGE OF 10 x 30 min.\"}]},{\"@type\":\"WebSite\",\"@id\":\"https:\\\/\\\/www.berlitzbratislava.sk\\\/en\\\/#website\",\"url\":\"https:\\\/\\\/www.berlitzbratislava.sk\\\/en\\\/\",\"name\":\"berlitzbratislava.sk\",\"description\":\"Pom\u00f4\u017eeme V\u00e1m z\u00edska\u0165 jazykov\u00e9 sebavedomie, skr\u00e1\u0165te si cestu k nov\u00fdm mo\u017enostiam s Berlitz.\",\"publisher\":{\"@id\":\"https:\\\/\\\/www.berlitzbratislava.sk\\\/en\\\/#organization\"},\"potentialAction\":[{\"@type\":\"SearchAction\",\"target\":{\"@type\":\"EntryPoint\",\"urlTemplate\":\"https:\\\/\\\/www.berlitzbratislava.sk\\\/en\\\/?s={search_term_string}\"},\"query-input\":{\"@type\":\"PropertyValueSpecification\",\"valueRequired\":true,\"valueName\":\"search_term_string\"}}],\"inLanguage\":\"en-US\"},{\"@type\":\"Organization\",\"@id\":\"https:\\\/\\\/www.berlitzbratislava.sk\\\/en\\\/#organization\",\"name\":\"Blue Elephant, s.r.o.\",\"url\":\"https:\\\/\\\/www.berlitzbratislava.sk\\\/en\\\/\",\"logo\":{\"@type\":\"ImageObject\",\"inLanguage\":\"en-US\",\"@id\":\"https:\\\/\\\/www.berlitzbratislava.sk\\\/en\\\/#\\\/schema\\\/logo\\\/image\\\/\",\"url\":\"https:\\\/\\\/www.berlitzbratislava.sk\\\/wp-content\\\/uploads\\\/berlitz-logo_nopill-blue.svg\",\"contentUrl\":\"https:\\\/\\\/www.berlitzbratislava.sk\\\/wp-content\\\/uploads\\\/berlitz-logo_nopill-blue.svg\",\"width\":1,\"height\":1,\"caption\":\"Blue Elephant, s.r.o.\"},\"image\":{\"@id\":\"https:\\\/\\\/www.berlitzbratislava.sk\\\/en\\\/#\\\/schema\\\/logo\\\/image\\\/\"},\"sameAs\":[\"https:\\\/\\\/www.facebook.com\\\/BerlitzBratislava\\\/\",\"https:\\\/\\\/www.instagram.com\\\/berlitzbratislava\\\/\",\"https:\\\/\\\/sk.linkedin.com\\\/in\\\/berlitz-bratislava-603502184\"]}]}<\/script>\n<!-- \/ Yoast SEO plugin. -->","yoast_head_json":{"title":"Online German Language Course 24\/7 with Native Speakers","description":"Online German course with a native speaker. Individual approach, fast progress, effective Berlitz method. Native speakers from Austria and Germany.","robots":{"index":"index","follow":"follow","max-snippet":"max-snippet:-1","max-image-preview":"max-image-preview:large","max-video-preview":"max-video-preview:-1"},"canonical":"https:\/\/www.berlitzbratislava.sk\/en\/produkt\/online-german-language-course-24-7-native-speaker-only-package-of-10-x-30-min\/","og_locale":"en_US","og_type":"article","og_title":"Online German Language Course 24\/7 with Native Speakers","og_description":"Online German course with a native speaker. Individual approach, fast progress, effective Berlitz method. Native speakers from Austria and Germany.","og_url":"https:\/\/www.berlitzbratislava.sk\/en\/produkt\/online-german-language-course-24-7-native-speaker-only-package-of-10-x-30-min\/","og_site_name":"berlitzbratislava.sk","article_publisher":"https:\/\/www.facebook.com\/BerlitzBratislava\/","article_modified_time":"2025-03-22T19:45:28+00:00","og_image":[{"width":1769,"height":1179,"url":"https:\/\/www.berlitzbratislava.sk\/wp-content\/uploads\/iStock-938765436-copy-1.jpg","type":"image\/jpeg"}],"twitter_card":"summary_large_image","twitter_misc":{"Est. reading time":"2 minutes"},"schema":{"@context":"https:\/\/schema.org","@graph":[{"@type":"WebPage","@id":"https:\/\/www.berlitzbratislava.sk\/en\/produkt\/online-german-language-course-24-7-native-speaker-only-package-of-10-x-30-min\/","url":"https:\/\/www.berlitzbratislava.sk\/en\/produkt\/online-german-language-course-24-7-native-speaker-only-package-of-10-x-30-min\/","name":"Online German Language Course 24\/7 with Native Speakers","isPartOf":{"@id":"https:\/\/www.berlitzbratislava.sk\/en\/#website"},"datePublished":"2023-07-19T10:30:37+00:00","dateModified":"2025-03-22T19:45:28+00:00","description":"Online German course with a native speaker. Individual approach, fast progress, effective Berlitz method. Native speakers from Austria and Germany.","breadcrumb":{"@id":"https:\/\/www.berlitzbratislava.sk\/en\/produkt\/online-german-language-course-24-7-native-speaker-only-package-of-10-x-30-min\/#breadcrumb"},"inLanguage":"en-US","potentialAction":[{"@type":"ReadAction","target":["https:\/\/www.berlitzbratislava.sk\/en\/produkt\/online-german-language-course-24-7-native-speaker-only-package-of-10-x-30-min\/"]}]},{"@type":"BreadcrumbList","@id":"https:\/\/www.berlitzbratislava.sk\/en\/produkt\/online-german-language-course-24-7-native-speaker-only-package-of-10-x-30-min\/#breadcrumb","itemListElement":[{"@type":"ListItem","position":1,"name":"Home","item":"https:\/\/www.berlitzbratislava.sk\/en\/why-berlitz\/"},{"@type":"ListItem","position":2,"name":"Courses &amp; Eshop","item":"https:\/\/www.berlitzbratislava.sk\/shop\/?lang=en"},{"@type":"ListItem","position":3,"name":"ONLINE GERMAN LANGUAGE COURSE 24\/7 NATIVE SPEAKER only PACKAGE OF 10 x 30 min."}]},{"@type":"WebSite","@id":"https:\/\/www.berlitzbratislava.sk\/en\/#website","url":"https:\/\/www.berlitzbratislava.sk\/en\/","name":"berlitzbratislava.sk","description":"Pom\u00f4\u017eeme V\u00e1m z\u00edska\u0165 jazykov\u00e9 sebavedomie, skr\u00e1\u0165te si cestu k nov\u00fdm mo\u017enostiam s Berlitz.","publisher":{"@id":"https:\/\/www.berlitzbratislava.sk\/en\/#organization"},"potentialAction":[{"@type":"SearchAction","target":{"@type":"EntryPoint","urlTemplate":"https:\/\/www.berlitzbratislava.sk\/en\/?s={search_term_string}"},"query-input":{"@type":"PropertyValueSpecification","valueRequired":true,"valueName":"search_term_string"}}],"inLanguage":"en-US"},{"@type":"Organization","@id":"https:\/\/www.berlitzbratislava.sk\/en\/#organization","name":"Blue Elephant, s.r.o.","url":"https:\/\/www.berlitzbratislava.sk\/en\/","logo":{"@type":"ImageObject","inLanguage":"en-US","@id":"https:\/\/www.berlitzbratislava.sk\/en\/#\/schema\/logo\/image\/","url":"https:\/\/www.berlitzbratislava.sk\/wp-content\/uploads\/berlitz-logo_nopill-blue.svg","contentUrl":"https:\/\/www.berlitzbratislava.sk\/wp-content\/uploads\/berlitz-logo_nopill-blue.svg","width":1,"height":1,"caption":"Blue Elephant, s.r.o."},"image":{"@id":"https:\/\/www.berlitzbratislava.sk\/en\/#\/schema\/logo\/image\/"},"sameAs":["https:\/\/www.facebook.com\/BerlitzBratislava\/","https:\/\/www.instagram.com\/berlitzbratislava\/","https:\/\/sk.linkedin.com\/in\/berlitz-bratislava-603502184"]}]}},"_links":{"self":[{"href":"https:\/\/www.berlitzbratislava.sk\/en\/wp-json\/wp\/v2\/product\/11992","targetHints":{"allow":["GET"]}}],"collection":[{"href":"https:\/\/www.berlitzbratislava.sk\/en\/wp-json\/wp\/v2\/product"}],"about":[{"href":"https:\/\/www.berlitzbratislava.sk\/en\/wp-json\/wp\/v2\/types\/product"}],"replies":[{"embeddable":true,"href":"https:\/\/www.berlitzbratislava.sk\/en\/wp-json\/wp\/v2\/comments?post=11992"}],"wp:attachment":[{"href":"https:\/\/www.berlitzbratislava.sk\/en\/wp-json\/wp\/v2\/media?parent=11992"}],"wp:term":[{"taxonomy":"product_brand","embeddable":true,"href":"https:\/\/www.berlitzbratislava.sk\/en\/wp-json\/wp\/v2\/product_brand?post=11992"},{"taxonomy":"product_cat","embeddable":true,"href":"https:\/\/www.berlitzbratislava.sk\/en\/wp-json\/wp\/v2\/product_cat?post=11992"},{"taxonomy":"product_tag","embeddable":true,"href":"https:\/\/www.berlitzbratislava.sk\/en\/wp-json\/wp\/v2\/product_tag?post=11992"}],"curies":[{"name":"wp","href":"https:\/\/api.w.org\/{rel}","templated":true}]}}